{"id":447789,"date":"2025-02-25T21:53:30","date_gmt":"2025-02-25T20:53:30","guid":{"rendered":"https:\/\/www.pricetornado.com\/da\/produkt\/philips-hue-white-ambiance-filament-edison-st72-e27\/"},"modified":"2026-04-20T04:20:19","modified_gmt":"2026-04-20T02:20:19","slug":"philips-hue-white-ambiance-filament-edison-st72-e27","status":"publish","type":"product","link":"https:\/\/www.pricetornado.com\/da\/produkt\/philips-hue-white-ambiance-filament-edison-st72-e27\/","title":{"rendered":"Philips Hue White Ambiance Filament Edison ST72 E27"},"content":{"rendered":"<p>K\u00f8b billig Philips Hue White Ambiance Filament Edison ST72 E27!<br \/>\nOplev stemningsfuld og intelligent belysning med Philips Hue White Ambiance Filament Edison ST72 E27. Denne LED-p\u00e6re kombinerer klassisk vintage-look med moderne teknologi takket v\u00e6re det snoede indvendige filament og en varm amber-coating, der leverer et elegant udtryk i hjemmet. P\u00e6ren er konstrueret med varmebestandige materialer og er skabt til drift fra -20\u00b0C til 45\u00b0C.Tilpas lyset pr\u00e6cist efter behov og stemning \u2013 fra varmt til k\u00f8ligt hvidt lys (2200K til 4500K). P\u00e6ren t\u00e6ndes \u00f8jeblikkeligt med 100% lysstyrke og kan nemt d\u00e6mpes trinl\u00f8st ned til et lavt natlys-niveau, perfekt b\u00e5de til hyggestunder og arbejdsbelysning. Den underst\u00f8tter op til 50.000 t\u00e6nd\/sluk-cyklusser og har en forventet levetid p\u00e5 15.000 timer.Styr belysningen direkte via Hue appen, stemmeassistenter som Alexa, Google Assistant eller Apple HomeKit, eller brug kompatibelt intelligent tilbeh\u00f8r. G\u00f8r hverdagen nemmere med funktioner som t\u00e6nd\/sluk, d\u00e6mpning, indstilling af rutiner og timere samt mulighed for avancerede funktioner som geofencing ved tilslutning til Hue Bridge.Med kun 7W str\u00f8mforbrug (erstatter en 40W gl\u00f8dep\u00e6re) er denne LED-p\u00e6re s\u00e6rdeles energieffektiv. P\u00e6ren har et lavt standbyforbrug p\u00e5 maks. 0,5W og fungerer optimalt ved fugt mellem 5\u201395% (ikke-kondenserende). IP20-klassificeringen sikrer, at den er egnet til indend\u00f8rs brug. \u00d8jeblikkelig t\u00e6nding uden ventetid og indbyggede varmebestandige komponenter bidrager til sikker og p\u00e5lidelig drift.P\u00e6ren passer til de fleste lamper og armaturer takket v\u00e6re den almindelige E27-fatning. Dens klassiske Edison-form og vintage-udstr\u00e5ling tilf\u00f8rer enhver indretning et sofistikeret pr\u00e6g, samtidig med at du f\u00e5r adgang til hele suiten af intelligente Philips Hue belysningsfunktioner.Opgrader din belysning i hjemmet med en LED-p\u00e6re, der forener tidl\u00f8st design og intelligent styring. Se flere l\u00f8sninger i vores .<\/p>\n<p>Sammenlign priser p\u00e5 Philips Hue White Ambiance Filament Edison ST72 E27 og k\u00f8b online til den billigste pris, samt p\u00e5 tilbud!\u00a0\u00a0Tjek den bedste pris, produkt beskrivelse, video, test, anmeldelser osv.<\/p>\n<p><strong>Brand: <\/strong>Philips Hue<br \/>\n<strong>EAN: <\/strong>8719514301504<br \/>\n<strong>Producentens varenr.:<\/strong> 8719514301504<\/p>\n<p><strong>P.S.<\/strong><br \/>\nTilmeld dig til &#8220;Opret Gratis Prisfald Alarm&#8221;, og bliv underrettet med det samme om prisfald p\u00e5 Philips Hue White Ambiance Filament Edison ST72 E27, og f\u00e5 den billigste pris!<\/p>\n<p>&nbsp;<\/p>\n<p>&nbsp;<\/p>\n","protected":false},"excerpt":{"rendered":"<p>K\u00f8b billig Philips Hue White Ambiance Filament Edison ST72 E27! Oplev stemningsfuld og intelligent belysning med Philips Hue White Ambiance Filament Edison ST72 E27. Denne LED-p\u00e6re kombinerer klassisk vintage-look med moderne teknologi takket v\u00e6re det snoede indvendige filament og en varm amber-coating, der leverer et elegant udtryk i hjemmet. P\u00e6ren er konstrueret med varmebestandige materialer [&hellip;]<\/p>\n","protected":false},"featured_media":999980000004477890,"template":"","meta":[],"store":[1272516],"product_brand":[1272523],"product_cat":[1272407],"product_tag":[1272697,1272767],"class_list":{"0":"post-447789","1":"product","2":"type-product","3":"status-publish","4":"has-post-thumbnail","6":"store-butik24","7":"product_brand-philips-hue","8":"product_cat-belysning-2","9":"product_tag-belysning","10":"product_tag-philips-hue","11":"pa_maerke-philips-hue","13":"first","14":"instock","15":"product-type-external"},"_links":{"self":[{"href":"https:\/\/www.pricetornado.com\/da\/wp-json\/wp\/v2\/product\/447789","targetHints":{"allow":["GET"]}}],"collection":[{"href":"https:\/\/www.pricetornado.com\/da\/wp-json\/wp\/v2\/product"}],"about":[{"href":"https:\/\/www.pricetornado.com\/da\/wp-json\/wp\/v2\/types\/product"}],"wp:featuredmedia":[{"embeddable":true,"href":"https:\/\/www.pricetornado.com\/da\/wp-json\/"}],"wp:attachment":[{"href":"https:\/\/www.pricetornado.com\/da\/wp-json\/wp\/v2\/media?parent=447789"}],"wp:term":[{"taxonomy":"store","embeddable":true,"href":"https:\/\/www.pricetornado.com\/da\/wp-json\/wp\/v2\/store?post=447789"},{"taxonomy":"product_brand","embeddable":true,"href":"https:\/\/www.pricetornado.com\/da\/wp-json\/wp\/v2\/product_brand?post=447789"},{"taxonomy":"product_cat","embeddable":true,"href":"https:\/\/www.pricetornado.com\/da\/wp-json\/wp\/v2\/product_cat?post=447789"},{"taxonomy":"product_tag","embeddable":true,"href":"https:\/\/www.pricetornado.com\/da\/wp-json\/wp\/v2\/product_tag?post=447789"}],"curies":[{"name":"wp","href":"https:\/\/api.w.org\/{rel}","templated":true}]}}