{"id":447786,"date":"2025-02-25T09:42:52","date_gmt":"2025-02-25T08:42:52","guid":{"rendered":"https:\/\/www.pricetornado.com\/da\/produkt\/alecto-fraek-ko-led-nat-lys-ko-blaa-naughty-cow\/"},"modified":"2026-04-17T05:59:51","modified_gmt":"2026-04-17T03:59:51","slug":"alecto-fraek-ko-led-nat-lys-ko-blaa-naughty-cow","status":"publish","type":"product","link":"https:\/\/www.pricetornado.com\/da\/produkt\/alecto-fraek-ko-led-nat-lys-ko-blaa-naughty-cow\/","title":{"rendered":"Alecto &#8211; FR\u00c6K KO LED nat lys ko bl\u00e5 &#8211; NAUGHTY COW"},"content":{"rendered":"<p>K\u00f8b billig Alecto &#8211; FR\u00c6K KO LED nat lys ko bl\u00e5 &#8211; NAUGHTY COW!<br \/>\nB\u00f8rn har en livlig fantasi, og deres verden er fuld af prinsesser, drager, monstre og helte. Om aftenen kan fantasien dog g\u00f8re det sv\u00e6rt at finde ro til at sove. Med et trygt LED natlys i form af en s\u00f8d ko fra Alecto f\u00e5r dit barn den ekstra sikkerhed og komfort, der giver en god nats s\u00f8vn. Det bl\u00f8de lys hj\u00e6lper med at berolige barnet og jage eventuelle fantasimonstre v\u00e6k.Dette natlys er s\u00e6rligt holdbart, s\u00e5 det kan klare dagligdagens leg, l\u00f8b og eventyr uden problemer. N\u00e5r aftenen kommer, er barnet hurtigt klar til dr\u00f8mmeland \u2013 og det bl\u00f8de LED-lys kan nemt slukkes igen, s\u00e5 det ikke forbliver t\u00e6ndt l\u00e6ngere end n\u00f8dvendigt. Natlysets batteridrevne design g\u00f8r det nemt at placere hvor som helst uden ledningsrod.Natlyset fungerer p\u00e5 tre standard AA LR6 batterier, som kan k\u00f8bes i de fleste butikker. Det g\u00f8r natlampen b\u00e5de praktisk og fleksibel at bruge, uanset hvor i hjemmet den skal st\u00e5. Alecto Baby tilbyder her et gennemt\u00e6nkt og brugervenligt produkt, der passer ind i b\u00f8rnefamiliernes hverdag.. Skabt til at g\u00f8re sengetid hyggelig, afslappet og sikker.<\/p>\n<p>Sammenlign priser p\u00e5 Alecto &#8211; FR\u00c6K KO LED nat lys ko bl\u00e5 &#8211; NAUGHTY COW og k\u00f8b online til den billigste pris, samt p\u00e5 tilbud!\u00a0\u00a0Tjek den bedste pris, produkt beskrivelse, video, test, anmeldelser osv.<\/p>\n<p><strong>Brand: <\/strong>Alecto<br \/>\n<strong>EAN: <\/strong>8712412572076<br \/>\n<strong>Producentens varenr.:<\/strong> 8712412572076<\/p>\n<p><strong>P.S.<\/strong><br \/>\nTilmeld dig til &#8220;Opret Gratis Prisfald Alarm&#8221;, og bliv underrettet med det samme om prisfald p\u00e5 Alecto &#8211; FR\u00c6K KO LED nat lys ko bl\u00e5 &#8211; NAUGHTY COW, og f\u00e5 den billigste pris!<\/p>\n<p>&nbsp;<\/p>\n<p>&nbsp;<\/p>\n","protected":false},"excerpt":{"rendered":"<p>K\u00f8b billig Alecto &#8211; FR\u00c6K KO LED nat lys ko bl\u00e5 &#8211; NAUGHTY COW! B\u00f8rn har en livlig fantasi, og deres verden er fuld af prinsesser, drager, monstre og helte. Om aftenen kan fantasien dog g\u00f8re det sv\u00e6rt at finde ro til at sove. Med et trygt LED natlys i form af en s\u00f8d ko [&hellip;]<\/p>\n","protected":false},"featured_media":999980000004477860,"template":"","meta":[],"store":[1272516],"product_brand":[1272518],"product_cat":[1272510],"product_tag":[1275186,1272728],"class_list":{"0":"post-447786","1":"product","2":"type-product","3":"status-publish","4":"has-post-thumbnail","6":"store-butik24","7":"product_brand-alecto","8":"product_cat-babypleje","9":"product_tag-alecto","10":"product_tag-babypleje","11":"pa_maerke-alecto","13":"first","14":"instock","15":"product-type-external"},"_links":{"self":[{"href":"https:\/\/www.pricetornado.com\/da\/wp-json\/wp\/v2\/product\/447786","targetHints":{"allow":["GET"]}}],"collection":[{"href":"https:\/\/www.pricetornado.com\/da\/wp-json\/wp\/v2\/product"}],"about":[{"href":"https:\/\/www.pricetornado.com\/da\/wp-json\/wp\/v2\/types\/product"}],"wp:featuredmedia":[{"embeddable":true,"href":"https:\/\/www.pricetornado.com\/da\/wp-json\/"}],"wp:attachment":[{"href":"https:\/\/www.pricetornado.com\/da\/wp-json\/wp\/v2\/media?parent=447786"}],"wp:term":[{"taxonomy":"store","embeddable":true,"href":"https:\/\/www.pricetornado.com\/da\/wp-json\/wp\/v2\/store?post=447786"},{"taxonomy":"product_brand","embeddable":true,"href":"https:\/\/www.pricetornado.com\/da\/wp-json\/wp\/v2\/product_brand?post=447786"},{"taxonomy":"product_cat","embeddable":true,"href":"https:\/\/www.pricetornado.com\/da\/wp-json\/wp\/v2\/product_cat?post=447786"},{"taxonomy":"product_tag","embeddable":true,"href":"https:\/\/www.pricetornado.com\/da\/wp-json\/wp\/v2\/product_tag?post=447786"}],"curies":[{"name":"wp","href":"https:\/\/api.w.org\/{rel}","templated":true}]}}