{"id":447784,"date":"2025-02-20T13:07:03","date_gmt":"2025-02-20T12:07:03","guid":{"rendered":"https:\/\/www.pricetornado.com\/da\/produkt\/alecto-smart-cam10-smart-wi-fi-kamera-ip-kamera-egnet-til-hjemmeautomatisering-smart-cam10\/"},"modified":"2026-04-17T08:59:52","modified_gmt":"2026-04-17T06:59:52","slug":"alecto-smart-cam10-smart-wi-fi-kamera-ip-kamera-egnet-til-hjemmeautomatisering-smart-cam10","status":"publish","type":"product","link":"https:\/\/www.pricetornado.com\/da\/produkt\/alecto-smart-cam10-smart-wi-fi-kamera-ip-kamera-egnet-til-hjemmeautomatisering-smart-cam10\/","title":{"rendered":"Alecto &#8211; SMART-CAM10 Smart Wi-Fi-kamera IP-kamera egnet til hjemmeautomatisering &#8211; SMART-CAM10"},"content":{"rendered":"<p>K\u00f8b billig Alecto &#8211; SMART-CAM10 Smart Wi-Fi-kamera IP-kamera egnet til hjemmeautomatisering &#8211; SMART-CAM10!<br \/>\nAlecto SMART-CAM10 er et p\u00e5lideligt og praktisk Wi-Fi-kamera, der giver dig mulighed for effektiv overv\u00e5gning af dit hjem. Kameraet er fremstillet i let og holdbar plastik, hvilket g\u00f8r det nemt at placere forskellige steder indend\u00f8rs. Takket v\u00e6re den tr\u00e5dl\u00f8se Wi-Fi-forbindelse kr\u00e6ves ingen ekstra gateway eller bro, s\u00e5 du f\u00e5r enkel ops\u00e6tning og fleksibilitet til fjernoverv\u00e5gning via din smartphone eller tablet \u2013 b\u00e5de Android og iOS. SMART-CAM10 er ideel, hvis du ofte er v\u00e6k hjemmefra, enten p\u00e5 arbejde eller ferie. Kameraet s\u00f8rger for, at du altid kan f\u00f8lge med i, hvad der sker i hjemmet, og du f\u00e5r \u00f8jeblikkelig besked ved bev\u00e6gelse. Med den manuelle justering kan du tilpasse kameraets position, og talk-back-funktionen g\u00f8r det nemt at kommunikere med dem, der er hjemme. Alle optagelser gemmes sikkert p\u00e5 micro SD-kortet og kan nemt afspilles igen i din foretrukne billedst\u00f8rrelse. Dette giver h\u00f8j grad af fleksibilitet og g\u00f8r det muligt at gemme og tilg\u00e5 optagelser, n\u00e5r det passer dig. for mere tilbeh\u00f8r til hjemmet.<\/p>\n<p>Sammenlign priser p\u00e5 Alecto &#8211; SMART-CAM10 Smart Wi-Fi-kamera IP-kamera egnet til hjemmeautomatisering &#8211; SMART-CAM10 og k\u00f8b online til den billigste pris, samt p\u00e5 tilbud!\u00a0\u00a0Tjek den bedste pris, produkt beskrivelse, video, test, anmeldelser osv.<\/p>\n<p><strong>Brand: <\/strong>Alecto<br \/>\n<strong>EAN: <\/strong>8712412583584<br \/>\n<strong>Producentens varenr.:<\/strong> 8712412583584<\/p>\n<p><strong>P.S.<\/strong><br \/>\nTilmeld dig til &#8220;Opret Gratis Prisfald Alarm&#8221;, og bliv underrettet med det samme om prisfald p\u00e5 Alecto &#8211; SMART-CAM10 Smart Wi-Fi-kamera IP-kamera egnet til hjemmeautomatisering &#8211; SMART-CAM10, og f\u00e5 den billigste pris!<\/p>\n<p>&nbsp;<\/p>\n<p>&nbsp;<\/p>\n","protected":false},"excerpt":{"rendered":"<p>K\u00f8b billig Alecto &#8211; SMART-CAM10 Smart Wi-Fi-kamera IP-kamera egnet til hjemmeautomatisering &#8211; SMART-CAM10! Alecto SMART-CAM10 er et p\u00e5lideligt og praktisk Wi-Fi-kamera, der giver dig mulighed for effektiv overv\u00e5gning af dit hjem. Kameraet er fremstillet i let og holdbar plastik, hvilket g\u00f8r det nemt at placere forskellige steder indend\u00f8rs. Takket v\u00e6re den tr\u00e5dl\u00f8se Wi-Fi-forbindelse kr\u00e6ves ingen [&hellip;]<\/p>\n","protected":false},"featured_media":999980000004477840,"template":"","meta":[],"store":[1272516],"product_brand":[1272518],"product_cat":[1272487],"product_tag":[1275186,1272762],"class_list":{"0":"post-447784","1":"product","2":"type-product","3":"status-publish","4":"has-post-thumbnail","6":"store-butik24","7":"product_brand-alecto","8":"product_cat-kameraer","9":"product_tag-alecto","10":"product_tag-kameraer","11":"pa_maerke-alecto","13":"first","14":"instock","15":"product-type-external"},"_links":{"self":[{"href":"https:\/\/www.pricetornado.com\/da\/wp-json\/wp\/v2\/product\/447784","targetHints":{"allow":["GET"]}}],"collection":[{"href":"https:\/\/www.pricetornado.com\/da\/wp-json\/wp\/v2\/product"}],"about":[{"href":"https:\/\/www.pricetornado.com\/da\/wp-json\/wp\/v2\/types\/product"}],"wp:featuredmedia":[{"embeddable":true,"href":"https:\/\/www.pricetornado.com\/da\/wp-json\/"}],"wp:attachment":[{"href":"https:\/\/www.pricetornado.com\/da\/wp-json\/wp\/v2\/media?parent=447784"}],"wp:term":[{"taxonomy":"store","embeddable":true,"href":"https:\/\/www.pricetornado.com\/da\/wp-json\/wp\/v2\/store?post=447784"},{"taxonomy":"product_brand","embeddable":true,"href":"https:\/\/www.pricetornado.com\/da\/wp-json\/wp\/v2\/product_brand?post=447784"},{"taxonomy":"product_cat","embeddable":true,"href":"https:\/\/www.pricetornado.com\/da\/wp-json\/wp\/v2\/product_cat?post=447784"},{"taxonomy":"product_tag","embeddable":true,"href":"https:\/\/www.pricetornado.com\/da\/wp-json\/wp\/v2\/product_tag?post=447784"}],"curies":[{"name":"wp","href":"https:\/\/api.w.org\/{rel}","templated":true}]}}