{"id":447778,"date":"2025-02-25T19:48:27","date_gmt":"2025-02-25T18:48:27","guid":{"rendered":"https:\/\/www.pricetornado.com\/da\/produkt\/nedis-bluetooth-transmitter-tilslutninger-indgang-1x-aux-1x-usb-sbc-op-til-1-enhed-sort-bttr050bk\/"},"modified":"2026-03-25T02:04:29","modified_gmt":"2026-03-25T01:04:29","slug":"nedis-bluetooth-transmitter-tilslutninger-indgang-1x-aux-1x-usb-sbc-op-til-1-enhed-sort-bttr050bk","status":"publish","type":"product","link":"https:\/\/www.pricetornado.com\/da\/produkt\/nedis-bluetooth-transmitter-tilslutninger-indgang-1x-aux-1x-usb-sbc-op-til-1-enhed-sort-bttr050bk\/","title":{"rendered":"Nedis &#8211; Bluetooth\u00ae Transmitter | Tilslutninger indgang: 1x AUX \/ 1x USB | SBC | Op til 1 enhed | Sort &#8211; BTTR050BK"},"content":{"rendered":"<p>K\u00f8b billig Nedis &#8211; Bluetooth\u00ae Transmitter | Tilslutninger indgang: 1x AUX \/ 1x USB | SBC | Op til 1 enhed | Sort &#8211; BTTR050BK!<br \/>\nMed denne kompakte og lette Nedis Bluetooth\u00ae-sender kan du nemt overf\u00f8re lyd tr\u00e5dl\u00f8st fra dit tv, musikafspiller eller andre kabelforbundne lydkilder til dine Bluetooth\u00ae-hovedtelefoner eller -h\u00f8jttalere. Senderen underst\u00f8tter SBC-codec, hvilket sikrer stabil og p\u00e5lidelig tr\u00e5dl\u00f8s dataoverf\u00f8rsel.Enheden er udstyret med b\u00e5de en 3,5 mm AUX-indgang og en USB-port, hvilket giver dig flere muligheder for at tilslutte forskellige lydkilder. Transmitteren leveres med et 1 meter langt stereo lydkabel, s\u00e5 du kan komme i gang med det samme.Bluetooth\u00ae 5.0-teknologi sikrer en stabil forbindelse med op til 10 meters r\u00e6kkevidde. Senderen kan parres med \u00e9n Bluetooth\u00ae-enhed ad gangen, hvilket g\u00f8r den velegnet til personlig lydstreaming.Transmitteren m\u00e5ler kun 59,2 x 30 x 13,5 mm og vejer 30 gram. Det robuste ABS-plastkabinet giver b\u00e5de lav v\u00e6gt og god holdbarhed til daglig brug. Str\u00f8mforsynes via USB (5V DC, 0,5A), s\u00e5 du slipper for batteriskift og kan anvende enheden kontinuerligt, n\u00e5r den er tilsluttet en str\u00f8mkilde.En integreret LED-indikator viser str\u00f8m- og forbindelsesstatus, hvilket g\u00f8r ops\u00e6tningen enkel og overskuelig.Bluetooth\u00ae-senderen er beregnet til indend\u00f8rs brug og personlig, ikke-professionel lydstreaming. Den giver dig en nem m\u00e5de at g\u00f8re dine eksisterende lydkilder tr\u00e5dl\u00f8se uden besv\u00e6rlig ops\u00e6tning.Bluetooth\u00ae 5.0 med op til 10 meters r\u00e6kkeviddeOpgrader din lydoplevelse og g\u00f8r dine lydkilder tr\u00e5dl\u00f8se med denne p\u00e5lidelige Nedis Bluetooth\u00ae-sender \u2013 hurtigt, nemt og effektivt.<\/p>\n<p>Sammenlign priser p\u00e5 Nedis &#8211; Bluetooth\u00ae Transmitter | Tilslutninger indgang: 1x AUX \/ 1x USB | SBC | Op til 1 enhed | Sort &#8211; BTTR050BK og k\u00f8b online til den billigste pris, samt p\u00e5 tilbud!\u00a0\u00a0Tjek den bedste pris, produkt beskrivelse, video, test, anmeldelser osv.<\/p>\n<p><strong>Brand: <\/strong>Nedis<br \/>\n<strong>EAN: <\/strong>5412810331512<br \/>\n<strong>Producentens varenr.:<\/strong> 5412810331512<\/p>\n<p><strong>P.S.<\/strong><br \/>\nTilmeld dig til &#8220;Opret Gratis Prisfald Alarm&#8221;, og bliv underrettet med det samme om prisfald p\u00e5 Nedis &#8211; Bluetooth\u00ae Transmitter | Tilslutninger indgang: 1x AUX \/ 1x USB | SBC | Op til 1 enhed | Sort &#8211; BTTR050BK, og f\u00e5 den billigste pris!<\/p>\n<p>&nbsp;<\/p>\n<p>&nbsp;<\/p>\n","protected":false},"excerpt":{"rendered":"<p>K\u00f8b billig Nedis &#8211; Bluetooth\u00ae Transmitter | Tilslutninger indgang: 1x AUX \/ 1x USB | SBC | Op til 1 enhed | Sort &#8211; BTTR050BK! Med denne kompakte og lette Nedis Bluetooth\u00ae-sender kan du nemt overf\u00f8re lyd tr\u00e5dl\u00f8st fra dit tv, musikafspiller eller andre kabelforbundne lydkilder til dine Bluetooth\u00ae-hovedtelefoner eller -h\u00f8jttalere. Senderen underst\u00f8tter SBC-codec, hvilket [&hellip;]<\/p>\n","protected":false},"featured_media":0,"template":"","meta":[],"store":[1272516],"product_brand":[1272517],"product_cat":[1272439],"product_tag":[1275178,1272694],"class_list":{"0":"post-447778","1":"product","2":"type-product","3":"status-publish","5":"store-butik24","6":"product_brand-nedis","7":"product_cat-radio-2","8":"product_tag-nedis","9":"product_tag-radio","10":"pa_maerke-nedis","12":"first","13":"instock","14":"product-type-external"},"_links":{"self":[{"href":"https:\/\/www.pricetornado.com\/da\/wp-json\/wp\/v2\/product\/447778","targetHints":{"allow":["GET"]}}],"collection":[{"href":"https:\/\/www.pricetornado.com\/da\/wp-json\/wp\/v2\/product"}],"about":[{"href":"https:\/\/www.pricetornado.com\/da\/wp-json\/wp\/v2\/types\/product"}],"wp:attachment":[{"href":"https:\/\/www.pricetornado.com\/da\/wp-json\/wp\/v2\/media?parent=447778"}],"wp:term":[{"taxonomy":"store","embeddable":true,"href":"https:\/\/www.pricetornado.com\/da\/wp-json\/wp\/v2\/store?post=447778"},{"taxonomy":"product_brand","embeddable":true,"href":"https:\/\/www.pricetornado.com\/da\/wp-json\/wp\/v2\/product_brand?post=447778"},{"taxonomy":"product_cat","embeddable":true,"href":"https:\/\/www.pricetornado.com\/da\/wp-json\/wp\/v2\/product_cat?post=447778"},{"taxonomy":"product_tag","embeddable":true,"href":"https:\/\/www.pricetornado.com\/da\/wp-json\/wp\/v2\/product_tag?post=447778"}],"curies":[{"name":"wp","href":"https:\/\/api.w.org\/{rel}","templated":true}]}}