{"id":447775,"date":"2025-02-25T03:43:53","date_gmt":"2025-02-25T02:43:53","guid":{"rendered":"https:\/\/www.pricetornado.com\/da\/produkt\/nedis-tvsm7060bk-tv-gulv-stand-50-65-maksimal-vaegt-35-kg-scandinavian-design-kan-drejes-skrid-rem-snap-lock-aluminium-staal-sort\/"},"modified":"2026-04-18T06:00:21","modified_gmt":"2026-04-18T04:00:21","slug":"nedis-tvsm7060bk-tv-gulv-stand-50-65-maksimal-vaegt-35-kg-scandinavian-design-kan-drejes-skrid-rem-snap-lock-aluminium-staal-sort","status":"publish","type":"product","link":"https:\/\/www.pricetornado.com\/da\/produkt\/nedis-tvsm7060bk-tv-gulv-stand-50-65-maksimal-vaegt-35-kg-scandinavian-design-kan-drejes-skrid-rem-snap-lock-aluminium-staal-sort\/","title":{"rendered":"Nedis TVSM7060BK TV Gulv Stand 50 &#8211; 65 &quot; | Maksimal v\u00e6gt: 35 kg | Scandinavian Design | Kan drejes | skrid rem | Snap-lock | Aluminium\/St\u00e5l &#8211; Sort"},"content":{"rendered":"<p>K\u00f8b billig Nedis TVSM7060BK TV Gulv Stand 50 &#8211; 65 &quot; | Maksimal v\u00e6gt: 35 kg | Scandinavian Design | Kan drejes | skrid rem | Snap-lock | Aluminium\/St\u00e5l &#8211; Sort!<br \/>\nOpgrader dit tv-omr\u00e5de med dette elegante tv-gulvstativ fra Nedis, der kombinerer et karakteristisk skandinavisk tripod-design med en varm tr\u00e6finish. Stativet er fremstillet i letv\u00e6gtsaluminium og robust st\u00e5l, hvilket giver b\u00e5de holdbarhed og stabilitet til store tv-sk\u00e6rme fra 50&quot; til 65&quot; og underst\u00f8tter op til 35 kg.Det V-formede, tredelte stativ sikrer en h\u00f8j grad af balance og stabilitet, og formen anses for at v\u00e6re blandt de mest sikre for tv-stativer. Tre skridsikre gummipuder beskytter tr\u00e6- og flisegulve mod ridser og forhindrer, at stativet skrider. En anti-tip sikkerhedsstrop forhindrer, at tv\u2019et v\u00e6lter, s\u00e5 b\u00e5de b\u00f8rn, gulve og sk\u00e6rmen er beskyttet.Det 140\u00b0 drejelige hoved giver dig mulighed for nemt at justere tv\u2019et, s\u00e5 du altid f\u00e5r den bedste betragtningsvinkel, uanset hvor i rummet du befinder dig.Indbygget kabelstyring hj\u00e6lper med at holde kabler organiserede og skjulte, s\u00e5 dit setup altid fremst\u00e5r p\u00e6nt og ryddeligt uden kabelrod.Stativet leveres i dele og samles manuelt. Snap-lock\/klikl\u00e5s-systemet og den medf\u00f8lgende vejledning g\u00f8r det hurtigt og nemt at samle stativet \u2013 det tager kun 10-15 minutter at f\u00e5 det klar til brug uden brug af v\u00e6rkt\u00f8j.Giv dit tv et sofistikeret og moderne udtryk med dette Nedis tv-gulvstativ, hvor skandinavisk design m\u00f8der funktionalitet \u2013 perfekt til ethvert hjem.<\/p>\n<p>Sammenlign priser p\u00e5 Nedis TVSM7060BK TV Gulv Stand 50 &#8211; 65 &quot; | Maksimal v\u00e6gt: 35 kg | Scandinavian Design | Kan drejes | skrid rem | Snap-lock | Aluminium\/St\u00e5l &#8211; Sort og k\u00f8b online til den billigste pris, samt p\u00e5 tilbud!\u00a0\u00a0Tjek den bedste pris, produkt beskrivelse, video, test, anmeldelser osv.<\/p>\n<p><strong>Brand: <\/strong>Nedis<br \/>\n<strong>EAN: <\/strong>5412810328888<br \/>\n<strong>Producentens varenr.:<\/strong> 5412810328888<\/p>\n<p><strong>P.S.<\/strong><br \/>\nTilmeld dig til &#8220;Opret Gratis Prisfald Alarm&#8221;, og bliv underrettet med det samme om prisfald p\u00e5 Nedis TVSM7060BK TV Gulv Stand 50 &#8211; 65 &quot; | Maksimal v\u00e6gt: 35 kg | Scandinavian Design | Kan drejes | skrid rem | Snap-lock | Aluminium\/St\u00e5l &#8211; Sort, og f\u00e5 den billigste pris!<\/p>\n<p>&nbsp;<\/p>\n<p>&nbsp;<\/p>\n","protected":false},"excerpt":{"rendered":"<p>K\u00f8b billig Nedis TVSM7060BK TV Gulv Stand 50 &#8211; 65 &quot; | Maksimal v\u00e6gt: 35 kg | Scandinavian Design | Kan drejes | skrid rem | Snap-lock | Aluminium\/St\u00e5l &#8211; Sort! Opgrader dit tv-omr\u00e5de med dette elegante tv-gulvstativ fra Nedis, der kombinerer et karakteristisk skandinavisk tripod-design med en varm tr\u00e6finish. Stativet er fremstillet i letv\u00e6gtsaluminium [&hellip;]<\/p>\n","protected":false},"featured_media":999980000004477750,"template":"","meta":[],"store":[1272516],"product_brand":[1272517],"product_cat":[1272432],"product_tag":[1275178,1272789],"class_list":{"0":"post-447775","1":"product","2":"type-product","3":"status-publish","4":"has-post-thumbnail","6":"store-butik24","7":"product_brand-nedis","8":"product_cat-tv-tilbehoer","9":"product_tag-nedis","10":"product_tag-tv-tilbehoer","11":"pa_maerke-nedis","13":"first","14":"instock","15":"product-type-external"},"_links":{"self":[{"href":"https:\/\/www.pricetornado.com\/da\/wp-json\/wp\/v2\/product\/447775","targetHints":{"allow":["GET"]}}],"collection":[{"href":"https:\/\/www.pricetornado.com\/da\/wp-json\/wp\/v2\/product"}],"about":[{"href":"https:\/\/www.pricetornado.com\/da\/wp-json\/wp\/v2\/types\/product"}],"wp:featuredmedia":[{"embeddable":true,"href":"https:\/\/www.pricetornado.com\/da\/wp-json\/"}],"wp:attachment":[{"href":"https:\/\/www.pricetornado.com\/da\/wp-json\/wp\/v2\/media?parent=447775"}],"wp:term":[{"taxonomy":"store","embeddable":true,"href":"https:\/\/www.pricetornado.com\/da\/wp-json\/wp\/v2\/store?post=447775"},{"taxonomy":"product_brand","embeddable":true,"href":"https:\/\/www.pricetornado.com\/da\/wp-json\/wp\/v2\/product_brand?post=447775"},{"taxonomy":"product_cat","embeddable":true,"href":"https:\/\/www.pricetornado.com\/da\/wp-json\/wp\/v2\/product_cat?post=447775"},{"taxonomy":"product_tag","embeddable":true,"href":"https:\/\/www.pricetornado.com\/da\/wp-json\/wp\/v2\/product_tag?post=447775"}],"curies":[{"name":"wp","href":"https:\/\/api.w.org\/{rel}","templated":true}]}}