{"id":447772,"date":"2025-02-23T06:15:53","date_gmt":"2025-02-23T05:15:53","guid":{"rendered":"https:\/\/www.pricetornado.com\/da\/produkt\/gc1742-40-easyspeed-dampstrygejern-roed\/"},"modified":"2026-04-17T02:29:57","modified_gmt":"2026-04-17T00:29:57","slug":"gc1742-40-easyspeed-dampstrygejern-roed","status":"publish","type":"product","link":"https:\/\/www.pricetornado.com\/da\/produkt\/gc1742-40-easyspeed-dampstrygejern-roed\/","title":{"rendered":"GC1742\/40 EasySpeed Dampstrygejern &#8211; R\u00f8d"},"content":{"rendered":"<p>K\u00f8b billig GC1742\/40 EasySpeed Dampstrygejern &#8211; R\u00f8d!<br \/>\nPhilips EasySpeed dampstrygejern er designet til at g\u00f8re strygning hurtig, nem og effektiv. Med en kraftfuld 2000 W motor opvarmes strygejernet p\u00e5 ca. 30 sekunder og leverer konstant h\u00f8j dampydelse, hvilket sikrer optimale resultater p\u00e5 alle tekstiltyper.Den s\u00e6rlige non-stick-bel\u00e6gning p\u00e5 stryges\u00e5len mindsker friktion og s\u00f8rger for, at du let kan stryge alle slags tekstiler uden risiko for, at t\u00f8jet s\u00e6tter sig fast.Med en ekstra stor 220 ml vandtank kan du stryge l\u00e6ngere uden afbrydelser, og takket v\u00e6re den brede p\u00e5fyldnings\u00e5bning g\u00e5r p\u00e5fyldningen nemt og hurtigt.Strygejernet leverer en konstant dampm\u00e6ngde p\u00e5 op til 25 g\/min og har en dampskudsfunktion p\u00e5 op til 90 g, der effektivt fjerner selv de mest genstridige folder. Med fire forskellige dampindstillinger tilpasser du let dampen efter stoffets behov.Den unikke Triple Precision tip kombinerer en spids forende, en knap-rille og et slankt design, s\u00e5 du nemt kan stryge omkring knapper og i plisserede omr\u00e5der.Den integrerede sprayfunktion danner en fin t\u00e5ge, som j\u00e6vnt fugter stoffet og g\u00f8r det lettere at stryge selv vanskelige folder ud.Et ergonomisk h\u00e5ndtag og en 1,9 meter lang ledning giver dig komfort og bev\u00e6gelsesfrihed under brug. Et tydeligt indikatorlys viser, n\u00e5r strygejernet er klar, og en ECO-indstilling hj\u00e6lper dig med at spare energi.Calc Clean-skyderen g\u00f8r det nemt at fjerne kalkaflejringer, hvilket sikrer en langvarig og stabil dampydelse, selv n\u00e5r du bruger almindeligt postevand. For optimal ydelse anbefales regelm\u00e6ssig afkalkning ca. \u00e9n gang om m\u00e5neden.Med Philips EasySpeed dampstrygejern f\u00e5r du et p\u00e5lideligt og brugervenligt strygejern, der sikrer flotte resultater og lang levetid.<\/p>\n<p>Sammenlign priser p\u00e5 GC1742\/40 EasySpeed Dampstrygejern &#8211; R\u00f8d og k\u00f8b online til den billigste pris, samt p\u00e5 tilbud!\u00a0\u00a0Tjek den bedste pris, produkt beskrivelse, video, test, anmeldelser osv.<\/p>\n<p><strong>Brand: <\/strong>Philips<br \/>\n<strong>EAN: <\/strong>8710103912972<br \/>\n<strong>Producentens varenr.:<\/strong> 8710103912972<\/p>\n<p><strong>P.S.<\/strong><br \/>\nTilmeld dig til &#8220;Opret Gratis Prisfald Alarm&#8221;, og bliv underrettet med det samme om prisfald p\u00e5 GC1742\/40 EasySpeed Dampstrygejern &#8211; R\u00f8d, og f\u00e5 den billigste pris!<\/p>\n<p>&nbsp;<\/p>\n<p>&nbsp;<\/p>\n","protected":false},"excerpt":{"rendered":"<p>K\u00f8b billig GC1742\/40 EasySpeed Dampstrygejern &#8211; R\u00f8d! Philips EasySpeed dampstrygejern er designet til at g\u00f8re strygning hurtig, nem og effektiv. Med en kraftfuld 2000 W motor opvarmes strygejernet p\u00e5 ca. 30 sekunder og leverer konstant h\u00f8j dampydelse, hvilket sikrer optimale resultater p\u00e5 alle tekstiltyper.Den s\u00e6rlige non-stick-bel\u00e6gning p\u00e5 stryges\u00e5len mindsker friktion og s\u00f8rger for, at du [&hellip;]<\/p>\n","protected":false},"featured_media":999980000004477720,"template":"","meta":[],"store":[1272516],"product_brand":[1272519],"product_cat":[1272473],"product_tag":[1275180,1272699],"class_list":{"0":"post-447772","1":"product","2":"type-product","3":"status-publish","4":"has-post-thumbnail","6":"store-butik24","7":"product_brand-philips","8":"product_cat-strygning-og-toejbehandling","9":"product_tag-philips","10":"product_tag-strygning-og-toejbehandling","11":"pa_maerke-philips","13":"first","14":"instock","15":"product-type-external"},"_links":{"self":[{"href":"https:\/\/www.pricetornado.com\/da\/wp-json\/wp\/v2\/product\/447772","targetHints":{"allow":["GET"]}}],"collection":[{"href":"https:\/\/www.pricetornado.com\/da\/wp-json\/wp\/v2\/product"}],"about":[{"href":"https:\/\/www.pricetornado.com\/da\/wp-json\/wp\/v2\/types\/product"}],"wp:featuredmedia":[{"embeddable":true,"href":"https:\/\/www.pricetornado.com\/da\/wp-json\/"}],"wp:attachment":[{"href":"https:\/\/www.pricetornado.com\/da\/wp-json\/wp\/v2\/media?parent=447772"}],"wp:term":[{"taxonomy":"store","embeddable":true,"href":"https:\/\/www.pricetornado.com\/da\/wp-json\/wp\/v2\/store?post=447772"},{"taxonomy":"product_brand","embeddable":true,"href":"https:\/\/www.pricetornado.com\/da\/wp-json\/wp\/v2\/product_brand?post=447772"},{"taxonomy":"product_cat","embeddable":true,"href":"https:\/\/www.pricetornado.com\/da\/wp-json\/wp\/v2\/product_cat?post=447772"},{"taxonomy":"product_tag","embeddable":true,"href":"https:\/\/www.pricetornado.com\/da\/wp-json\/wp\/v2\/product_tag?post=447772"}],"curies":[{"name":"wp","href":"https:\/\/api.w.org\/{rel}","templated":true}]}}