{"id":447771,"date":"2025-02-23T16:17:54","date_gmt":"2025-02-23T15:17:54","guid":{"rendered":"https:\/\/www.pricetornado.com\/da\/produkt\/philips-white-ambiance-kertepaerer-470lm-e14-dobbeltpakke\/"},"modified":"2026-04-17T08:50:17","modified_gmt":"2026-04-17T06:50:17","slug":"philips-white-ambiance-kertepaerer-470lm-e14-dobbeltpakke","status":"publish","type":"product","link":"https:\/\/www.pricetornado.com\/da\/produkt\/philips-white-ambiance-kertepaerer-470lm-e14-dobbeltpakke\/","title":{"rendered":"Philips White Ambiance Kertep\u00e6rer 470lm E14 dobbeltpakke"},"content":{"rendered":"<p>K\u00f8b billig Philips White Ambiance Kertep\u00e6rer 470lm E14 dobbeltpakke!<br \/>\nBrug de to intelligente kerteformede p\u00e6rer med justerbart hvidt lys \u2013 fra varmt hvidt til k\u00f8ligt dagslys \u2013 der hj\u00e6lper dig med at slappe af, l\u00e6se, koncentrere dig eller f\u00e5 energi. Philips White Ambiance kertep\u00e6rer g\u00f8r det nemt at tilpasse belysningen, s\u00e5 den passer til din stemning og aktivitet.Styr lyset med det samme ved hj\u00e6lp af Bluetooth p\u00e5 din smartphone, eller dan par med en Hue Bridge for at f\u00e5 adgang til alle avancerede funktioner. Integr\u00e9r let p\u00e6rerne i dit smart home-system og opn\u00e5 styring af lyset, uanset hvor du er.P\u00e6rerne er baseret p\u00e5 LED-teknologi, hvilket giver lavt str\u00f8mforbrug og en lang levetid p\u00e5 op til 25.000 timer. De t\u00e6nder \u00f8jeblikkeligt med 100% lysstyrke og t\u00e5ler mange t\u00e6nd\/sluk-cyklusser, hvilket g\u00f8r dem til en praktisk og \u00f8konomisk l\u00f8sning.Oplev bekvem, stemningsfuld og energieffektiv belysning med Philips White Ambiance kertep\u00e6rer. Se hele udvalget af produkter hos Butik24 og find din ideelle smart home-l\u00f8sning.<\/p>\n<p>Sammenlign priser p\u00e5 Philips White Ambiance Kertep\u00e6rer 470lm E14 dobbeltpakke og k\u00f8b online til den billigste pris, samt p\u00e5 tilbud!\u00a0\u00a0Tjek den bedste pris, produkt beskrivelse, video, test, anmeldelser osv.<\/p>\n<p><strong>Brand: <\/strong>Philips Hue<br \/>\n<strong>EAN: <\/strong>8719514356733<br \/>\n<strong>Producentens varenr.:<\/strong> 8719514356733<\/p>\n<p><strong>P.S.<\/strong><br \/>\nTilmeld dig til &#8220;Opret Gratis Prisfald Alarm&#8221;, og bliv underrettet med det samme om prisfald p\u00e5 Philips White Ambiance Kertep\u00e6rer 470lm E14 dobbeltpakke, og f\u00e5 den billigste pris!<\/p>\n<p>&nbsp;<\/p>\n<p>&nbsp;<\/p>\n","protected":false},"excerpt":{"rendered":"<p>K\u00f8b billig Philips White Ambiance Kertep\u00e6rer 470lm E14 dobbeltpakke! Brug de to intelligente kerteformede p\u00e6rer med justerbart hvidt lys \u2013 fra varmt hvidt til k\u00f8ligt dagslys \u2013 der hj\u00e6lper dig med at slappe af, l\u00e6se, koncentrere dig eller f\u00e5 energi. Philips White Ambiance kertep\u00e6rer g\u00f8r det nemt at tilpasse belysningen, s\u00e5 den passer til din [&hellip;]<\/p>\n","protected":false},"featured_media":999980000004477710,"template":"","meta":[],"store":[1272516],"product_brand":[1272523],"product_cat":[1272407],"product_tag":[1272697,1272767],"class_list":{"0":"post-447771","1":"product","2":"type-product","3":"status-publish","4":"has-post-thumbnail","6":"store-butik24","7":"product_brand-philips-hue","8":"product_cat-belysning-2","9":"product_tag-belysning","10":"product_tag-philips-hue","11":"pa_maerke-philips-hue","13":"first","14":"instock","15":"product-type-external"},"_links":{"self":[{"href":"https:\/\/www.pricetornado.com\/da\/wp-json\/wp\/v2\/product\/447771","targetHints":{"allow":["GET"]}}],"collection":[{"href":"https:\/\/www.pricetornado.com\/da\/wp-json\/wp\/v2\/product"}],"about":[{"href":"https:\/\/www.pricetornado.com\/da\/wp-json\/wp\/v2\/types\/product"}],"wp:featuredmedia":[{"embeddable":true,"href":"https:\/\/www.pricetornado.com\/da\/wp-json\/"}],"wp:attachment":[{"href":"https:\/\/www.pricetornado.com\/da\/wp-json\/wp\/v2\/media?parent=447771"}],"wp:term":[{"taxonomy":"store","embeddable":true,"href":"https:\/\/www.pricetornado.com\/da\/wp-json\/wp\/v2\/store?post=447771"},{"taxonomy":"product_brand","embeddable":true,"href":"https:\/\/www.pricetornado.com\/da\/wp-json\/wp\/v2\/product_brand?post=447771"},{"taxonomy":"product_cat","embeddable":true,"href":"https:\/\/www.pricetornado.com\/da\/wp-json\/wp\/v2\/product_cat?post=447771"},{"taxonomy":"product_tag","embeddable":true,"href":"https:\/\/www.pricetornado.com\/da\/wp-json\/wp\/v2\/product_tag?post=447771"}],"curies":[{"name":"wp","href":"https:\/\/api.w.org\/{rel}","templated":true}]}}