{"id":447767,"date":"2025-02-24T20:58:14","date_gmt":"2025-02-24T19:58:14","guid":{"rendered":"https:\/\/www.pricetornado.com\/da\/produkt\/nedis-powerbank-5000-mah-traadloes-opladning-1-67-2-22-3-0-a-antal-output-1-output-tilslutning-1x-usb-c-input-forbindels-1x-usb-c-pd3-0-20w-lithium-polymer\/"},"modified":"2026-03-18T01:46:38","modified_gmt":"2026-03-18T00:46:38","slug":"nedis-powerbank-5000-mah-traadloes-opladning-1-67-2-22-3-0-a-antal-output-1-output-tilslutning-1x-usb-c-input-forbindels-1x-usb-c-pd3-0-20w-lithium-polymer","status":"publish","type":"product","link":"https:\/\/www.pricetornado.com\/da\/produkt\/nedis-powerbank-5000-mah-traadloes-opladning-1-67-2-22-3-0-a-antal-output-1-output-tilslutning-1x-usb-c-input-forbindels-1x-usb-c-pd3-0-20w-lithium-polymer\/","title":{"rendered":"Nedis &#8211; Powerbank | 5000 mAh | Tr\u00e5dl\u00f8s opladning | 1.67 \/ 2.22 \/ 3.0 A | Antal output: 1 | Output tilslutning: 1x USB-C\u2122 | Input forbindels: 1x USB-C\u2122 | PD3.0 20W | Lithium-polymer &#8211; PBKWL20W025BK"},"content":{"rendered":"<p>K\u00f8b billig Nedis &#8211; Powerbank | 5000 mAh | Tr\u00e5dl\u00f8s opladning | 1.67 \/ 2.22 \/ 3.0 A | Antal output: 1 | Output tilslutning: 1x USB-C\u2122 | Input forbindels: 1x USB-C\u2122 | PD3.0 20W | Lithium-polymer &#8211; PBKWL20W025BK!<br \/>\nF\u00e5 hurtigt og ubesv\u00e6ret str\u00f8m p\u00e5 dine enheder med Nedis Magnetic Powerbank &#8211; den perfekte ledsager til din livsstil p\u00e5 farten. Denne 2-i-1 powerbank er designet til ultimativ bekvemmelighed og sikrer, at du aldrig st\u00e5r uden str\u00f8m, uanset om du foretr\u00e6kker tr\u00e5dl\u00f8s opladning eller at bruge et kabel.Takket v\u00e6re den MagSafe-kompatible magnetiske forbindelse kan din telefon fastg\u00f8res sikkert til powerbanken for problemfri tr\u00e5dl\u00f8s opladning p\u00e5 op til 15 W. Ikke mere fumlen med kabler &#8211; bare klik din enhed p\u00e5 plads, og lad str\u00f8mmen flyde.Oplad smartere med pass-through-opladning &#8211; en funktion, der lader powerbanken oplade sig selv, samtidig med at den oplader din telefon eller en anden kompatibel enhed. Uanset om du sidder ved skrivebordet eller er p\u00e5 farten, forbliver dine enheder opladet uden afbrydelser.For endnu hurtigere opladning sikrer 20W USB-C Power Delivery (PD)-porten hurtig str\u00f8moverf\u00f8rsel, uanset om du oplader din telefon, tablet eller selve powerbanken. Nyd tovejs hurtigopladning, hvilket betyder mindre tid i stikkontakten og mere tid til at f\u00e5 tingene gjort.Med sin p\u00e5lidelige batterikapacitet kan Nedis Magnetic Powerbank oplade din telefon op til to gange, f\u00f8r den selv har brug for at blive genopladet. Hold forbindelsen hele dagen uden at bekymre dig om at l\u00f8be t\u00f8r for batteri.Det er slut med at g\u00e6tte, hvor meget str\u00f8m der er tilbage &#8211; den indbyggede LED-indikator giver et klart overblik over din resterende opladning, s\u00e5 du altid er forberedt.Denne kompakte og lette powerbank er designet til ultimativ b\u00e6rbarhed og passer nemt i din lomme, taske eller rygs\u00e6k. Tag den med overalt, og nyd hurtig og problemfri opladning, uanset hvor du er.<\/p>\n<p>Sammenlign priser p\u00e5 Nedis &#8211; Powerbank | 5000 mAh | Tr\u00e5dl\u00f8s opladning | 1.67 \/ 2.22 \/ 3.0 A | Antal output: 1 | Output tilslutning: 1x USB-C\u2122 | Input forbindels: 1x USB-C\u2122 | PD3.0 20W | Lithium-polymer &#8211; PBKWL20W025BK og k\u00f8b online til den billigste pris, samt p\u00e5 tilbud!\u00a0\u00a0Tjek den bedste pris, produkt beskrivelse, video, test, anmeldelser osv.<\/p>\n<p><strong>Brand: <\/strong>Nedis<br \/>\n<strong>EAN: <\/strong>5412810471294<br \/>\n<strong>Producentens varenr.:<\/strong> 5412810471294<\/p>\n<p><strong>P.S.<\/strong><br \/>\nTilmeld dig til &#8220;Opret Gratis Prisfald Alarm&#8221;, og bliv underrettet med det samme om prisfald p\u00e5 Nedis &#8211; Powerbank | 5000 mAh | Tr\u00e5dl\u00f8s opladning | 1.67 \/ 2.22 \/ 3.0 A | Antal output: 1 | Output tilslutning: 1x USB-C\u2122 | Input forbindels: 1x USB-C\u2122 | PD3.0 20W | Lithium-polymer &#8211; PBKWL20W025BK, og f\u00e5 den billigste pris!<\/p>\n<p>&nbsp;<\/p>\n<p>&nbsp;<\/p>\n","protected":false},"excerpt":{"rendered":"<p>K\u00f8b billig Nedis &#8211; Powerbank | 5000 mAh | Tr\u00e5dl\u00f8s opladning | 1.67 \/ 2.22 \/ 3.0 A | Antal output: 1 | Output tilslutning: 1x USB-C\u2122 | Input forbindels: 1x USB-C\u2122 | PD3.0 20W | Lithium-polymer &#8211; PBKWL20W025BK! F\u00e5 hurtigt og ubesv\u00e6ret str\u00f8m p\u00e5 dine enheder med Nedis Magnetic Powerbank &#8211; den perfekte ledsager [&hellip;]<\/p>\n","protected":false},"featured_media":0,"template":"","meta":[],"store":[1272516],"product_brand":[1272517],"product_cat":[1272436],"product_tag":[1275178,1272965],"class_list":{"0":"post-447767","1":"product","2":"type-product","3":"status-publish","5":"store-butik24","6":"product_brand-nedis","7":"product_cat-stroemforsyning","8":"product_tag-nedis","9":"product_tag-stroemforsyning","10":"pa_maerke-nedis","12":"first","13":"instock","14":"product-type-external"},"_links":{"self":[{"href":"https:\/\/www.pricetornado.com\/da\/wp-json\/wp\/v2\/product\/447767","targetHints":{"allow":["GET"]}}],"collection":[{"href":"https:\/\/www.pricetornado.com\/da\/wp-json\/wp\/v2\/product"}],"about":[{"href":"https:\/\/www.pricetornado.com\/da\/wp-json\/wp\/v2\/types\/product"}],"wp:attachment":[{"href":"https:\/\/www.pricetornado.com\/da\/wp-json\/wp\/v2\/media?parent=447767"}],"wp:term":[{"taxonomy":"store","embeddable":true,"href":"https:\/\/www.pricetornado.com\/da\/wp-json\/wp\/v2\/store?post=447767"},{"taxonomy":"product_brand","embeddable":true,"href":"https:\/\/www.pricetornado.com\/da\/wp-json\/wp\/v2\/product_brand?post=447767"},{"taxonomy":"product_cat","embeddable":true,"href":"https:\/\/www.pricetornado.com\/da\/wp-json\/wp\/v2\/product_cat?post=447767"},{"taxonomy":"product_tag","embeddable":true,"href":"https:\/\/www.pricetornado.com\/da\/wp-json\/wp\/v2\/product_tag?post=447767"}],"curies":[{"name":"wp","href":"https:\/\/api.w.org\/{rel}","templated":true}]}}