{"id":447764,"date":"2025-02-26T07:57:52","date_gmt":"2025-02-26T06:57:52","guid":{"rendered":"https:\/\/www.pricetornado.com\/da\/produkt\/alecto-smartcoa10-smart-kuliltedetektor\/"},"modified":"2026-04-19T07:20:28","modified_gmt":"2026-04-19T05:20:28","slug":"alecto-smartcoa10-smart-kuliltedetektor","status":"publish","type":"product","link":"https:\/\/www.pricetornado.com\/da\/produkt\/alecto-smartcoa10-smart-kuliltedetektor\/","title":{"rendered":"Alecto &#8211; SMARTCOA10 Smart kuliltedetektor"},"content":{"rendered":"<p>K\u00f8b billig Alecto &#8211; SMARTCOA10 Smart kuliltedetektor!<br \/>\nMed Alecto SMARTCOA10 f\u00e5r du en kompakt og holdbar kuliltealarm, der overv\u00e5ger koncentrationen af kulilte i dit hjem og giver dig tryghed. Denne smarte detektor advarer dig hurtigt med en kraftig alarm p\u00e5 over 85 dB, hvis der opdages forh\u00f8jede niveauer af kulilte, selv n\u00e5r du ikke er hjemme. Den anvender p\u00e5lidelige kemiske sensorer og har et robust plastikhus, der g\u00f8r den egnet til indend\u00f8rs brug.Alarmen er let at installere p\u00e5 v\u00e6g eller loft med de medf\u00f8lgende monteringsmaterialer \u2013 b\u00e5de dobbeltkl\u00e6bende tape og skruer kan anvendes. Den kompakte st\u00f8rrelse p\u00e5 cirka 60 x 60 x 49 mm g\u00f8r det nemt at placere enheden diskret, uden at det fylder un\u00f8digt i hjemmets rum. Magnetisk montering underst\u00f8ttes ikke.Alecto SMARTCOA10 kobles via Zigbee til en Zigbee gateway (SMART-BRIDGE10) og kan styres gennem de gratis Tuya og Smart Life apps til b\u00e5de iOS- og Android-enheder. Du f\u00e5r \u00f8jeblikkelige push-meddelelser p\u00e5 din smartphone, hvis kulilte registreres, og kan overv\u00e5ge alarmens status, uanset hvor du befinder dig. Alarmen fungerer ogs\u00e5 selvst\u00e6ndigt og sikrer advarsel, hvis den ikke er tilsluttet appen eller har mistet forbindelsen.Alecto SMARTCOA10 er fremstillet i holdbart plast og opfylder CE og EN50291 standarder, hvilket sikrer p\u00e5lidelig kuliltedetektion i dit hjem. Du er desuden garanteret mindst 2 \u00e5rs software- og sikkerhedsopdateringer efter k\u00f8b, s\u00e5 din enhed forbliver beskyttet og opdateret.V\u00e6lg Alecto SMARTCOA10 for at \u00f8ge sikkerheden i hjemmet med en moderne, smart kuliltealarm, der overv\u00e5ger din bolig d\u00f8gnet rundt. Find flere smarte hjem-produkter hos for endnu mere avanceret boligsikring.<\/p>\n<p>Sammenlign priser p\u00e5 Alecto &#8211; SMARTCOA10 Smart kuliltedetektor og k\u00f8b online til den billigste pris, samt p\u00e5 tilbud!\u00a0\u00a0Tjek den bedste pris, produkt beskrivelse, video, test, anmeldelser osv.<\/p>\n<p><strong>Brand: <\/strong>Alecto<br \/>\n<strong>EAN: <\/strong>8712412593460<br \/>\n<strong>Producentens varenr.:<\/strong> 8712412593460<\/p>\n<p><strong>P.S.<\/strong><br \/>\nTilmeld dig til &#8220;Opret Gratis Prisfald Alarm&#8221;, og bliv underrettet med det samme om prisfald p\u00e5 Alecto &#8211; SMARTCOA10 Smart kuliltedetektor, og f\u00e5 den billigste pris!<\/p>\n<p>&nbsp;<\/p>\n<p>&nbsp;<\/p>\n","protected":false},"excerpt":{"rendered":"<p>K\u00f8b billig Alecto &#8211; SMARTCOA10 Smart kuliltedetektor! Med Alecto SMARTCOA10 f\u00e5r du en kompakt og holdbar kuliltealarm, der overv\u00e5ger koncentrationen af kulilte i dit hjem og giver dig tryghed. Denne smarte detektor advarer dig hurtigt med en kraftig alarm p\u00e5 over 85 dB, hvis der opdages forh\u00f8jede niveauer af kulilte, selv n\u00e5r du ikke er [&hellip;]<\/p>\n","protected":false},"featured_media":999980000004477640,"template":"","meta":[],"store":[1272516],"product_brand":[1272518],"product_cat":[1272469],"product_tag":[1275186,1273060],"class_list":{"0":"post-447764","1":"product","2":"type-product","3":"status-publish","4":"has-post-thumbnail","6":"store-butik24","7":"product_brand-alecto","8":"product_cat-detektorer","9":"product_tag-alecto","10":"product_tag-detektorer","11":"pa_maerke-alecto","13":"first","14":"instock","15":"product-type-external"},"_links":{"self":[{"href":"https:\/\/www.pricetornado.com\/da\/wp-json\/wp\/v2\/product\/447764","targetHints":{"allow":["GET"]}}],"collection":[{"href":"https:\/\/www.pricetornado.com\/da\/wp-json\/wp\/v2\/product"}],"about":[{"href":"https:\/\/www.pricetornado.com\/da\/wp-json\/wp\/v2\/types\/product"}],"wp:featuredmedia":[{"embeddable":true,"href":"https:\/\/www.pricetornado.com\/da\/wp-json\/"}],"wp:attachment":[{"href":"https:\/\/www.pricetornado.com\/da\/wp-json\/wp\/v2\/media?parent=447764"}],"wp:term":[{"taxonomy":"store","embeddable":true,"href":"https:\/\/www.pricetornado.com\/da\/wp-json\/wp\/v2\/store?post=447764"},{"taxonomy":"product_brand","embeddable":true,"href":"https:\/\/www.pricetornado.com\/da\/wp-json\/wp\/v2\/product_brand?post=447764"},{"taxonomy":"product_cat","embeddable":true,"href":"https:\/\/www.pricetornado.com\/da\/wp-json\/wp\/v2\/product_cat?post=447764"},{"taxonomy":"product_tag","embeddable":true,"href":"https:\/\/www.pricetornado.com\/da\/wp-json\/wp\/v2\/product_tag?post=447764"}],"curies":[{"name":"wp","href":"https:\/\/api.w.org\/{rel}","templated":true}]}}