{"id":447762,"date":"2025-02-24T23:02:00","date_gmt":"2025-02-24T22:02:00","guid":{"rendered":"https:\/\/www.pricetornado.com\/da\/produkt\/scanpan-impact-45-l-16-cm-asparges-majsgryde-m-laag\/"},"modified":"2026-04-23T09:10:05","modified_gmt":"2026-04-23T07:10:05","slug":"scanpan-impact-45-l-16-cm-asparges-majsgryde-m-laag","status":"publish","type":"product","link":"https:\/\/www.pricetornado.com\/da\/produkt\/scanpan-impact-45-l-16-cm-asparges-majsgryde-m-laag\/","title":{"rendered":"Scanpan Impact 4,5 l\/16 cm asparges\/majsgryde m. l\u00e5g"},"content":{"rendered":"<p>K\u00f8b billig Scanpan Impact 4,5 l\/16 cm asparges\/majsgryde m. l\u00e5g!<br \/>\nAsparges kr\u00e6ver omhyggelig tilberedning for at bevare deres spr\u00f8dhed og vitaminer. Med Scanpan Impact aspargesgryde p\u00e5 4,5 liter med tr\u00e5dkurv opn\u00e5r du et perfekt resultat \u2013 samtidig er gryden yderst velegnet til kogning af majs og andre lange gr\u00f8ntsager.Gryden er fremstillet af robust 18\/10 rustfrit st\u00e5l, hvilket giver stor slidstyrke, lang holdbarhed og modstandsdygtighed mod korrosion. Den solide 6,4 mm sandwichbund har en kerne af aluminium, der sikrer hurtig og j\u00e6vn varmefordeling. Derfor kan gryden anvendes p\u00e5 alle typer komfurer \u2013 inklusive induktion.Scanpan Impact aspargesgryde er designet med fokus p\u00e5 funktionalitet og brugervenlighed. Du f\u00e5r:Hele Impact-serien kombinerer et enkelt, elegant design med maksimal styrke og holdbarhed. Gryden t\u00e5ler ovn op til 250\u00b0C \u2013 ogs\u00e5 med glasl\u00e5get \u2013 og den er let at reng\u00f8re. Optimal varmefordeling og materialer i topkvalitet g\u00f8r gryden til et solidt valg for b\u00e5de daglig madlavning og mere kr\u00e6vende opgaver..<\/p>\n<p>Sammenlign priser p\u00e5 Scanpan Impact 4,5 l\/16 cm asparges\/majsgryde m. l\u00e5g og k\u00f8b online til den billigste pris, samt p\u00e5 tilbud!\u00a0\u00a0Tjek den bedste pris, produkt beskrivelse, video, test, anmeldelser osv.<\/p>\n<p><strong>Brand: <\/strong>Scanpan<br \/>\n<strong>EAN: <\/strong>083421716019<br \/>\n<strong>Producentens varenr.:<\/strong> 083421716019<\/p>\n<p><strong>P.S.<\/strong><br \/>\nTilmeld dig til &#8220;Opret Gratis Prisfald Alarm&#8221;, og bliv underrettet med det samme om prisfald p\u00e5 Scanpan Impact 4,5 l\/16 cm asparges\/majsgryde m. l\u00e5g, og f\u00e5 den billigste pris!<\/p>\n<p>&nbsp;<\/p>\n<p>&nbsp;<\/p>\n","protected":false},"excerpt":{"rendered":"<p>K\u00f8b billig Scanpan Impact 4,5 l\/16 cm asparges\/majsgryde m. l\u00e5g! Asparges kr\u00e6ver omhyggelig tilberedning for at bevare deres spr\u00f8dhed og vitaminer. Med Scanpan Impact aspargesgryde p\u00e5 4,5 liter med tr\u00e5dkurv opn\u00e5r du et perfekt resultat \u2013 samtidig er gryden yderst velegnet til kogning af majs og andre lange gr\u00f8ntsager.Gryden er fremstillet af robust 18\/10 rustfrit [&hellip;]<\/p>\n","protected":false},"featured_media":999980000004477620,"template":"","meta":[],"store":[1272516],"product_brand":[1272521],"product_cat":[1272410],"product_tag":[1272681,1275184],"class_list":{"0":"post-447762","1":"product","2":"type-product","3":"status-publish","4":"has-post-thumbnail","6":"store-butik24","7":"product_brand-scanpan","8":"product_cat-koekkengrej","9":"product_tag-koekkengrej","10":"product_tag-scanpan","11":"pa_maerke-scanpan","13":"first","14":"instock","15":"product-type-external"},"_links":{"self":[{"href":"https:\/\/www.pricetornado.com\/da\/wp-json\/wp\/v2\/product\/447762","targetHints":{"allow":["GET"]}}],"collection":[{"href":"https:\/\/www.pricetornado.com\/da\/wp-json\/wp\/v2\/product"}],"about":[{"href":"https:\/\/www.pricetornado.com\/da\/wp-json\/wp\/v2\/types\/product"}],"wp:featuredmedia":[{"embeddable":true,"href":"https:\/\/www.pricetornado.com\/da\/wp-json\/"}],"wp:attachment":[{"href":"https:\/\/www.pricetornado.com\/da\/wp-json\/wp\/v2\/media?parent=447762"}],"wp:term":[{"taxonomy":"store","embeddable":true,"href":"https:\/\/www.pricetornado.com\/da\/wp-json\/wp\/v2\/store?post=447762"},{"taxonomy":"product_brand","embeddable":true,"href":"https:\/\/www.pricetornado.com\/da\/wp-json\/wp\/v2\/product_brand?post=447762"},{"taxonomy":"product_cat","embeddable":true,"href":"https:\/\/www.pricetornado.com\/da\/wp-json\/wp\/v2\/product_cat?post=447762"},{"taxonomy":"product_tag","embeddable":true,"href":"https:\/\/www.pricetornado.com\/da\/wp-json\/wp\/v2\/product_tag?post=447762"}],"curies":[{"name":"wp","href":"https:\/\/api.w.org\/{rel}","templated":true}]}}