{"id":447757,"date":"2025-02-23T23:02:51","date_gmt":"2025-02-23T22:02:51","guid":{"rendered":"https:\/\/www.pricetornado.com\/da\/produkt\/philips-mg1100-16-praecisionstrimmer-med-mini-barberhoved-vandtaet\/"},"modified":"2026-04-18T02:10:22","modified_gmt":"2026-04-18T00:10:22","slug":"philips-mg1100-16-praecisionstrimmer-med-mini-barberhoved-vandtaet","status":"publish","type":"product","link":"https:\/\/www.pricetornado.com\/da\/produkt\/philips-mg1100-16-praecisionstrimmer-med-mini-barberhoved-vandtaet\/","title":{"rendered":"Philips MG1100\/16 Pr\u00e6cisionstrimmer med mini- barberhoved, vandt\u00e6t"},"content":{"rendered":"<p>K\u00f8b billig Philips MG1100\/16 Pr\u00e6cisionstrimmer med mini- barberhoved, vandt\u00e6t!<br \/>\nPhilips MG1100\/16 Multigroom Series 1000 er det ideelle valg til dig, der \u00f8nsker n\u00f8jagtige linjer, skarpe kanter og flotte konturer i ansigtet. Med DualCut-teknologi og dobbelt slebne blade trimmes ansigtsh\u00e5ret hurtigt og pr\u00e6cist, mens detaljetrimmeren og det 21 mm mini-barberhoved sikrer maksimal kontrol og synlighed til en detaljeret styling af sk\u00e6g, bakkenbarter, oversk\u00e6g og hals.Philips MG1100\/16 Multigroom Series 1000 g\u00f8r det let at opn\u00e5 pr\u00e6cise konturer og en velplejet finish. Se flere produkter fra og find det rette udstyr til personlig pleje og ansigtsh\u00e5r.<\/p>\n<p>Sammenlign priser p\u00e5 Philips MG1100\/16 Pr\u00e6cisionstrimmer med mini- barberhoved, vandt\u00e6t og k\u00f8b online til den billigste pris, samt p\u00e5 tilbud!\u00a0\u00a0Tjek den bedste pris, produkt beskrivelse, video, test, anmeldelser osv.<\/p>\n<p><strong>Brand: <\/strong>Philips<br \/>\n<strong>EAN: <\/strong>8710103701583<br \/>\n<strong>Producentens varenr.:<\/strong> 8710103701583<\/p>\n<p><strong>P.S.<\/strong><br \/>\nTilmeld dig til &#8220;Opret Gratis Prisfald Alarm&#8221;, og bliv underrettet med det samme om prisfald p\u00e5 Philips MG1100\/16 Pr\u00e6cisionstrimmer med mini- barberhoved, vandt\u00e6t, og f\u00e5 den billigste pris!<\/p>\n<p>&nbsp;<\/p>\n<p>&nbsp;<\/p>\n","protected":false},"excerpt":{"rendered":"<p>K\u00f8b billig Philips MG1100\/16 Pr\u00e6cisionstrimmer med mini- barberhoved, vandt\u00e6t! Philips MG1100\/16 Multigroom Series 1000 er det ideelle valg til dig, der \u00f8nsker n\u00f8jagtige linjer, skarpe kanter og flotte konturer i ansigtet. Med DualCut-teknologi og dobbelt slebne blade trimmes ansigtsh\u00e5ret hurtigt og pr\u00e6cist, mens detaljetrimmeren og det 21 mm mini-barberhoved sikrer maksimal kontrol og synlighed til [&hellip;]<\/p>\n","protected":false},"featured_media":999980000004477570,"template":"","meta":[],"store":[1272516],"product_brand":[1272519],"product_cat":[1272429,1272413],"product_tag":[1272711,1272706,1275180],"class_list":{"0":"post-447757","1":"product","2":"type-product","3":"status-publish","4":"has-post-thumbnail","6":"store-butik24","7":"product_brand-philips","8":"product_cat-maend-personlig-pleje","9":"product_cat-personlig-pleje","10":"product_tag-maend","11":"product_tag-personlig-pleje","12":"product_tag-philips","13":"pa_maerke-philips","15":"first","16":"instock","17":"product-type-external"},"_links":{"self":[{"href":"https:\/\/www.pricetornado.com\/da\/wp-json\/wp\/v2\/product\/447757","targetHints":{"allow":["GET"]}}],"collection":[{"href":"https:\/\/www.pricetornado.com\/da\/wp-json\/wp\/v2\/product"}],"about":[{"href":"https:\/\/www.pricetornado.com\/da\/wp-json\/wp\/v2\/types\/product"}],"wp:featuredmedia":[{"embeddable":true,"href":"https:\/\/www.pricetornado.com\/da\/wp-json\/"}],"wp:attachment":[{"href":"https:\/\/www.pricetornado.com\/da\/wp-json\/wp\/v2\/media?parent=447757"}],"wp:term":[{"taxonomy":"store","embeddable":true,"href":"https:\/\/www.pricetornado.com\/da\/wp-json\/wp\/v2\/store?post=447757"},{"taxonomy":"product_brand","embeddable":true,"href":"https:\/\/www.pricetornado.com\/da\/wp-json\/wp\/v2\/product_brand?post=447757"},{"taxonomy":"product_cat","embeddable":true,"href":"https:\/\/www.pricetornado.com\/da\/wp-json\/wp\/v2\/product_cat?post=447757"},{"taxonomy":"product_tag","embeddable":true,"href":"https:\/\/www.pricetornado.com\/da\/wp-json\/wp\/v2\/product_tag?post=447757"}],"curies":[{"name":"wp","href":"https:\/\/api.w.org\/{rel}","templated":true}]}}