{"id":447754,"date":"2025-02-21T05:43:13","date_gmt":"2025-02-21T04:43:13","guid":{"rendered":"https:\/\/www.pricetornado.com\/da\/produkt\/nedis-catv-forstaerker-forstaerkning-20-db-47-694-mhz-antal-output-4-faa-kontrol-hvid-samp42244wt\/"},"modified":"2026-04-18T01:57:26","modified_gmt":"2026-04-17T23:57:26","slug":"nedis-catv-forstaerker-forstaerkning-20-db-47-694-mhz-antal-output-4-faa-kontrol-hvid-samp42244wt","status":"publish","type":"product","link":"https:\/\/www.pricetornado.com\/da\/produkt\/nedis-catv-forstaerker-forstaerkning-20-db-47-694-mhz-antal-output-4-faa-kontrol-hvid-samp42244wt\/","title":{"rendered":"Nedis &#8211; CATV forst\u00e6rker | Forst\u00e6rkning: 20 dB | 47 &#8211; 694 MHz | Antal output: 4 | F\u00e5 kontrol | Hvid &#8211; SAMP42244WT"},"content":{"rendered":"<p>K\u00f8b billig Nedis &#8211; CATV forst\u00e6rker | Forst\u00e6rkning: 20 dB | 47 &#8211; 694 MHz | Antal output: 4 | F\u00e5 kontrol | Hvid &#8211; SAMP42244WT!<br \/>\nNedis 4-vejs indend\u00f8rs antenneforst\u00e6rker (20 dB) kan bruges til problemfri tilslutning af op til fire modtagere. Forst\u00e6rkeren er din indgang til overlegen signalstyrke til b\u00e5de TV og radio. Dens aktive distribution sp\u00e6nder over 47 &#8211; 694 MHz, hvilket sikrer optimal ydeevne over et bredt frekvensomr\u00e5de.Gain control giver dig mulighed for at finjustere forst\u00e6rkerindgangen og justere den med kildeudgangen for uovertruffen klarhed. Udstyret med en IEC-stikindgang og fire IEC-stikudgange er installationen en leg. Plus, forst\u00e6rkeren leveres komplet med en indbygget 230 V str\u00f8mforsyningsenhed, hvilket forbedrer bekvemmeligheden.<\/p>\n<p>Sammenlign priser p\u00e5 Nedis &#8211; CATV forst\u00e6rker | Forst\u00e6rkning: 20 dB | 47 &#8211; 694 MHz | Antal output: 4 | F\u00e5 kontrol | Hvid &#8211; SAMP42244WT og k\u00f8b online til den billigste pris, samt p\u00e5 tilbud!\u00a0\u00a0Tjek den bedste pris, produkt beskrivelse, video, test, anmeldelser osv.<\/p>\n<p><strong>Brand: <\/strong>Nedis<br \/>\n<strong>EAN: <\/strong>5412810469123<br \/>\n<strong>Producentens varenr.:<\/strong> 5412810469123<\/p>\n<p><strong>P.S.<\/strong><br \/>\nTilmeld dig til &#8220;Opret Gratis Prisfald Alarm&#8221;, og bliv underrettet med det samme om prisfald p\u00e5 Nedis &#8211; CATV forst\u00e6rker | Forst\u00e6rkning: 20 dB | 47 &#8211; 694 MHz | Antal output: 4 | F\u00e5 kontrol | Hvid &#8211; SAMP42244WT, og f\u00e5 den billigste pris!<\/p>\n<p>&nbsp;<\/p>\n<p>&nbsp;<\/p>\n","protected":false},"excerpt":{"rendered":"<p>K\u00f8b billig Nedis &#8211; CATV forst\u00e6rker | Forst\u00e6rkning: 20 dB | 47 &#8211; 694 MHz | Antal output: 4 | F\u00e5 kontrol | Hvid &#8211; SAMP42244WT! Nedis 4-vejs indend\u00f8rs antenneforst\u00e6rker (20 dB) kan bruges til problemfri tilslutning af op til fire modtagere. Forst\u00e6rkeren er din indgang til overlegen signalstyrke til b\u00e5de TV og radio. Dens [&hellip;]<\/p>\n","protected":false},"featured_media":999980000004477540,"template":"","meta":[],"store":[1272516],"product_brand":[1272517],"product_cat":[1272442],"product_tag":[1273444,1275178],"class_list":{"0":"post-447754","1":"product","2":"type-product","3":"status-publish","4":"has-post-thumbnail","6":"store-butik24","7":"product_brand-nedis","8":"product_cat-antenner","9":"product_tag-antenner","10":"product_tag-nedis","11":"pa_maerke-nedis","13":"first","14":"instock","15":"product-type-external"},"_links":{"self":[{"href":"https:\/\/www.pricetornado.com\/da\/wp-json\/wp\/v2\/product\/447754","targetHints":{"allow":["GET"]}}],"collection":[{"href":"https:\/\/www.pricetornado.com\/da\/wp-json\/wp\/v2\/product"}],"about":[{"href":"https:\/\/www.pricetornado.com\/da\/wp-json\/wp\/v2\/types\/product"}],"wp:featuredmedia":[{"embeddable":true,"href":"https:\/\/www.pricetornado.com\/da\/wp-json\/"}],"wp:attachment":[{"href":"https:\/\/www.pricetornado.com\/da\/wp-json\/wp\/v2\/media?parent=447754"}],"wp:term":[{"taxonomy":"store","embeddable":true,"href":"https:\/\/www.pricetornado.com\/da\/wp-json\/wp\/v2\/store?post=447754"},{"taxonomy":"product_brand","embeddable":true,"href":"https:\/\/www.pricetornado.com\/da\/wp-json\/wp\/v2\/product_brand?post=447754"},{"taxonomy":"product_cat","embeddable":true,"href":"https:\/\/www.pricetornado.com\/da\/wp-json\/wp\/v2\/product_cat?post=447754"},{"taxonomy":"product_tag","embeddable":true,"href":"https:\/\/www.pricetornado.com\/da\/wp-json\/wp\/v2\/product_tag?post=447754"}],"curies":[{"name":"wp","href":"https:\/\/api.w.org\/{rel}","templated":true}]}}