{"id":447739,"date":"2025-02-22T04:02:49","date_gmt":"2025-02-22T03:02:49","guid":{"rendered":"https:\/\/www.pricetornado.com\/da\/produkt\/philips-bt5515-15-skaegtrimmer-med-praecisionstrimmer\/"},"modified":"2026-04-18T04:40:15","modified_gmt":"2026-04-18T02:40:15","slug":"philips-bt5515-15-skaegtrimmer-med-praecisionstrimmer","status":"publish","type":"product","link":"https:\/\/www.pricetornado.com\/da\/produkt\/philips-bt5515-15-skaegtrimmer-med-praecisionstrimmer\/","title":{"rendered":"Philips BT5515\/15 Sk\u00e6gtrimmer med pr\u00e6cisionstrimmer"},"content":{"rendered":"<p>K\u00f8b billig Philips BT5515\/15 Sk\u00e6gtrimmer med pr\u00e6cisionstrimmer!<br \/>\nOplev en j\u00e6vn og n\u00f8jagtig sk\u00e6gtrimning med Philips BT5515\/15. Denne sk\u00e6gtrimmer er udstyret med det avancerede Lift &amp; Trim PRO-system, der l\u00f8fter selv liggende h\u00e5rstr\u00e5, s\u00e5 de dobbeltslebne, selvslibende rustfri st\u00e5lblade nemt kan give et ensartet resultat i \u00e9t enkelt str\u00f8g. Med 40 pr\u00e6cise l\u00e6ngdeindstillinger fra 0,4 til 20 mm, fordelt p\u00e5 trin af 0,2 mm (0,4\u20132 mm), 0,5 mm (2\u20135 mm) og 1 mm (&gt;5 mm), kan du skabe din personlige stil med fuld kontrol.De dobbeltslebne, selvslibende st\u00e5lblade sikrer langvarig skarphed og konstant sk\u00e6reevne \u2013 helt uden behov for sm\u00f8ring eller udskiftning. Sk\u00e6gtrimmeren er desuden fuldt vandt\u00e6t, s\u00e5 den uden problemer kan reng\u00f8res under rindende vand, hvilket forl\u00e6nger dens levetid og g\u00f8r den ekstra hygiejnisk. Batteriets status holdes let under kontrol via indikatorlys.Takket v\u00e6re det ergonomiske greb og zoom-hjulet kan du hurtigt tilpasse l\u00e6ngden, mens pr\u00e6cisionstrimmeren nemt hj\u00e6lper dig med at skabe rene kanter og detaljearbejde. Produktet kan benyttes b\u00e5de tr\u00e5dl\u00f8st og med ledning, hvilket giver dig maksimal frihed og fleksibilitet. Den medf\u00f8lgende ladestation, trimmekamme og et robust opbevaringsetui g\u00f8r produktet b\u00e5de transportvenligt og nemt at opbevare. sk\u00e6gtrimmere og find det ideelle v\u00e6rkt\u00f8j til din personlige stil.<\/p>\n<p>Sammenlign priser p\u00e5 Philips BT5515\/15 Sk\u00e6gtrimmer med pr\u00e6cisionstrimmer og k\u00f8b online til den billigste pris, samt p\u00e5 tilbud!\u00a0\u00a0Tjek den bedste pris, produkt beskrivelse, video, test, anmeldelser osv.<\/p>\n<p><strong>Brand: <\/strong>Philips<br \/>\n<strong>EAN: <\/strong>8710103885641<br \/>\n<strong>Producentens varenr.:<\/strong> 8710103885641<\/p>\n<p><strong>P.S.<\/strong><br \/>\nTilmeld dig til &#8220;Opret Gratis Prisfald Alarm&#8221;, og bliv underrettet med det samme om prisfald p\u00e5 Philips BT5515\/15 Sk\u00e6gtrimmer med pr\u00e6cisionstrimmer, og f\u00e5 den billigste pris!<\/p>\n<p>&nbsp;<\/p>\n<p>&nbsp;<\/p>\n","protected":false},"excerpt":{"rendered":"<p>K\u00f8b billig Philips BT5515\/15 Sk\u00e6gtrimmer med pr\u00e6cisionstrimmer! Oplev en j\u00e6vn og n\u00f8jagtig sk\u00e6gtrimning med Philips BT5515\/15. Denne sk\u00e6gtrimmer er udstyret med det avancerede Lift &amp; Trim PRO-system, der l\u00f8fter selv liggende h\u00e5rstr\u00e5, s\u00e5 de dobbeltslebne, selvslibende rustfri st\u00e5lblade nemt kan give et ensartet resultat i \u00e9t enkelt str\u00f8g. Med 40 pr\u00e6cise l\u00e6ngdeindstillinger fra 0,4 til [&hellip;]<\/p>\n","protected":false},"featured_media":999980000004477390,"template":"","meta":[],"store":[1272516],"product_brand":[1272519],"product_cat":[1272429,1272413],"product_tag":[1272711,1272706,1275180],"class_list":{"0":"post-447739","1":"product","2":"type-product","3":"status-publish","4":"has-post-thumbnail","6":"store-butik24","7":"product_brand-philips","8":"product_cat-maend-personlig-pleje","9":"product_cat-personlig-pleje","10":"product_tag-maend","11":"product_tag-personlig-pleje","12":"product_tag-philips","13":"pa_maerke-philips","15":"first","16":"instock","17":"product-type-external"},"_links":{"self":[{"href":"https:\/\/www.pricetornado.com\/da\/wp-json\/wp\/v2\/product\/447739","targetHints":{"allow":["GET"]}}],"collection":[{"href":"https:\/\/www.pricetornado.com\/da\/wp-json\/wp\/v2\/product"}],"about":[{"href":"https:\/\/www.pricetornado.com\/da\/wp-json\/wp\/v2\/types\/product"}],"wp:featuredmedia":[{"embeddable":true,"href":"https:\/\/www.pricetornado.com\/da\/wp-json\/"}],"wp:attachment":[{"href":"https:\/\/www.pricetornado.com\/da\/wp-json\/wp\/v2\/media?parent=447739"}],"wp:term":[{"taxonomy":"store","embeddable":true,"href":"https:\/\/www.pricetornado.com\/da\/wp-json\/wp\/v2\/store?post=447739"},{"taxonomy":"product_brand","embeddable":true,"href":"https:\/\/www.pricetornado.com\/da\/wp-json\/wp\/v2\/product_brand?post=447739"},{"taxonomy":"product_cat","embeddable":true,"href":"https:\/\/www.pricetornado.com\/da\/wp-json\/wp\/v2\/product_cat?post=447739"},{"taxonomy":"product_tag","embeddable":true,"href":"https:\/\/www.pricetornado.com\/da\/wp-json\/wp\/v2\/product_tag?post=447739"}],"curies":[{"name":"wp","href":"https:\/\/api.w.org\/{rel}","templated":true}]}}