{"id":447737,"date":"2025-02-24T16:37:54","date_gmt":"2025-02-24T15:37:54","guid":{"rendered":"https:\/\/www.pricetornado.com\/da\/produkt\/philips-avent-scy903-01-natural-response-sutteflaske-260ml-flow-3-sut-1-maaneder\/"},"modified":"2026-04-17T21:00:18","modified_gmt":"2026-04-17T19:00:18","slug":"philips-avent-scy903-01-natural-response-sutteflaske-260ml-flow-3-sut-1-maaneder","status":"publish","type":"product","link":"https:\/\/www.pricetornado.com\/da\/produkt\/philips-avent-scy903-01-natural-response-sutteflaske-260ml-flow-3-sut-1-maaneder\/","title":{"rendered":"Philips Avent SCY903\/01 Natural Response sutteflaske 260ml Flow 3 sut +1 m\u00e5neder"},"content":{"rendered":"<p>K\u00f8b billig Philips Avent SCY903\/01 Natural Response sutteflaske 260ml Flow 3 sut +1 m\u00e5neder!<br \/>\nPhilips Avent Natural Response sutteflaske er udviklet til at underst\u00f8tte din babys individuelle drikkerytme og g\u00f8re det nemt at kombinere amning og flaskemadning. Flasken efterligner brystet, da Natural Response-sutten kun frigiver m\u00e6lk, n\u00e5r din baby aktivt drikker. Det giver mulighed for, at dit barn kan drikke, synke og \u00e5nde i en naturlig rytme \u2013 pr\u00e6cis som ved brystet \u2013 og sikrer en tryg og genkendelig madningsoplevelse.Flasken er fremstillet af holdbart og BPA-frit polypropylen, hvilket sikrer b\u00e5de tryghed og lang levetid. Sutten er lavet af bl\u00f8d og fleksibel silikone, som f\u00f8les naturlig og behagelig for babyen. Den brede flaskehals g\u00f8r det b\u00e5de nemt at fylde flasken og at reng\u00f8re den grundigt. Det ergonomiske design g\u00f8r det let selv for sm\u00e5 h\u00e6nder at holde flasken under madning.Natural Response-sutten og det gennemf\u00f8rte flasketeknologi leder luft v\u00e6k fra barnets mave, hvilket reducerer risikoen for kolik og forbedrer komforten. Med denne sutteflaske f\u00e5r du en praktisk l\u00f8sning, der underst\u00f8tter b\u00e5de flaskemadning og amning p\u00e5 babyens pr\u00e6misser. og find flere smarte l\u00f8sninger til dig og din baby.<\/p>\n<p>Sammenlign priser p\u00e5 Philips Avent SCY903\/01 Natural Response sutteflaske 260ml Flow 3 sut +1 m\u00e5neder og k\u00f8b online til den billigste pris, samt p\u00e5 tilbud!\u00a0\u00a0Tjek den bedste pris, produkt beskrivelse, video, test, anmeldelser osv.<\/p>\n<p><strong>Brand: <\/strong>Philips<br \/>\n<strong>EAN: <\/strong>8710103989646<br \/>\n<strong>Producentens varenr.:<\/strong> 8710103989646<\/p>\n<p><strong>P.S.<\/strong><br \/>\nTilmeld dig til &#8220;Opret Gratis Prisfald Alarm&#8221;, og bliv underrettet med det samme om prisfald p\u00e5 Philips Avent SCY903\/01 Natural Response sutteflaske 260ml Flow 3 sut +1 m\u00e5neder, og f\u00e5 den billigste pris!<\/p>\n<p>&nbsp;<\/p>\n<p>&nbsp;<\/p>\n","protected":false},"excerpt":{"rendered":"<p>K\u00f8b billig Philips Avent SCY903\/01 Natural Response sutteflaske 260ml Flow 3 sut +1 m\u00e5neder! Philips Avent Natural Response sutteflaske er udviklet til at underst\u00f8tte din babys individuelle drikkerytme og g\u00f8re det nemt at kombinere amning og flaskemadning. Flasken efterligner brystet, da Natural Response-sutten kun frigiver m\u00e6lk, n\u00e5r din baby aktivt drikker. Det giver mulighed for, [&hellip;]<\/p>\n","protected":false},"featured_media":999980000004477370,"template":"","meta":[],"store":[1272516],"product_brand":[1272519],"product_cat":[1272414,1272413],"product_tag":[1272709,1272706,1275180],"class_list":{"0":"post-447737","1":"product","2":"type-product","3":"status-publish","4":"has-post-thumbnail","6":"store-butik24","7":"product_brand-philips","8":"product_cat-baby-personlig-pleje","9":"product_cat-personlig-pleje","10":"product_tag-baby","11":"product_tag-personlig-pleje","12":"product_tag-philips","13":"pa_maerke-philips","15":"first","16":"instock","17":"sale","18":"product-type-external"},"_links":{"self":[{"href":"https:\/\/www.pricetornado.com\/da\/wp-json\/wp\/v2\/product\/447737","targetHints":{"allow":["GET"]}}],"collection":[{"href":"https:\/\/www.pricetornado.com\/da\/wp-json\/wp\/v2\/product"}],"about":[{"href":"https:\/\/www.pricetornado.com\/da\/wp-json\/wp\/v2\/types\/product"}],"wp:featuredmedia":[{"embeddable":true,"href":"https:\/\/www.pricetornado.com\/da\/wp-json\/"}],"wp:attachment":[{"href":"https:\/\/www.pricetornado.com\/da\/wp-json\/wp\/v2\/media?parent=447737"}],"wp:term":[{"taxonomy":"store","embeddable":true,"href":"https:\/\/www.pricetornado.com\/da\/wp-json\/wp\/v2\/store?post=447737"},{"taxonomy":"product_brand","embeddable":true,"href":"https:\/\/www.pricetornado.com\/da\/wp-json\/wp\/v2\/product_brand?post=447737"},{"taxonomy":"product_cat","embeddable":true,"href":"https:\/\/www.pricetornado.com\/da\/wp-json\/wp\/v2\/product_cat?post=447737"},{"taxonomy":"product_tag","embeddable":true,"href":"https:\/\/www.pricetornado.com\/da\/wp-json\/wp\/v2\/product_tag?post=447737"}],"curies":[{"name":"wp","href":"https:\/\/api.w.org\/{rel}","templated":true}]}}