{"id":447732,"date":"2025-02-27T18:54:25","date_gmt":"2025-02-27T17:54:25","guid":{"rendered":"https:\/\/www.pricetornado.com\/da\/produkt\/philips-hc3505-15-haarklipper-13-laengdeindstilinger\/"},"modified":"2026-04-18T02:19:52","modified_gmt":"2026-04-18T00:19:52","slug":"philips-hc3505-15-haarklipper-13-laengdeindstilinger","status":"publish","type":"product","link":"https:\/\/www.pricetornado.com\/da\/produkt\/philips-hc3505-15-haarklipper-13-laengdeindstilinger\/","title":{"rendered":"Philips HC3505\/15 H\u00e5rklipper 13 l\u00e6ngdeindstilinger"},"content":{"rendered":"<p>K\u00f8b billig Philips HC3505\/15 H\u00e5rklipper 13 l\u00e6ngdeindstilinger!<br \/>\nF\u00e5 en hurtig og nem klipning med Philips HC3505\/15 h\u00e5rklipper, der er udstyret med avanceret DualCut-teknologi og dobbeltslibede rustfri st\u00e5lsk\u00e6r. Disse selvslibende sk\u00e6r leverer dobbelt s\u00e5 hurtig klipning som tidligere modeller og garanterer langvarig pr\u00e6cision og holdbarhed. Trim-n-Flow-teknologien forhindrer tilstopning, s\u00e5 du kan klippe hele frisuren uden afbrydelser.Philips HC3505\/15 har et ergonomisk, tekstureret h\u00e5ndtag, der giver komfortabelt greb og optimal kontrol under klipningen. Sk\u00e6rene er nemme at tage af, hvilket g\u00f8r reng\u00f8ringen hurtig og enkel. H\u00e5rklipperen benytter konstant str\u00f8m via ledning (1,8\u20132,5 meter) og beh\u00f8ver aldrig opladning, s\u00e5 du slipper for driftstop.Du f\u00e5r fuld kontrol med 13 justerbare l\u00e6ngdeindstillinger fra 0,5 til 23 mm i 2 mm intervaller. Sk\u00e6rene kr\u00e6ver hverken olie eller anden vedligeholdelse, og maskinen er designet til at holde i mange \u00e5r uden ekstra pleje.V\u00e6lg Philips HC3505\/15 for en p\u00e5lidelig, brugervenlig og pr\u00e6cis h\u00e5rklipper, der g\u00f8r det nemt at opn\u00e5 professionelle resultater hjemme. Se ogs\u00e5 vores udvalg af andre produkter for mere kvalitet og innovation.<\/p>\n<p>Sammenlign priser p\u00e5 Philips HC3505\/15 H\u00e5rklipper 13 l\u00e6ngdeindstilinger og k\u00f8b online til den billigste pris, samt p\u00e5 tilbud!\u00a0\u00a0Tjek den bedste pris, produkt beskrivelse, video, test, anmeldelser osv.<\/p>\n<p><strong>Brand: <\/strong>Philips<br \/>\n<strong>EAN: <\/strong>8710103859673<br \/>\n<strong>Producentens varenr.:<\/strong> 8710103859673<\/p>\n<p><strong>P.S.<\/strong><br \/>\nTilmeld dig til &#8220;Opret Gratis Prisfald Alarm&#8221;, og bliv underrettet med det samme om prisfald p\u00e5 Philips HC3505\/15 H\u00e5rklipper 13 l\u00e6ngdeindstilinger, og f\u00e5 den billigste pris!<\/p>\n<p>&nbsp;<\/p>\n<p>&nbsp;<\/p>\n","protected":false},"excerpt":{"rendered":"<p>K\u00f8b billig Philips HC3505\/15 H\u00e5rklipper 13 l\u00e6ngdeindstilinger! F\u00e5 en hurtig og nem klipning med Philips HC3505\/15 h\u00e5rklipper, der er udstyret med avanceret DualCut-teknologi og dobbeltslibede rustfri st\u00e5lsk\u00e6r. Disse selvslibende sk\u00e6r leverer dobbelt s\u00e5 hurtig klipning som tidligere modeller og garanterer langvarig pr\u00e6cision og holdbarhed. Trim-n-Flow-teknologien forhindrer tilstopning, s\u00e5 du kan klippe hele frisuren uden afbrydelser.Philips [&hellip;]<\/p>\n","protected":false},"featured_media":999980000004477320,"template":"","meta":[],"store":[1272516],"product_brand":[1272519],"product_cat":[1272429,1272413],"product_tag":[1272711,1272706,1275180],"class_list":{"0":"post-447732","1":"product","2":"type-product","3":"status-publish","4":"has-post-thumbnail","6":"store-butik24","7":"product_brand-philips","8":"product_cat-maend-personlig-pleje","9":"product_cat-personlig-pleje","10":"product_tag-maend","11":"product_tag-personlig-pleje","12":"product_tag-philips","13":"pa_maerke-philips","15":"first","16":"instock","17":"product-type-external"},"_links":{"self":[{"href":"https:\/\/www.pricetornado.com\/da\/wp-json\/wp\/v2\/product\/447732","targetHints":{"allow":["GET"]}}],"collection":[{"href":"https:\/\/www.pricetornado.com\/da\/wp-json\/wp\/v2\/product"}],"about":[{"href":"https:\/\/www.pricetornado.com\/da\/wp-json\/wp\/v2\/types\/product"}],"wp:featuredmedia":[{"embeddable":true,"href":"https:\/\/www.pricetornado.com\/da\/wp-json\/"}],"wp:attachment":[{"href":"https:\/\/www.pricetornado.com\/da\/wp-json\/wp\/v2\/media?parent=447732"}],"wp:term":[{"taxonomy":"store","embeddable":true,"href":"https:\/\/www.pricetornado.com\/da\/wp-json\/wp\/v2\/store?post=447732"},{"taxonomy":"product_brand","embeddable":true,"href":"https:\/\/www.pricetornado.com\/da\/wp-json\/wp\/v2\/product_brand?post=447732"},{"taxonomy":"product_cat","embeddable":true,"href":"https:\/\/www.pricetornado.com\/da\/wp-json\/wp\/v2\/product_cat?post=447732"},{"taxonomy":"product_tag","embeddable":true,"href":"https:\/\/www.pricetornado.com\/da\/wp-json\/wp\/v2\/product_tag?post=447732"}],"curies":[{"name":"wp","href":"https:\/\/api.w.org\/{rel}","templated":true}]}}