{"id":447724,"date":"2025-02-22T12:58:59","date_gmt":"2025-02-22T11:58:59","guid":{"rendered":"https:\/\/www.pricetornado.com\/da\/produkt\/nedis-satellit-vaegbeslag-afstand-til-vaeg-90-mm-diameterklemme-32-42-mm-staal-soelv-sdwm500me\/"},"modified":"2026-04-20T03:10:43","modified_gmt":"2026-04-20T01:10:43","slug":"nedis-satellit-vaegbeslag-afstand-til-vaeg-90-mm-diameterklemme-32-42-mm-staal-soelv-sdwm500me","status":"publish","type":"product","link":"https:\/\/www.pricetornado.com\/da\/produkt\/nedis-satellit-vaegbeslag-afstand-til-vaeg-90-mm-diameterklemme-32-42-mm-staal-soelv-sdwm500me\/","title":{"rendered":"Nedis &#8211; Satellit V\u00e6gbeslag | Afstand til V\u00e6g: 90 mm | Diameterklemme: 32-42 mm | St\u00e5l | S\u00f8lv &#8211; SDWM500ME"},"content":{"rendered":"<p>K\u00f8b billig Nedis &#8211; Satellit V\u00e6gbeslag | Afstand til V\u00e6g: 90 mm | Diameterklemme: 32-42 mm | St\u00e5l | S\u00f8lv &#8211; SDWM500ME!<br \/>\nFastg\u00f8r dette antennemastbeslag til en gavl eller v\u00e6g og undg\u00e5 behovet for at installere en mast gennem taget p\u00e5 dit hus. Beslaget sikrer, at din TV-mast eller satellitantenne bliver monteret stabilt og sikkert \u2013 en p\u00e5lidelig l\u00f8sning til b\u00e5de private hjem og erhverv.Dette v\u00e6gbeslag er fremstillet i st\u00e5l, hvilket giver ekstra styrke, lang holdbarhed og modstand mod vind og vejr. Det er velegnet til udend\u00f8rs brug, hvor stabilitet og levetid er vigtige krav.Afstand til v\u00e6g: 90 mm \u2013 sikrer optimal placering af din antenne for bedst mulig signalmodtagelse.Diameterklemme: 32-42 mm \u2013 passer til forskellige st\u00f8rrelser af antennemaster og satellitantenner.Kan anvendes til b\u00e5de satellitantenner og traditionelle TV-antenner for \u00f8get alsidighed.Brugervenligt design giver nem installation og hurtig justering uden kompliceret v\u00e6rkt\u00f8j.Foretr\u00e6kker du en solid og fleksibel l\u00f8sning til montering af antenne eller parabol, er dette Nedis v\u00e6gbeslag et p\u00e5lideligt valg.<\/p>\n<p>Sammenlign priser p\u00e5 Nedis &#8211; Satellit V\u00e6gbeslag | Afstand til V\u00e6g: 90 mm | Diameterklemme: 32-42 mm | St\u00e5l | S\u00f8lv &#8211; SDWM500ME og k\u00f8b online til den billigste pris, samt p\u00e5 tilbud!\u00a0\u00a0Tjek den bedste pris, produkt beskrivelse, video, test, anmeldelser osv.<\/p>\n<p><strong>Brand: <\/strong>Nedis<br \/>\n<strong>EAN: <\/strong>5412810298174<br \/>\n<strong>Producentens varenr.:<\/strong> 5412810298174<\/p>\n<p><strong>P.S.<\/strong><br \/>\nTilmeld dig til &#8220;Opret Gratis Prisfald Alarm&#8221;, og bliv underrettet med det samme om prisfald p\u00e5 Nedis &#8211; Satellit V\u00e6gbeslag | Afstand til V\u00e6g: 90 mm | Diameterklemme: 32-42 mm | St\u00e5l | S\u00f8lv &#8211; SDWM500ME, og f\u00e5 den billigste pris!<\/p>\n<p>&nbsp;<\/p>\n<p>&nbsp;<\/p>\n","protected":false},"excerpt":{"rendered":"<p>K\u00f8b billig Nedis &#8211; Satellit V\u00e6gbeslag | Afstand til V\u00e6g: 90 mm | Diameterklemme: 32-42 mm | St\u00e5l | S\u00f8lv &#8211; SDWM500ME! Fastg\u00f8r dette antennemastbeslag til en gavl eller v\u00e6g og undg\u00e5 behovet for at installere en mast gennem taget p\u00e5 dit hus. Beslaget sikrer, at din TV-mast eller satellitantenne bliver monteret stabilt og sikkert [&hellip;]<\/p>\n","protected":false},"featured_media":999980000004477240,"template":"","meta":[],"store":[1272516],"product_brand":[1272517],"product_cat":[1272427],"product_tag":[1272678,1275178],"class_list":{"0":"post-447724","1":"product","2":"type-product","3":"status-publish","4":"has-post-thumbnail","6":"store-butik24","7":"product_brand-nedis","8":"product_cat-beslag","9":"product_tag-beslag","10":"product_tag-nedis","11":"pa_maerke-nedis","13":"first","14":"instock","15":"product-type-external"},"_links":{"self":[{"href":"https:\/\/www.pricetornado.com\/da\/wp-json\/wp\/v2\/product\/447724","targetHints":{"allow":["GET"]}}],"collection":[{"href":"https:\/\/www.pricetornado.com\/da\/wp-json\/wp\/v2\/product"}],"about":[{"href":"https:\/\/www.pricetornado.com\/da\/wp-json\/wp\/v2\/types\/product"}],"wp:featuredmedia":[{"embeddable":true,"href":"https:\/\/www.pricetornado.com\/da\/wp-json\/"}],"wp:attachment":[{"href":"https:\/\/www.pricetornado.com\/da\/wp-json\/wp\/v2\/media?parent=447724"}],"wp:term":[{"taxonomy":"store","embeddable":true,"href":"https:\/\/www.pricetornado.com\/da\/wp-json\/wp\/v2\/store?post=447724"},{"taxonomy":"product_brand","embeddable":true,"href":"https:\/\/www.pricetornado.com\/da\/wp-json\/wp\/v2\/product_brand?post=447724"},{"taxonomy":"product_cat","embeddable":true,"href":"https:\/\/www.pricetornado.com\/da\/wp-json\/wp\/v2\/product_cat?post=447724"},{"taxonomy":"product_tag","embeddable":true,"href":"https:\/\/www.pricetornado.com\/da\/wp-json\/wp\/v2\/product_tag?post=447724"}],"curies":[{"name":"wp","href":"https:\/\/api.w.org\/{rel}","templated":true}]}}