{"id":447721,"date":"2025-02-27T22:44:29","date_gmt":"2025-02-27T21:44:29","guid":{"rendered":"https:\/\/www.pricetornado.com\/da\/produkt\/nedis-satellit-mast-mast-laengde-1-00-m-maksimal-stoerrelse-90-0-cm-staal-soelv-sdmt100me\/"},"modified":"2026-04-17T06:09:55","modified_gmt":"2026-04-17T04:09:55","slug":"nedis-satellit-mast-mast-laengde-1-00-m-maksimal-stoerrelse-90-0-cm-staal-soelv-sdmt100me","status":"publish","type":"product","link":"https:\/\/www.pricetornado.com\/da\/produkt\/nedis-satellit-mast-mast-laengde-1-00-m-maksimal-stoerrelse-90-0-cm-staal-soelv-sdmt100me\/","title":{"rendered":"Nedis &#8211; Satellit Mast | mast l\u00e6ngde: 1.00 m | Maksimal st\u00f8rrelse: 90.0 cm | St\u00e5l | S\u00f8lv &#8211; SDMT100ME"},"content":{"rendered":"<p>K\u00f8b billig Nedis &#8211; Satellit Mast | mast l\u00e6ngde: 1.00 m | Maksimal st\u00f8rrelse: 90.0 cm | St\u00e5l | S\u00f8lv &#8211; SDMT100ME!<br \/>\nDenne satellitmast fra Nedis er fremstillet af galvaniseret st\u00e5l, som sikrer h\u00f8j holdbarhed og effektiv beskyttelse mod korrosion. Med en diameter p\u00e5 42 mm og en l\u00e6ngde p\u00e5 1 meter f\u00e5r du en stabil l\u00f8sning til montering af antenner eller parabolantenner.Masten har et praktisk teleskopsystem, der g\u00f8r det muligt nemt at forl\u00e6nge den ved at forbinde to Nedis-master. Dette giver ekstra fleksibilitet og g\u00f8r det let at tilpasse ops\u00e6tningen til dine behov.Takket v\u00e6re den robuste st\u00e5lkonstruktion med galvanisering har masten indbygget beskyttelse mod rust og barske vejrforhold. Dette bidrager til lang levetid og sikker brug i alle milj\u00f8er.-produkter og find den optimale l\u00f8sning til dine tekniske installationer.<\/p>\n<p>Sammenlign priser p\u00e5 Nedis &#8211; Satellit Mast | mast l\u00e6ngde: 1.00 m | Maksimal st\u00f8rrelse: 90.0 cm | St\u00e5l | S\u00f8lv &#8211; SDMT100ME og k\u00f8b online til den billigste pris, samt p\u00e5 tilbud!\u00a0\u00a0Tjek den bedste pris, produkt beskrivelse, video, test, anmeldelser osv.<\/p>\n<p><strong>Brand: <\/strong>Nedis<br \/>\n<strong>EAN: <\/strong>5412810298129<br \/>\n<strong>Producentens varenr.:<\/strong> 5412810298129<\/p>\n<p><strong>P.S.<\/strong><br \/>\nTilmeld dig til &#8220;Opret Gratis Prisfald Alarm&#8221;, og bliv underrettet med det samme om prisfald p\u00e5 Nedis &#8211; Satellit Mast | mast l\u00e6ngde: 1.00 m | Maksimal st\u00f8rrelse: 90.0 cm | St\u00e5l | S\u00f8lv &#8211; SDMT100ME, og f\u00e5 den billigste pris!<\/p>\n<p>&nbsp;<\/p>\n<p>&nbsp;<\/p>\n","protected":false},"excerpt":{"rendered":"<p>K\u00f8b billig Nedis &#8211; Satellit Mast | mast l\u00e6ngde: 1.00 m | Maksimal st\u00f8rrelse: 90.0 cm | St\u00e5l | S\u00f8lv &#8211; SDMT100ME! Denne satellitmast fra Nedis er fremstillet af galvaniseret st\u00e5l, som sikrer h\u00f8j holdbarhed og effektiv beskyttelse mod korrosion. Med en diameter p\u00e5 42 mm og en l\u00e6ngde p\u00e5 1 meter f\u00e5r du en [&hellip;]<\/p>\n","protected":false},"featured_media":999980000004477210,"template":"","meta":[],"store":[1272516],"product_brand":[1272517],"product_cat":[1272427],"product_tag":[1272678,1275178],"class_list":{"0":"post-447721","1":"product","2":"type-product","3":"status-publish","4":"has-post-thumbnail","6":"store-butik24","7":"product_brand-nedis","8":"product_cat-beslag","9":"product_tag-beslag","10":"product_tag-nedis","11":"pa_maerke-nedis","13":"first","14":"instock","15":"product-type-external"},"_links":{"self":[{"href":"https:\/\/www.pricetornado.com\/da\/wp-json\/wp\/v2\/product\/447721","targetHints":{"allow":["GET"]}}],"collection":[{"href":"https:\/\/www.pricetornado.com\/da\/wp-json\/wp\/v2\/product"}],"about":[{"href":"https:\/\/www.pricetornado.com\/da\/wp-json\/wp\/v2\/types\/product"}],"wp:featuredmedia":[{"embeddable":true,"href":"https:\/\/www.pricetornado.com\/da\/wp-json\/"}],"wp:attachment":[{"href":"https:\/\/www.pricetornado.com\/da\/wp-json\/wp\/v2\/media?parent=447721"}],"wp:term":[{"taxonomy":"store","embeddable":true,"href":"https:\/\/www.pricetornado.com\/da\/wp-json\/wp\/v2\/store?post=447721"},{"taxonomy":"product_brand","embeddable":true,"href":"https:\/\/www.pricetornado.com\/da\/wp-json\/wp\/v2\/product_brand?post=447721"},{"taxonomy":"product_cat","embeddable":true,"href":"https:\/\/www.pricetornado.com\/da\/wp-json\/wp\/v2\/product_cat?post=447721"},{"taxonomy":"product_tag","embeddable":true,"href":"https:\/\/www.pricetornado.com\/da\/wp-json\/wp\/v2\/product_tag?post=447721"}],"curies":[{"name":"wp","href":"https:\/\/api.w.org\/{rel}","templated":true}]}}