{"id":447718,"date":"2025-02-24T08:03:53","date_gmt":"2025-02-24T07:03:53","guid":{"rendered":"https:\/\/www.pricetornado.com\/da\/produkt\/alecto-sleep-trainer-natlampe-og-vaekkeur-hvid-bc-100\/"},"modified":"2026-04-29T08:10:24","modified_gmt":"2026-04-29T06:10:24","slug":"alecto-sleep-trainer-natlampe-og-vaekkeur-hvid-bc-100","status":"publish","type":"product","link":"https:\/\/www.pricetornado.com\/da\/produkt\/alecto-sleep-trainer-natlampe-og-vaekkeur-hvid-bc-100\/","title":{"rendered":"Alecto &#8211; Sleep trainer natlampe og v\u00e6kkeur hvid &#8211; BC-100"},"content":{"rendered":"<p>K\u00f8b billig Alecto &#8211; Sleep trainer natlampe og v\u00e6kkeur hvid &#8211; BC-100!<br \/>\nMange b\u00f8rn synes, det kan v\u00e6re sv\u00e6rt at kende forskel p\u00e5 dag og nat, is\u00e6r ved skift mellem sommer- og vintertid eller n\u00e5r dagene bliver kortere eller l\u00e6ngere. De v\u00e5gner m\u00e5ske tidligt og tror, det er tid til at st\u00e5 op, selvom de burde sove lidt l\u00e6ngere. Med Alecto BC-100 s\u00f8vntr\u00e6ner bliver det lettere for dit barn at forst\u00e5, hvorn\u00e5r det er tid til at sove og til at st\u00e5 op, s\u00e5 hele familien f\u00e5r en bedre nattes\u00f8vn.Som for\u00e6lder indstiller du et tidspunkt, hvor du \u00f8nsker, barnet m\u00e5 st\u00e5 op. S\u00f8vntr\u00e6neren placeres i b\u00f8rnev\u00e6relset, s\u00e5 dit barn tydeligt kan se displayet. Om natten lyser sk\u00e6rmen bl\u00e5t og viser en m\u00e5ne \u2013 et klart signal om, at det stadig er sovetid. N\u00e5r det forudindstillede tidspunkt er n\u00e5et, skifter sk\u00e6rmen til orange med en sol. P\u00e5 den m\u00e5de kan selv b\u00f8rn, der endnu ikke kan klokken, l\u00e6re at blive i sengen og f\u00e5 mere s\u00f8vn \u2013 noget du som for\u00e6lder sikkert ogs\u00e5 vil s\u00e6tte pris p\u00e5.Alecto BC-100 er simpel at betjene for b\u00e5de b\u00f8rn og voksne. Den genopladelige funktion mindsker behovet for engangsbatterier og g\u00f8r brugen mere milj\u00f8venlig. Materialet g\u00f8r desuden, at produktet er let og sikkert at flytte rundt p\u00e5.BC-100 s\u00f8vntr\u00e6neren er udviklet af Alecto Babycare \u2013 et kendt og popul\u00e6rt m\u00e6rke blandt unge for\u00e6ldre, der \u00f8nsker at g\u00f8re hverdagen nemmere og b\u00f8rnepasning mere tryg. Alectos produkter er ofte bedst i test, og virksomheden er markedsleder inden for babyalarmer. Med Alecto f\u00e5r du gennemtestet kvalitet og brugervenlighed, der underst\u00f8tter dit barns behov i hverdagen.<\/p>\n<p>Sammenlign priser p\u00e5 Alecto &#8211; Sleep trainer natlampe og v\u00e6kkeur hvid &#8211; BC-100 og k\u00f8b online til den billigste pris, samt p\u00e5 tilbud!\u00a0\u00a0Tjek den bedste pris, produkt beskrivelse, video, test, anmeldelser osv.<\/p>\n<p><strong>Brand: <\/strong>Alecto<br \/>\n<strong>EAN: <\/strong>8712412574834<br \/>\n<strong>Producentens varenr.:<\/strong> 8712412574834<\/p>\n<p><strong>P.S.<\/strong><br \/>\nTilmeld dig til &#8220;Opret Gratis Prisfald Alarm&#8221;, og bliv underrettet med det samme om prisfald p\u00e5 Alecto &#8211; Sleep trainer natlampe og v\u00e6kkeur hvid &#8211; BC-100, og f\u00e5 den billigste pris!<\/p>\n<p>&nbsp;<\/p>\n<p>&nbsp;<\/p>\n","protected":false},"excerpt":{"rendered":"<p>K\u00f8b billig Alecto &#8211; Sleep trainer natlampe og v\u00e6kkeur hvid &#8211; BC-100! Mange b\u00f8rn synes, det kan v\u00e6re sv\u00e6rt at kende forskel p\u00e5 dag og nat, is\u00e6r ved skift mellem sommer- og vintertid eller n\u00e5r dagene bliver kortere eller l\u00e6ngere. De v\u00e5gner m\u00e5ske tidligt og tror, det er tid til at st\u00e5 op, selvom de [&hellip;]<\/p>\n","protected":false},"featured_media":999980000004477180,"template":"","meta":[],"store":[1272516],"product_brand":[1272518],"product_cat":[1272510],"product_tag":[1275186,1272728],"class_list":{"0":"post-447718","1":"product","2":"type-product","3":"status-publish","4":"has-post-thumbnail","6":"store-butik24","7":"product_brand-alecto","8":"product_cat-babypleje","9":"product_tag-alecto","10":"product_tag-babypleje","11":"pa_maerke-alecto","13":"first","14":"instock","15":"product-type-external"},"_links":{"self":[{"href":"https:\/\/www.pricetornado.com\/da\/wp-json\/wp\/v2\/product\/447718","targetHints":{"allow":["GET"]}}],"collection":[{"href":"https:\/\/www.pricetornado.com\/da\/wp-json\/wp\/v2\/product"}],"about":[{"href":"https:\/\/www.pricetornado.com\/da\/wp-json\/wp\/v2\/types\/product"}],"wp:featuredmedia":[{"embeddable":true,"href":"https:\/\/www.pricetornado.com\/da\/wp-json\/"}],"wp:attachment":[{"href":"https:\/\/www.pricetornado.com\/da\/wp-json\/wp\/v2\/media?parent=447718"}],"wp:term":[{"taxonomy":"store","embeddable":true,"href":"https:\/\/www.pricetornado.com\/da\/wp-json\/wp\/v2\/store?post=447718"},{"taxonomy":"product_brand","embeddable":true,"href":"https:\/\/www.pricetornado.com\/da\/wp-json\/wp\/v2\/product_brand?post=447718"},{"taxonomy":"product_cat","embeddable":true,"href":"https:\/\/www.pricetornado.com\/da\/wp-json\/wp\/v2\/product_cat?post=447718"},{"taxonomy":"product_tag","embeddable":true,"href":"https:\/\/www.pricetornado.com\/da\/wp-json\/wp\/v2\/product_tag?post=447718"}],"curies":[{"name":"wp","href":"https:\/\/api.w.org\/{rel}","templated":true}]}}