{"id":447715,"date":"2025-02-25T19:14:46","date_gmt":"2025-02-25T18:14:46","guid":{"rendered":"https:\/\/www.pricetornado.com\/da\/produkt\/alecto-babyalarm-med-kamera-og-24-hvid-farveskaerm-dvm-64\/"},"modified":"2026-04-18T10:20:37","modified_gmt":"2026-04-18T08:20:37","slug":"alecto-babyalarm-med-kamera-og-24-hvid-farveskaerm-dvm-64","status":"publish","type":"product","link":"https:\/\/www.pricetornado.com\/da\/produkt\/alecto-babyalarm-med-kamera-og-24-hvid-farveskaerm-dvm-64\/","title":{"rendered":"Alecto &#8211; Babyalarm med kamera og 2,4&quot; hvid farvesk\u00e6rm &#8211; DVM-64"},"content":{"rendered":"<p>K\u00f8b billig Alecto &#8211; Babyalarm med kamera og 2,4&quot; hvid farvesk\u00e6rm &#8211; DVM-64!<br \/>\n. Babyalarmen best\u00e5r af et holdbart plastkamera og en 2,4&quot; farvesk\u00e6rm, der leverer krystalklare billeder i realtid \u2013 b\u00e5de dag og nat takket v\u00e6re indbygget natfunktion. Den sikre og 100 % forstyrrelsesfri forbindelse giver dig ro i sindet, s\u00e5 du altid kan holde \u00f8je med dit barn.Lang batteritid p\u00e5 op til 10 timer i den genopladelige for\u00e6ldreenhed, s\u00e5 du frit kan bev\u00e6ge dig rundt i hjemmet.Krystalklar lydkvalitet og tydeligt billede, uanset om det er dag eller nat.Praktisk tovejskommunikation, der g\u00f8r det muligt at tale med dit barn p\u00e5 afstand \u2013 perfekt til vuggeviser eller godnathistorier.Udvidelsesmulighed med op til fire kameraer for at overv\u00e5ge flere rum eller b\u00f8rn samtidigt.Indbygget temperaturvisning og alarm, s\u00e5 du altid ved, om v\u00e6relset har den rette temperatur.VOX-funktion, der automatisk aktiverer sk\u00e6rm og lyd ved lyde fra barnet, med justerbar f\u00f8lsomhed.Alarm ved tab af forbindelse, s\u00e5 du hurtigt bliver varslet, hvis du er uden for r\u00e6kkevidde.Let og robust design i plast, sikrer nem h\u00e5ndtering og placering i hjemmet.Denne babyalarm med video fra Alecto kombinerer avanceret teknologi og brugervenlighed med et fremragende forhold mellem pris og kvalitet, hvilket g\u00f8r den til et ideelt valg for nybagte for\u00e6ldre. Uanset om du er i haven eller et andet rum, kan du nemt overv\u00e5ge dit barn med lyd og billede i h\u00f8j kvalitet.V\u00e6lg Alecto babyalarm med kamera og f\u00e5 p\u00e5lidelig overv\u00e5gning samt \u00f8get tryghed i hjemmet.<\/p>\n<p>Sammenlign priser p\u00e5 Alecto &#8211; Babyalarm med kamera og 2,4&quot; hvid farvesk\u00e6rm &#8211; DVM-64 og k\u00f8b online til den billigste pris, samt p\u00e5 tilbud!\u00a0\u00a0Tjek den bedste pris, produkt beskrivelse, video, test, anmeldelser osv.<\/p>\n<p><strong>Brand: <\/strong>Alecto<br \/>\n<strong>EAN: <\/strong>8712412583263<br \/>\n<strong>Producentens varenr.:<\/strong> 8712412583263<\/p>\n<p><strong>P.S.<\/strong><br \/>\nTilmeld dig til &#8220;Opret Gratis Prisfald Alarm&#8221;, og bliv underrettet med det samme om prisfald p\u00e5 Alecto &#8211; Babyalarm med kamera og 2,4&quot; hvid farvesk\u00e6rm &#8211; DVM-64, og f\u00e5 den billigste pris!<\/p>\n<p>&nbsp;<\/p>\n<p>&nbsp;<\/p>\n","protected":false},"excerpt":{"rendered":"<p>K\u00f8b billig Alecto &#8211; Babyalarm med kamera og 2,4&quot; hvid farvesk\u00e6rm &#8211; DVM-64! . Babyalarmen best\u00e5r af et holdbart plastkamera og en 2,4&quot; farvesk\u00e6rm, der leverer krystalklare billeder i realtid \u2013 b\u00e5de dag og nat takket v\u00e6re indbygget natfunktion. Den sikre og 100 % forstyrrelsesfri forbindelse giver dig ro i sindet, s\u00e5 du altid kan [&hellip;]<\/p>\n","protected":false},"featured_media":999980000004477150,"template":"","meta":[],"store":[1272516],"product_brand":[1272518],"product_cat":[1272510],"product_tag":[1275186,1272728],"class_list":{"0":"post-447715","1":"product","2":"type-product","3":"status-publish","4":"has-post-thumbnail","6":"store-butik24","7":"product_brand-alecto","8":"product_cat-babypleje","9":"product_tag-alecto","10":"product_tag-babypleje","11":"pa_maerke-alecto","13":"first","14":"instock","15":"product-type-external"},"_links":{"self":[{"href":"https:\/\/www.pricetornado.com\/da\/wp-json\/wp\/v2\/product\/447715","targetHints":{"allow":["GET"]}}],"collection":[{"href":"https:\/\/www.pricetornado.com\/da\/wp-json\/wp\/v2\/product"}],"about":[{"href":"https:\/\/www.pricetornado.com\/da\/wp-json\/wp\/v2\/types\/product"}],"wp:featuredmedia":[{"embeddable":true,"href":"https:\/\/www.pricetornado.com\/da\/wp-json\/"}],"wp:attachment":[{"href":"https:\/\/www.pricetornado.com\/da\/wp-json\/wp\/v2\/media?parent=447715"}],"wp:term":[{"taxonomy":"store","embeddable":true,"href":"https:\/\/www.pricetornado.com\/da\/wp-json\/wp\/v2\/store?post=447715"},{"taxonomy":"product_brand","embeddable":true,"href":"https:\/\/www.pricetornado.com\/da\/wp-json\/wp\/v2\/product_brand?post=447715"},{"taxonomy":"product_cat","embeddable":true,"href":"https:\/\/www.pricetornado.com\/da\/wp-json\/wp\/v2\/product_cat?post=447715"},{"taxonomy":"product_tag","embeddable":true,"href":"https:\/\/www.pricetornado.com\/da\/wp-json\/wp\/v2\/product_tag?post=447715"}],"curies":[{"name":"wp","href":"https:\/\/api.w.org\/{rel}","templated":true}]}}