{"id":447714,"date":"2025-02-25T18:07:32","date_gmt":"2025-02-25T17:07:32","guid":{"rendered":"https:\/\/www.pricetornado.com\/da\/produkt\/lenco-portable-fm-radio-cd-cassette-player-silver-scd-420si\/"},"modified":"2026-04-17T11:20:19","modified_gmt":"2026-04-17T09:20:19","slug":"lenco-portable-fm-radio-cd-cassette-player-silver-scd-420si","status":"publish","type":"product","link":"https:\/\/www.pricetornado.com\/da\/produkt\/lenco-portable-fm-radio-cd-cassette-player-silver-scd-420si\/","title":{"rendered":"Lenco &#8211; Portable FM Radio CD- Cassette player Silver &#8211; SCD-420SI"},"content":{"rendered":"<p>K\u00f8b billig Lenco &#8211; Portable FM Radio CD- Cassette player Silver &#8211; SCD-420SI!<br \/>\nLenco SCD-420SI er en alsidig og b\u00e6rbar musikafspiller, der kombinerer FM-radio, CD-afspiller (kompatibel med CD-R\/RW) og kassetteafspiller i \u00e9t kompakt og robust design af metal og plast. Med en v\u00e6gt p\u00e5 kun 1,98 kg og dimensioner p\u00e5 29,0 x 23,5 x 14,4 cm er den let at tage med overalt, og det integrerede b\u00e6reh\u00e5ndtag g\u00f8r transporten endnu nemmere, uanset om du er hjemme eller p\u00e5 farten.Med SCD-420SI kan du nemt lytte til musik fra forskellige kilder. Den indbyggede CD-afspiller underst\u00f8tter b\u00e5de almindelige CD&apos;er og CD-R\/RW, mens kassetteafspilleren giver adgang til klassiske b\u00e5nd. Den programmerbare cd-hukommelse lader dig arrangere op til 20 numre i den r\u00e6kkef\u00f8lge, du \u00f8nsker. Desuden giver gentagelsesfunktionen mulighed for at afspille dine yndlingsnumre igen og igen uden manuel betjening.Den tydelige LCD-sk\u00e6rm sikrer nem afl\u00e6sning af aktuel sang og indstillinger, samtidig med at displayet er energibesparende og fylder minimalt. Teleskopantennen forbedrer signalet for FM-radioen og reducerer st\u00f8j, s\u00e5 du hurtigt og let finder din foretrukne radiostation med klar lyd.Automatisk stop-funktion stopper afspilning af CD eller kassette automatisk og forl\u00e6nger dermed enhedens levetid.Lavt standbyforbrug p\u00e5 kun 0,23 watt bidrager til energieffektivitet.Kan anvendes med b\u00e5de str\u00f8m fra stikkontakt og batterier (batteritype ikke specificeret), s\u00e5 der er fleksibilitet i brugen \u2013 b\u00e5de indend\u00f8rs og udend\u00f8rs.Indbygget hovedtelefonudgang giver mulighed for privat lytning uden behov for eksterne h\u00f8jttalere.Takket v\u00e6re det kompakte format, den lave v\u00e6gt og b\u00e6reh\u00e5ndtaget er Lenco SCD-420SI ideel til at tage med til fest, p\u00e5 stranden, camping eller rejsen. Nyd kvalitetslyd fra radio, CD eller kassette uanset hvor du befinder dig, og oplev fordelene ved en multifunktionel og mobil musikafspiller.-produkter og find flere smarte l\u00f8sninger til din musikoplevelse.<\/p>\n<p>Sammenlign priser p\u00e5 Lenco &#8211; Portable FM Radio CD- Cassette player Silver &#8211; SCD-420SI og k\u00f8b online til den billigste pris, samt p\u00e5 tilbud!\u00a0\u00a0Tjek den bedste pris, produkt beskrivelse, video, test, anmeldelser osv.<\/p>\n<p><strong>Brand: <\/strong>Lenco<br \/>\n<strong>EAN: <\/strong>8711902035077<br \/>\n<strong>Producentens varenr.:<\/strong> 8711902035077<\/p>\n<p><strong>P.S.<\/strong><br \/>\nTilmeld dig til &#8220;Opret Gratis Prisfald Alarm&#8221;, og bliv underrettet med det samme om prisfald p\u00e5 Lenco &#8211; Portable FM Radio CD- Cassette player Silver &#8211; SCD-420SI, og f\u00e5 den billigste pris!<\/p>\n<p>&nbsp;<\/p>\n<p>&nbsp;<\/p>\n","protected":false},"excerpt":{"rendered":"<p>K\u00f8b billig Lenco &#8211; Portable FM Radio CD- Cassette player Silver &#8211; SCD-420SI! Lenco SCD-420SI er en alsidig og b\u00e6rbar musikafspiller, der kombinerer FM-radio, CD-afspiller (kompatibel med CD-R\/RW) og kassetteafspiller i \u00e9t kompakt og robust design af metal og plast. Med en v\u00e6gt p\u00e5 kun 1,98 kg og dimensioner p\u00e5 29,0 x 23,5 x 14,4 [&hellip;]<\/p>\n","protected":false},"featured_media":999980000004477140,"template":"","meta":[],"store":[1272516],"product_brand":[1272526],"product_cat":[1272439],"product_tag":[1275188,1272694],"class_list":{"0":"post-447714","1":"product","2":"type-product","3":"status-publish","4":"has-post-thumbnail","6":"store-butik24","7":"product_brand-lenco","8":"product_cat-radio-2","9":"product_tag-lenco","10":"product_tag-radio","11":"pa_maerke-lenco","13":"first","14":"instock","15":"product-type-external"},"_links":{"self":[{"href":"https:\/\/www.pricetornado.com\/da\/wp-json\/wp\/v2\/product\/447714","targetHints":{"allow":["GET"]}}],"collection":[{"href":"https:\/\/www.pricetornado.com\/da\/wp-json\/wp\/v2\/product"}],"about":[{"href":"https:\/\/www.pricetornado.com\/da\/wp-json\/wp\/v2\/types\/product"}],"wp:featuredmedia":[{"embeddable":true,"href":"https:\/\/www.pricetornado.com\/da\/wp-json\/"}],"wp:attachment":[{"href":"https:\/\/www.pricetornado.com\/da\/wp-json\/wp\/v2\/media?parent=447714"}],"wp:term":[{"taxonomy":"store","embeddable":true,"href":"https:\/\/www.pricetornado.com\/da\/wp-json\/wp\/v2\/store?post=447714"},{"taxonomy":"product_brand","embeddable":true,"href":"https:\/\/www.pricetornado.com\/da\/wp-json\/wp\/v2\/product_brand?post=447714"},{"taxonomy":"product_cat","embeddable":true,"href":"https:\/\/www.pricetornado.com\/da\/wp-json\/wp\/v2\/product_cat?post=447714"},{"taxonomy":"product_tag","embeddable":true,"href":"https:\/\/www.pricetornado.com\/da\/wp-json\/wp\/v2\/product_tag?post=447714"}],"curies":[{"name":"wp","href":"https:\/\/api.w.org\/{rel}","templated":true}]}}