{"id":447712,"date":"2025-02-26T19:31:31","date_gmt":"2025-02-26T18:31:31","guid":{"rendered":"https:\/\/www.pricetornado.com\/da\/produkt\/superslim-cl550-ss-rd-15w-27k-w-wv-06\/"},"modified":"2026-04-17T02:40:26","modified_gmt":"2026-04-17T00:40:26","slug":"superslim-cl550-ss-rd-15w-27k-w-wv-06","status":"publish","type":"product","link":"https:\/\/www.pricetornado.com\/da\/produkt\/superslim-cl550-ss-rd-15w-27k-w-wv-06\/","title":{"rendered":"Superslim CL550 SS RD 15W 27K W WV 06"},"content":{"rendered":"<p>K\u00f8b billig Superslim CL550 SS RD 15W 27K W WV 06!<br \/>\nSkab den rette atmosf\u00e6re og tilpas belysningen efter behov med Philips SceneSwitch LED loftslampe. Med tre forskellige lysindstillinger kan du let v\u00e6lge det niveau, der passer bedst til tidspunktet eller situationen \u2013 og det kr\u00e6ver hverken installation af lysd\u00e6mper eller ekstra udstyr. Du bruger blot din eksisterende v\u00e6gkontakt for at skifte mellem indstillingerne.Lampen er designet til indend\u00f8rs brug og har et moderne, rundt udtryk med overflademonteret installation, som g\u00f8r ops\u00e6tningen nem. Huset er fremstillet i metal, hvilket \u00f8ger b\u00e5de holdbarhed og sikkerhed. LED-teknologien sikrer et lavt str\u00f8mforbrug p\u00e5 kun 15 watt og en lysstyrke p\u00e5 1300 lumen, samtidig med at den indbyggede LED-lyskilde har en levetid p\u00e5 op til 20.000 timer. Det betyder f\u00e6rre udskiftninger og minimalt vedligehold.Philips SceneSwitch LED loftslampe har en IP20-klassificering, hvilket giver beskyttelse mod st\u00f8rre faste partikler og g\u00f8r den egnet til brug i t\u00f8rre indend\u00f8rsrum s\u00e5som stue eller sovev\u00e6relse. Lampen er udviklet med fokus p\u00e5 \u00f8jenkomfort, s\u00e5 du kan nyde et behageligt lys i hverdagen.Lang levetid p\u00e5 op til 20.000 timer og find den perfekte lampe til dit hjem.<\/p>\n<p>Sammenlign priser p\u00e5 Superslim CL550 SS RD 15W 27K W WV 06 og k\u00f8b online til den billigste pris, samt p\u00e5 tilbud!\u00a0\u00a0Tjek den bedste pris, produkt beskrivelse, video, test, anmeldelser osv.<\/p>\n<p><strong>Brand: <\/strong>Philips<br \/>\n<strong>EAN: <\/strong>8718699681012<br \/>\n<strong>Producentens varenr.:<\/strong> 8718699681012<\/p>\n<p><strong>P.S.<\/strong><br \/>\nTilmeld dig til &#8220;Opret Gratis Prisfald Alarm&#8221;, og bliv underrettet med det samme om prisfald p\u00e5 Superslim CL550 SS RD 15W 27K W WV 06, og f\u00e5 den billigste pris!<\/p>\n<p>&nbsp;<\/p>\n<p>&nbsp;<\/p>\n","protected":false},"excerpt":{"rendered":"<p>K\u00f8b billig Superslim CL550 SS RD 15W 27K W WV 06! Skab den rette atmosf\u00e6re og tilpas belysningen efter behov med Philips SceneSwitch LED loftslampe. Med tre forskellige lysindstillinger kan du let v\u00e6lge det niveau, der passer bedst til tidspunktet eller situationen \u2013 og det kr\u00e6ver hverken installation af lysd\u00e6mper eller ekstra udstyr. Du bruger [&hellip;]<\/p>\n","protected":false},"featured_media":999980000004477120,"template":"","meta":[],"store":[1272516],"product_brand":[1272519],"product_cat":[1272407],"product_tag":[1272697,1275180],"class_list":{"0":"post-447712","1":"product","2":"type-product","3":"status-publish","4":"has-post-thumbnail","6":"store-butik24","7":"product_brand-philips","8":"product_cat-belysning-2","9":"product_tag-belysning","10":"product_tag-philips","11":"pa_maerke-philips","13":"first","14":"instock","15":"product-type-external"},"_links":{"self":[{"href":"https:\/\/www.pricetornado.com\/da\/wp-json\/wp\/v2\/product\/447712","targetHints":{"allow":["GET"]}}],"collection":[{"href":"https:\/\/www.pricetornado.com\/da\/wp-json\/wp\/v2\/product"}],"about":[{"href":"https:\/\/www.pricetornado.com\/da\/wp-json\/wp\/v2\/types\/product"}],"wp:featuredmedia":[{"embeddable":true,"href":"https:\/\/www.pricetornado.com\/da\/wp-json\/"}],"wp:attachment":[{"href":"https:\/\/www.pricetornado.com\/da\/wp-json\/wp\/v2\/media?parent=447712"}],"wp:term":[{"taxonomy":"store","embeddable":true,"href":"https:\/\/www.pricetornado.com\/da\/wp-json\/wp\/v2\/store?post=447712"},{"taxonomy":"product_brand","embeddable":true,"href":"https:\/\/www.pricetornado.com\/da\/wp-json\/wp\/v2\/product_brand?post=447712"},{"taxonomy":"product_cat","embeddable":true,"href":"https:\/\/www.pricetornado.com\/da\/wp-json\/wp\/v2\/product_cat?post=447712"},{"taxonomy":"product_tag","embeddable":true,"href":"https:\/\/www.pricetornado.com\/da\/wp-json\/wp\/v2\/product_tag?post=447712"}],"curies":[{"name":"wp","href":"https:\/\/api.w.org\/{rel}","templated":true}]}}