{"id":447710,"date":"2025-02-20T16:18:02","date_gmt":"2025-02-20T15:18:02","guid":{"rendered":"https:\/\/www.pricetornado.com\/da\/produkt\/limbali-single-spot-white-1x50w-230v\/"},"modified":"2026-04-17T10:00:36","modified_gmt":"2026-04-17T08:00:36","slug":"limbali-single-spot-white-1x50w-230v","status":"publish","type":"product","link":"https:\/\/www.pricetornado.com\/da\/produkt\/limbali-single-spot-white-1x50w-230v\/","title":{"rendered":"Limbali single spot white 1x50W 230V"},"content":{"rendered":"<p>K\u00f8b billig Limbali single spot white 1x50W 230V!<br \/>\nInstaller denne praktiske Philips spotlampe i dit hjem og opn\u00e5 effektiv accentbelysning, hvor du har brug for det. Lampen har en kompakt og minimalistisk st\u00f8rrelse p\u00e5 kun 8\u00d78\u00d713 cm, hvilket g\u00f8r den nem at placere, selv i mindre rum, uden at fylde un\u00f8dvendigt. Med en lav v\u00e6gt p\u00e5 0,15 kg er den enkel at montere og flytte efter behov.Spotlampen er kompatibel med GU10-p\u00e6rer p\u00e5 op til 50 watt, s\u00e5 du kan bruge din foretrukne LED GU10-p\u00e6re fra Philips eller andre m\u00e6rker. Bem\u00e6rk, at p\u00e6ren ikke medf\u00f8lger, hvilket giver dig mulighed for at v\u00e6lge den p\u00e6re, der passer bedst til dine \u00f8nsker vedr\u00f8rende lysstyrke, farve og energiforbrug. For optimal drift anbefales det at v\u00e6lge en energieffektiv LED-p\u00e6re.Lampen tilsluttes direkte til standard 230V el-installation, hvilket g\u00f8r monteringen ligetil. Den er IP20-klassificeret, hvilket giver grundl\u00e6ggende beskyttelse mod st\u00f8v og g\u00f8r den velegnet til t\u00f8rre, indend\u00f8rs milj\u00f8er.Philips spotlampen leveres med 2 \u00e5rs garanti, der understreger producentens fokus p\u00e5 kvalitet og holdbarhed. Velegnet til daglig brug i b\u00e5de hjemmet og p\u00e5 kontoret som en stabil og langtidsholdbar lyskilde. for fleksibel og effektiv belysning i hjemmet eller p\u00e5 kontoret. Kombin\u00e9r lampen med din foretrukne GU10 LED-p\u00e6re for optimal funktionalitet og lang levetid.<\/p>\n<p>Sammenlign priser p\u00e5 Limbali single spot white 1x50W 230V og k\u00f8b online til den billigste pris, samt p\u00e5 tilbud!\u00a0\u00a0Tjek den bedste pris, produkt beskrivelse, video, test, anmeldelser osv.<\/p>\n<p><strong>Brand: <\/strong>Philips<br \/>\n<strong>EAN: <\/strong>8719514465138<br \/>\n<strong>Producentens varenr.:<\/strong> 8719514465138<\/p>\n<p><strong>P.S.<\/strong><br \/>\nTilmeld dig til &#8220;Opret Gratis Prisfald Alarm&#8221;, og bliv underrettet med det samme om prisfald p\u00e5 Limbali single spot white 1x50W 230V, og f\u00e5 den billigste pris!<\/p>\n<p>&nbsp;<\/p>\n<p>&nbsp;<\/p>\n","protected":false},"excerpt":{"rendered":"<p>K\u00f8b billig Limbali single spot white 1x50W 230V! Installer denne praktiske Philips spotlampe i dit hjem og opn\u00e5 effektiv accentbelysning, hvor du har brug for det. Lampen har en kompakt og minimalistisk st\u00f8rrelse p\u00e5 kun 8\u00d78\u00d713 cm, hvilket g\u00f8r den nem at placere, selv i mindre rum, uden at fylde un\u00f8dvendigt. Med en lav v\u00e6gt [&hellip;]<\/p>\n","protected":false},"featured_media":999980000004477100,"template":"","meta":[],"store":[1272516],"product_brand":[1272519],"product_cat":[1272407],"product_tag":[1272697,1275180],"class_list":{"0":"post-447710","1":"product","2":"type-product","3":"status-publish","4":"has-post-thumbnail","6":"store-butik24","7":"product_brand-philips","8":"product_cat-belysning-2","9":"product_tag-belysning","10":"product_tag-philips","11":"pa_maerke-philips","13":"first","14":"instock","15":"product-type-external"},"_links":{"self":[{"href":"https:\/\/www.pricetornado.com\/da\/wp-json\/wp\/v2\/product\/447710","targetHints":{"allow":["GET"]}}],"collection":[{"href":"https:\/\/www.pricetornado.com\/da\/wp-json\/wp\/v2\/product"}],"about":[{"href":"https:\/\/www.pricetornado.com\/da\/wp-json\/wp\/v2\/types\/product"}],"wp:featuredmedia":[{"embeddable":true,"href":"https:\/\/www.pricetornado.com\/da\/wp-json\/"}],"wp:attachment":[{"href":"https:\/\/www.pricetornado.com\/da\/wp-json\/wp\/v2\/media?parent=447710"}],"wp:term":[{"taxonomy":"store","embeddable":true,"href":"https:\/\/www.pricetornado.com\/da\/wp-json\/wp\/v2\/store?post=447710"},{"taxonomy":"product_brand","embeddable":true,"href":"https:\/\/www.pricetornado.com\/da\/wp-json\/wp\/v2\/product_brand?post=447710"},{"taxonomy":"product_cat","embeddable":true,"href":"https:\/\/www.pricetornado.com\/da\/wp-json\/wp\/v2\/product_cat?post=447710"},{"taxonomy":"product_tag","embeddable":true,"href":"https:\/\/www.pricetornado.com\/da\/wp-json\/wp\/v2\/product_tag?post=447710"}],"curies":[{"name":"wp","href":"https:\/\/api.w.org\/{rel}","templated":true}]}}