{"id":447705,"date":"2025-02-23T13:54:12","date_gmt":"2025-02-23T12:54:12","guid":{"rendered":"https:\/\/www.pricetornado.com\/da\/produkt\/nedis-smartlife-bevaegelses-sensor-zigbee-3-0-batteri-usb-drevet-detektorvinkel-100-detektoromraade-7-m-maks-batteritid-24-maaned-hvid-zbsm20wt\/"},"modified":"2026-04-18T01:40:16","modified_gmt":"2026-04-17T23:40:16","slug":"nedis-smartlife-bevaegelses-sensor-zigbee-3-0-batteri-usb-drevet-detektorvinkel-100-detektoromraade-7-m-maks-batteritid-24-maaned-hvid-zbsm20wt","status":"publish","type":"product","link":"https:\/\/www.pricetornado.com\/da\/produkt\/nedis-smartlife-bevaegelses-sensor-zigbee-3-0-batteri-usb-drevet-detektorvinkel-100-detektoromraade-7-m-maks-batteritid-24-maaned-hvid-zbsm20wt\/","title":{"rendered":"Nedis &#8211; SmartLife Bev\u00e6gelses Sensor | Zigbee 3.0 | Batteri \/ USB Drevet | Detektorvinkel: 100 \u00b0 | Detektoromr\u00e5de: 7 m | Maks. batteritid: 24 M\u00e5ned | Hvid &#8211; ZBSM20WT"},"content":{"rendered":"<p>K\u00f8b billig Nedis &#8211; SmartLife Bev\u00e6gelses Sensor | Zigbee 3.0 | Batteri \/ USB Drevet | Detektorvinkel: 100 \u00b0 | Detektoromr\u00e5de: 7 m | Maks. batteritid: 24 M\u00e5ned | Hvid &#8211; ZBSM20WT!<br \/>\nOplev pr\u00e6cis bev\u00e6gelsesdetektion i hjemmet med Nedis SmartLife bev\u00e6gelsessensor. Denne bev\u00e6gelsessensor anvender PIR-teknologi (passiv infrar\u00f8d) og kan registrere fysiske bev\u00e6gelser p\u00e5 op til 7 meters afstand i en vinkel p\u00e5 100\u00b0. Ud over bev\u00e6gelse m\u00e5ler lysstyrkesensoren ogs\u00e5 m\u00e6ngden af lys i rummet, s\u00e5 du kan oprette eller tilpasse automatiseringer baseret p\u00e5 aktuelt lysniveau.Sensoren kan nemt forsynes via b\u00e5de batteri (CR123A) og USB, hvilket giver dig fleksibilitet ved installationen. Med batteridrift kan enheden opn\u00e5 en imponerende levetid p\u00e5 op til 24 m\u00e5neder, og str\u00f8mforbruget er p\u00e5 blot 0,05 W. Batteriet og den lette v\u00e6gt p\u00e5 kun 51 gram g\u00f8r det muligt at placere sensoren diskret, hvor du \u00f8nsker det, uden behov for en konstant str\u00f8mkilde.Via Nedis SmartLife appen og en Zigbee-gateway kan sensoren sende oplysninger om b\u00e5de bev\u00e6gelse og lysstyrke. Du kan modtage notifikationer, n\u00e5r der registreres bev\u00e6gelse eller \u00e6ndret lysniveau, og du kan automatisk aktivere andre smarte enheder s\u00e5som belysning, smart-stik eller sirener, afh\u00e6ngigt af dine indstillinger. Sensoren skal placeres inden for cirka 30 meter af din Zigbee-gateway for optimal forbindelse.Bev\u00e6gelsessensoren er fremstillet af plast, hvilket g\u00f8r den let og nem at montere p\u00e5 b\u00e5de v\u00e6g og loft indend\u00f8rs. Det kompakte design betyder, at enheden n\u00e6sten ikke bem\u00e6rkes i rummet, samtidig med at den leverer p\u00e5lidelig overv\u00e5gning uden at optage meget plads. Enheden er beregnet til indend\u00f8rs anvendelse og indeholder ingen eksplicitte sikkerhedsfunktioner ud over bev\u00e6gelsesdetektion.Opgrader dit smarte hjem med Nedis SmartLife bev\u00e6gelsessensor og f\u00e5 intelligent styring af b\u00e5de belysning, alarmer og andre enheder \u2013 alt sammen tilpasset efter dine behov.<\/p>\n<p>Sammenlign priser p\u00e5 Nedis &#8211; SmartLife Bev\u00e6gelses Sensor | Zigbee 3.0 | Batteri \/ USB Drevet | Detektorvinkel: 100 \u00b0 | Detektoromr\u00e5de: 7 m | Maks. batteritid: 24 M\u00e5ned | Hvid &#8211; ZBSM20WT og k\u00f8b online til den billigste pris, samt p\u00e5 tilbud!\u00a0\u00a0Tjek den bedste pris, produkt beskrivelse, video, test, anmeldelser osv.<\/p>\n<p><strong>Brand: <\/strong>Nedis<br \/>\n<strong>EAN: <\/strong>5412810408894<br \/>\n<strong>Producentens varenr.:<\/strong> 5412810408894<\/p>\n<p><strong>P.S.<\/strong><br \/>\nTilmeld dig til &#8220;Opret Gratis Prisfald Alarm&#8221;, og bliv underrettet med det samme om prisfald p\u00e5 Nedis &#8211; SmartLife Bev\u00e6gelses Sensor | Zigbee 3.0 | Batteri \/ USB Drevet | Detektorvinkel: 100 \u00b0 | Detektoromr\u00e5de: 7 m | Maks. batteritid: 24 M\u00e5ned | Hvid &#8211; ZBSM20WT, og f\u00e5 den billigste pris!<\/p>\n<p>&nbsp;<\/p>\n<p>&nbsp;<\/p>\n","protected":false},"excerpt":{"rendered":"<p>K\u00f8b billig Nedis &#8211; SmartLife Bev\u00e6gelses Sensor | Zigbee 3.0 | Batteri \/ USB Drevet | Detektorvinkel: 100 \u00b0 | Detektoromr\u00e5de: 7 m | Maks. batteritid: 24 M\u00e5ned | Hvid &#8211; ZBSM20WT! Oplev pr\u00e6cis bev\u00e6gelsesdetektion i hjemmet med Nedis SmartLife bev\u00e6gelsessensor. Denne bev\u00e6gelsessensor anvender PIR-teknologi (passiv infrar\u00f8d) og kan registrere fysiske bev\u00e6gelser p\u00e5 op til [&hellip;]<\/p>\n","protected":false},"featured_media":999980000004477050,"template":"","meta":[],"store":[1272516],"product_brand":[1272517],"product_cat":[1272469],"product_tag":[1273060,1275178],"class_list":{"0":"post-447705","1":"product","2":"type-product","3":"status-publish","4":"has-post-thumbnail","6":"store-butik24","7":"product_brand-nedis","8":"product_cat-detektorer","9":"product_tag-detektorer","10":"product_tag-nedis","11":"pa_maerke-nedis","13":"first","14":"instock","15":"product-type-external"},"_links":{"self":[{"href":"https:\/\/www.pricetornado.com\/da\/wp-json\/wp\/v2\/product\/447705","targetHints":{"allow":["GET"]}}],"collection":[{"href":"https:\/\/www.pricetornado.com\/da\/wp-json\/wp\/v2\/product"}],"about":[{"href":"https:\/\/www.pricetornado.com\/da\/wp-json\/wp\/v2\/types\/product"}],"wp:featuredmedia":[{"embeddable":true,"href":"https:\/\/www.pricetornado.com\/da\/wp-json\/"}],"wp:attachment":[{"href":"https:\/\/www.pricetornado.com\/da\/wp-json\/wp\/v2\/media?parent=447705"}],"wp:term":[{"taxonomy":"store","embeddable":true,"href":"https:\/\/www.pricetornado.com\/da\/wp-json\/wp\/v2\/store?post=447705"},{"taxonomy":"product_brand","embeddable":true,"href":"https:\/\/www.pricetornado.com\/da\/wp-json\/wp\/v2\/product_brand?post=447705"},{"taxonomy":"product_cat","embeddable":true,"href":"https:\/\/www.pricetornado.com\/da\/wp-json\/wp\/v2\/product_cat?post=447705"},{"taxonomy":"product_tag","embeddable":true,"href":"https:\/\/www.pricetornado.com\/da\/wp-json\/wp\/v2\/product_tag?post=447705"}],"curies":[{"name":"wp","href":"https:\/\/api.w.org\/{rel}","templated":true}]}}