{"id":447704,"date":"2025-02-23T04:08:27","date_gmt":"2025-02-23T03:08:27","guid":{"rendered":"https:\/\/www.pricetornado.com\/da\/produkt\/nedis-smartlife-luftfugter-110-w-med-kold-og-varm-taage-5-5-l-hygrometer-timer-fjernbetjening-nattilstand-sort-humi150bkw\/"},"modified":"2026-04-18T11:20:22","modified_gmt":"2026-04-18T09:20:22","slug":"nedis-smartlife-luftfugter-110-w-med-kold-og-varm-taage-5-5-l-hygrometer-timer-fjernbetjening-nattilstand-sort-humi150bkw","status":"publish","type":"product","link":"https:\/\/www.pricetornado.com\/da\/produkt\/nedis-smartlife-luftfugter-110-w-med-kold-og-varm-taage-5-5-l-hygrometer-timer-fjernbetjening-nattilstand-sort-humi150bkw\/","title":{"rendered":"Nedis &#8211; SmartLife Luftfugter | 110 W | Med kold og varm t\u00e5ge | 5.5 l | Hygrometer | Timer | Fjernbetjening | Nattilstand | Sort &#8211; HUMI150BKW"},"content":{"rendered":"<p>K\u00f8b billig Nedis &#8211; SmartLife Luftfugter | 110 W | Med kold og varm t\u00e5ge | 5.5 l | Hygrometer | Timer | Fjernbetjening | Nattilstand | Sort &#8211; HUMI150BKW!<br \/>\nOprethold automatisk et sundt og behageligt indeklima med denne intelligente Nedis SmartLife luftfugter. Takket v\u00e6re det indbyggede hygrometer m\u00e5ler luftfugteren konstant fugtniveauet og tilpasser sin drift for at sikre en ensartet atmosf\u00e6re, der passer til dine pr\u00e6ferencer.Ultrasonisk teknologi sikrer n\u00e6sten lydl\u00f8s betjening, s\u00e5 luftfugteren er ideel til sovev\u00e6relser og stille rum. Du kan v\u00e6lge mellem kold eller varm t\u00e5ge, afh\u00e6ngig af dine behov og \u00e5rstidens krav.En stor vandtank p\u00e5 5,5 liter og et indbygget keramisk filter s\u00f8rger for lang driftstid og h\u00f8j vandkvalitet. Filtreringen reducerer kalkaflejringer, forbedrer holdbarheden og sikrer, at fugten i rummet er ren og sund.Plasmacluster-teknologi hj\u00e6lper med at minimere st\u00f8v og fjerne lugte gennem frigivelse af positive og negative ioner.LED-display viser pr\u00e6cist luftens aktuelle fugtighed og g\u00f8r det nemt at programmere optimale indstillinger.12-timers timerfunktion g\u00f8r det muligt at programmere automatisk slukning, hvilket bidrager til energibesparelse.Automatisk stopfunktion aktiveres, n\u00e5r vandtanken er tom, eller n\u00e5r tanken fjernes fra basen, hvilket sikrer sikker brug.Tilslut luftfugteren til dit Wi-Fi og f\u00e5 fuld kontrol via Nedis SmartLife-appen (iOS og Android). Appen g\u00f8r det muligt at programmere timeren, overv\u00e5ge temperatur- og fugtighedshistorik samt ops\u00e6tte smarte scenarier. For ekstra bekvemmelighed underst\u00f8ttes stemmestyring med Google Assistant og Amazon Alexa.Forbedr dit indeklima ved at tils\u00e6tte et par dr\u00e5ber aromatisk olie i den dedikerede aromabakke og nyd en frisk duft i rummet. Et bl\u00e5t LED-natlys skaber en behagelig og afslappende stemning om aftenen uden at forstyrre nattes\u00f8vnen.Luftfugteren er fremstillet i slidst\u00e6rkt plastik, som er let at reng\u00f8re og sikrer langvarig brug i hverdagen., og g\u00f8r dit hjem endnu mere komfortabelt.<\/p>\n<p>Sammenlign priser p\u00e5 Nedis &#8211; SmartLife Luftfugter | 110 W | Med kold og varm t\u00e5ge | 5.5 l | Hygrometer | Timer | Fjernbetjening | Nattilstand | Sort &#8211; HUMI150BKW og k\u00f8b online til den billigste pris, samt p\u00e5 tilbud!\u00a0\u00a0Tjek den bedste pris, produkt beskrivelse, video, test, anmeldelser osv.<\/p>\n<p><strong>Brand: <\/strong>Nedis<br \/>\n<strong>EAN: <\/strong>5412810406005<br \/>\n<strong>Producentens varenr.:<\/strong> 5412810406005<\/p>\n<p><strong>P.S.<\/strong><br \/>\nTilmeld dig til &#8220;Opret Gratis Prisfald Alarm&#8221;, og bliv underrettet med det samme om prisfald p\u00e5 Nedis &#8211; SmartLife Luftfugter | 110 W | Med kold og varm t\u00e5ge | 5.5 l | Hygrometer | Timer | Fjernbetjening | Nattilstand | Sort &#8211; HUMI150BKW, og f\u00e5 den billigste pris!<\/p>\n<p>&nbsp;<\/p>\n<p>&nbsp;<\/p>\n","protected":false},"excerpt":{"rendered":"<p>K\u00f8b billig Nedis &#8211; SmartLife Luftfugter | 110 W | Med kold og varm t\u00e5ge | 5.5 l | Hygrometer | Timer | Fjernbetjening | Nattilstand | Sort &#8211; HUMI150BKW! Oprethold automatisk et sundt og behageligt indeklima med denne intelligente Nedis SmartLife luftfugter. Takket v\u00e6re det indbyggede hygrometer m\u00e5ler luftfugteren konstant fugtniveauet og tilpasser sin [&hellip;]<\/p>\n","protected":false},"featured_media":999980000004477040,"template":"","meta":[],"store":[1272516],"product_brand":[1272517],"product_cat":[1272421],"product_tag":[1272687,1275178],"class_list":{"0":"post-447704","1":"product","2":"type-product","3":"status-publish","4":"has-post-thumbnail","6":"store-butik24","7":"product_brand-nedis","8":"product_cat-klima","9":"product_tag-klima","10":"product_tag-nedis","11":"pa_maerke-nedis","13":"first","14":"instock","15":"product-type-external"},"_links":{"self":[{"href":"https:\/\/www.pricetornado.com\/da\/wp-json\/wp\/v2\/product\/447704","targetHints":{"allow":["GET"]}}],"collection":[{"href":"https:\/\/www.pricetornado.com\/da\/wp-json\/wp\/v2\/product"}],"about":[{"href":"https:\/\/www.pricetornado.com\/da\/wp-json\/wp\/v2\/types\/product"}],"wp:featuredmedia":[{"embeddable":true,"href":"https:\/\/www.pricetornado.com\/da\/wp-json\/"}],"wp:attachment":[{"href":"https:\/\/www.pricetornado.com\/da\/wp-json\/wp\/v2\/media?parent=447704"}],"wp:term":[{"taxonomy":"store","embeddable":true,"href":"https:\/\/www.pricetornado.com\/da\/wp-json\/wp\/v2\/store?post=447704"},{"taxonomy":"product_brand","embeddable":true,"href":"https:\/\/www.pricetornado.com\/da\/wp-json\/wp\/v2\/product_brand?post=447704"},{"taxonomy":"product_cat","embeddable":true,"href":"https:\/\/www.pricetornado.com\/da\/wp-json\/wp\/v2\/product_cat?post=447704"},{"taxonomy":"product_tag","embeddable":true,"href":"https:\/\/www.pricetornado.com\/da\/wp-json\/wp\/v2\/product_tag?post=447704"}],"curies":[{"name":"wp","href":"https:\/\/api.w.org\/{rel}","templated":true}]}}