{"id":447700,"date":"2025-02-26T09:47:17","date_gmt":"2025-02-26T08:47:17","guid":{"rendered":"https:\/\/www.pricetornado.com\/da\/produkt\/nedis-smartlife-vaegkontakt-wi-fi-dobbelt-vaegbeslag-1000-w-android-ios-glas-hvid-wifiws20wt\/"},"modified":"2026-04-15T02:07:33","modified_gmt":"2026-04-15T00:07:33","slug":"nedis-smartlife-vaegkontakt-wi-fi-dobbelt-vaegbeslag-1000-w-android-ios-glas-hvid-wifiws20wt","status":"publish","type":"product","link":"https:\/\/www.pricetornado.com\/da\/produkt\/nedis-smartlife-vaegkontakt-wi-fi-dobbelt-vaegbeslag-1000-w-android-ios-glas-hvid-wifiws20wt\/","title":{"rendered":"Nedis &#8211; SmartLife V\u00e6gkontakt | Wi-Fi | Dobbelt | V\u00e6gbeslag | 1000 W | Android\u2122 \/ IOS | Glas | Hvid &#8211; WIFIWS20WT"},"content":{"rendered":"<p>K\u00f8b billig Nedis &#8211; SmartLife V\u00e6gkontakt | Wi-Fi | Dobbelt | V\u00e6gbeslag | 1000 W | Android\u2122 \/ IOS | Glas | Hvid &#8211; WIFIWS20WT!<br \/>\nOpgrader din belysning med denne intelligente v\u00e6gkontakt fra Nedis SmartLife, der g\u00f8r det nemt at styre to lyskilder samtidig. Den elegante og reng\u00f8ringsvenlige glasfront giver et moderne udtryk, som falder diskret ind i enhver boligindretning.V\u00e6gkontakten installeres nemt p\u00e5 v\u00e6ggen og kr\u00e6ver en neutral ledning for konstant str\u00f8mforsyning p\u00e5 230 V. De ber\u00f8ringsf\u00f8lsomme knapper giver dig en traditionel betjeningsoplevelse kombineret med smart-funktioner. Forbind kontakten direkte til dit Wi-Fi-netv\u00e6rk og f\u00e5 fuld styring fra din smartphone eller tablet via den brugervenlige Nedis SmartLife-app \u2013 helt uden behov for ekstra hub.Tag styringen til n\u00e6ste niveau med stemmekontrol via Amazon Alexa eller Google Home, og oplev hands-free betjening i din hverdag. Planl\u00e6g t\u00e6nding og slukning af dine lyskilder, og lav automatiserede scenarier, s\u00e5 hjemmet altid har den rette atmosf\u00e6re \u2013 selv n\u00e5r du ikke er hjemme.Kan klare over 100.000 betjeningscyklusser for lang levetidNedis SmartLife-sortimentet byder p\u00e5 et stort udvalg af smart home-produkter s\u00e5som p\u00e6rer, fatninger, sensorer og kameraer, som alle kan styres fra den intuitive app. Du kan udbygge dit intelligente hjem, uanset om du starter med en enkelt p\u00e6re eller \u00f8nsker at automatisere hele boligen. Det hele styres sikkert via dit eksisterende Wi-Fi-netv\u00e6rk \u2013 enkelt, smart og tilg\u00e6ngeligt for alle.<\/p>\n<p>Sammenlign priser p\u00e5 Nedis &#8211; SmartLife V\u00e6gkontakt | Wi-Fi | Dobbelt | V\u00e6gbeslag | 1000 W | Android\u2122 \/ IOS | Glas | Hvid &#8211; WIFIWS20WT og k\u00f8b online til den billigste pris, samt p\u00e5 tilbud!\u00a0\u00a0Tjek den bedste pris, produkt beskrivelse, video, test, anmeldelser osv.<\/p>\n<p><strong>Brand: <\/strong>Nedis<br \/>\n<strong>EAN: <\/strong>5412810271788<br \/>\n<strong>Producentens varenr.:<\/strong> 5412810271788<\/p>\n<p><strong>P.S.<\/strong><br \/>\nTilmeld dig til &#8220;Opret Gratis Prisfald Alarm&#8221;, og bliv underrettet med det samme om prisfald p\u00e5 Nedis &#8211; SmartLife V\u00e6gkontakt | Wi-Fi | Dobbelt | V\u00e6gbeslag | 1000 W | Android\u2122 \/ IOS | Glas | Hvid &#8211; WIFIWS20WT, og f\u00e5 den billigste pris!<\/p>\n<p>&nbsp;<\/p>\n<p>&nbsp;<\/p>\n","protected":false},"excerpt":{"rendered":"<p>K\u00f8b billig Nedis &#8211; SmartLife V\u00e6gkontakt | Wi-Fi | Dobbelt | V\u00e6gbeslag | 1000 W | Android\u2122 \/ IOS | Glas | Hvid &#8211; WIFIWS20WT! Opgrader din belysning med denne intelligente v\u00e6gkontakt fra Nedis SmartLife, der g\u00f8r det nemt at styre to lyskilder samtidig. Den elegante og reng\u00f8ringsvenlige glasfront giver et moderne udtryk, som falder [&hellip;]<\/p>\n","protected":false},"featured_media":0,"template":"","meta":[],"store":[1272516],"product_brand":[1272517],"product_cat":[1272467],"product_tag":[1275178,1273383],"class_list":{"0":"post-447700","1":"product","2":"type-product","3":"status-publish","5":"store-butik24","6":"product_brand-nedis","7":"product_cat-power-og-energi","8":"product_tag-nedis","9":"product_tag-power-og-energi","10":"pa_maerke-nedis","12":"first","13":"instock","14":"product-type-external"},"_links":{"self":[{"href":"https:\/\/www.pricetornado.com\/da\/wp-json\/wp\/v2\/product\/447700","targetHints":{"allow":["GET"]}}],"collection":[{"href":"https:\/\/www.pricetornado.com\/da\/wp-json\/wp\/v2\/product"}],"about":[{"href":"https:\/\/www.pricetornado.com\/da\/wp-json\/wp\/v2\/types\/product"}],"wp:attachment":[{"href":"https:\/\/www.pricetornado.com\/da\/wp-json\/wp\/v2\/media?parent=447700"}],"wp:term":[{"taxonomy":"store","embeddable":true,"href":"https:\/\/www.pricetornado.com\/da\/wp-json\/wp\/v2\/store?post=447700"},{"taxonomy":"product_brand","embeddable":true,"href":"https:\/\/www.pricetornado.com\/da\/wp-json\/wp\/v2\/product_brand?post=447700"},{"taxonomy":"product_cat","embeddable":true,"href":"https:\/\/www.pricetornado.com\/da\/wp-json\/wp\/v2\/product_cat?post=447700"},{"taxonomy":"product_tag","embeddable":true,"href":"https:\/\/www.pricetornado.com\/da\/wp-json\/wp\/v2\/product_tag?post=447700"}],"curies":[{"name":"wp","href":"https:\/\/api.w.org\/{rel}","templated":true}]}}