{"id":447699,"date":"2025-02-23T06:41:44","date_gmt":"2025-02-23T05:41:44","guid":{"rendered":"https:\/\/www.pricetornado.com\/da\/produkt\/nedis-smartlife-vaegkontakt-wi-fi-enkelt-vaegbeslag-1000-w-android-ios-glas-hvid-wifiws10wt\/"},"modified":"2026-03-11T03:41:23","modified_gmt":"2026-03-11T02:41:23","slug":"nedis-smartlife-vaegkontakt-wi-fi-enkelt-vaegbeslag-1000-w-android-ios-glas-hvid-wifiws10wt","status":"publish","type":"product","link":"https:\/\/www.pricetornado.com\/da\/produkt\/nedis-smartlife-vaegkontakt-wi-fi-enkelt-vaegbeslag-1000-w-android-ios-glas-hvid-wifiws10wt\/","title":{"rendered":"Nedis &#8211; SmartLife V\u00e6gkontakt | Wi-Fi | Enkelt | V\u00e6gbeslag | 1000 W | Android\u2122 \/ IOS | Glas | Hvid &#8211; WIFIWS10WT"},"content":{"rendered":"<p>K\u00f8b billig Nedis &#8211; SmartLife V\u00e6gkontakt | Wi-Fi | Enkelt | V\u00e6gbeslag | 1000 W | Android\u2122 \/ IOS | Glas | Hvid &#8211; WIFIWS10WT!<br \/>\nOpgrader din belysning med denne smarte v\u00e6gkontakt fra Nedis SmartLife, der kombinerer traditionel lysstyring med avancerede, moderne funktioner. Den ber\u00f8ringsf\u00f8lsomme glasfront giver et stilrent og reng\u00f8ringsvenligt look, der falder naturligt ind i enhver indretning. V\u00e6gkontakten er designet til diskret v\u00e6gmontering og passer til standard v\u00e6gbeslag, s\u00e5 integrationen i hjemmet er enkel og elegant.Det er let at komme i gang: forbind kontakten direkte til dit Wi-Fi-netv\u00e6rk, og styr lyset fra din smartphone eller tablet via Nedis SmartLife-appen \u2013 tilg\u00e6ngelig til b\u00e5de Android og iOS. Alternativt kan du bruge stemmestyring med Amazon Alexa eller Google Home for endnu st\u00f8rre bekvemmelighed.Betjen lyset manuelt via den touch-sensitive knap p\u00e5 kontakten, eller planl\u00e6g automatiske t\u00e6nd- og sluk-tider gennem appen. Via appen kan du ogs\u00e5 parre v\u00e6gkontakten med andre SmartLife-enheder og skabe automatiserede scenarier eller forudindstille belysningen \u2013 ideelt, hvis du er hjemmefra i l\u00e6ngere tid.Styrer elektriske lyskilder op til 300 W (en samlet belastning p\u00e5 maks. 1000 W).Lavt standbyforbrug p\u00e5 maksimalt 0,3 W for energieffektiv drift.Indbygget indikatorlys g\u00f8r det let at finde kontakten i m\u00f8rke omgivelser.Kompatibel med 100\u2013240 V AC netsp\u00e6nding, 4 A output.Standardst\u00f8rrelse: 86 x 86 mm med 60 mm monteringshul-afstand.Neutral ledning p\u00e5kr\u00e6vet for korrekt installation (230 V).Den elegante glasfront sikrer et moderne udtryk og g\u00f8r reng\u00f8ring nem. Den slanke profil betyder, at v\u00e6gkontakten ikke optager un\u00f8dig plads og passer problemfrit ind i din bolig.Nedis SmartLife-serien omfatter et stort udvalg af innovative smarthome produkter som p\u00e6rer, sensorer, kameraer og flere typer kontakter. Alle kan styres via den intuitive app \u2013 uanset om du \u00f8nsker at automatisere et enkelt omr\u00e5de eller hele hjemmet. Med Nedis SmartLife f\u00e5r du et brugervenligt og tilg\u00e6ngeligt smart hjem, hvor du kun beh\u00f8ver dit eksisterende Wi-Fi-netv\u00e6rk.<\/p>\n<p>Sammenlign priser p\u00e5 Nedis &#8211; SmartLife V\u00e6gkontakt | Wi-Fi | Enkelt | V\u00e6gbeslag | 1000 W | Android\u2122 \/ IOS | Glas | Hvid &#8211; WIFIWS10WT og k\u00f8b online til den billigste pris, samt p\u00e5 tilbud!\u00a0\u00a0Tjek den bedste pris, produkt beskrivelse, video, test, anmeldelser osv.<\/p>\n<p><strong>Brand: <\/strong>Nedis<br \/>\n<strong>EAN: <\/strong>5412810271771<br \/>\n<strong>Producentens varenr.:<\/strong> 5412810271771<\/p>\n<p><strong>P.S.<\/strong><br \/>\nTilmeld dig til &#8220;Opret Gratis Prisfald Alarm&#8221;, og bliv underrettet med det samme om prisfald p\u00e5 Nedis &#8211; SmartLife V\u00e6gkontakt | Wi-Fi | Enkelt | V\u00e6gbeslag | 1000 W | Android\u2122 \/ IOS | Glas | Hvid &#8211; WIFIWS10WT, og f\u00e5 den billigste pris!<\/p>\n<p>&nbsp;<\/p>\n<p>&nbsp;<\/p>\n","protected":false},"excerpt":{"rendered":"<p>K\u00f8b billig Nedis &#8211; SmartLife V\u00e6gkontakt | Wi-Fi | Enkelt | V\u00e6gbeslag | 1000 W | Android\u2122 \/ IOS | Glas | Hvid &#8211; WIFIWS10WT! Opgrader din belysning med denne smarte v\u00e6gkontakt fra Nedis SmartLife, der kombinerer traditionel lysstyring med avancerede, moderne funktioner. Den ber\u00f8ringsf\u00f8lsomme glasfront giver et stilrent og reng\u00f8ringsvenligt look, der falder naturligt [&hellip;]<\/p>\n","protected":false},"featured_media":0,"template":"","meta":[],"store":[1272516],"product_brand":[1272517],"product_cat":[1272467],"product_tag":[1275178,1273383],"class_list":{"0":"post-447699","1":"product","2":"type-product","3":"status-publish","5":"store-butik24","6":"product_brand-nedis","7":"product_cat-power-og-energi","8":"product_tag-nedis","9":"product_tag-power-og-energi","10":"pa_maerke-nedis","12":"first","13":"instock","14":"product-type-external"},"_links":{"self":[{"href":"https:\/\/www.pricetornado.com\/da\/wp-json\/wp\/v2\/product\/447699","targetHints":{"allow":["GET"]}}],"collection":[{"href":"https:\/\/www.pricetornado.com\/da\/wp-json\/wp\/v2\/product"}],"about":[{"href":"https:\/\/www.pricetornado.com\/da\/wp-json\/wp\/v2\/types\/product"}],"wp:attachment":[{"href":"https:\/\/www.pricetornado.com\/da\/wp-json\/wp\/v2\/media?parent=447699"}],"wp:term":[{"taxonomy":"store","embeddable":true,"href":"https:\/\/www.pricetornado.com\/da\/wp-json\/wp\/v2\/store?post=447699"},{"taxonomy":"product_brand","embeddable":true,"href":"https:\/\/www.pricetornado.com\/da\/wp-json\/wp\/v2\/product_brand?post=447699"},{"taxonomy":"product_cat","embeddable":true,"href":"https:\/\/www.pricetornado.com\/da\/wp-json\/wp\/v2\/product_cat?post=447699"},{"taxonomy":"product_tag","embeddable":true,"href":"https:\/\/www.pricetornado.com\/da\/wp-json\/wp\/v2\/product_tag?post=447699"}],"curies":[{"name":"wp","href":"https:\/\/api.w.org\/{rel}","templated":true}]}}