{"id":447698,"date":"2025-02-22T02:10:11","date_gmt":"2025-02-22T01:10:11","guid":{"rendered":"https:\/\/www.pricetornado.com\/da\/produkt\/nedis-speaker-mount-kompatibel-med-sonos-era300-vaeg-5-kg-swivel-tilt-vipbar-kan-drejes-abs-metal-sort-spmt5900bk\/"},"modified":"2026-04-15T02:07:40","modified_gmt":"2026-04-15T00:07:40","slug":"nedis-speaker-mount-kompatibel-med-sonos-era300-vaeg-5-kg-swivel-tilt-vipbar-kan-drejes-abs-metal-sort-spmt5900bk","status":"publish","type":"product","link":"https:\/\/www.pricetornado.com\/da\/produkt\/nedis-speaker-mount-kompatibel-med-sonos-era300-vaeg-5-kg-swivel-tilt-vipbar-kan-drejes-abs-metal-sort-spmt5900bk\/","title":{"rendered":"Nedis &#8211; Speaker Mount | Kompatibel med: Sonos\u00ae Era300 | V\u00e6g | 5 kg | Swivel \/ Tilt | Vipbar | Kan drejes | ABS \/ Metal | Sort &#8211; SPMT5900BK"},"content":{"rendered":"<p>K\u00f8b billig Nedis &#8211; Speaker Mount | Kompatibel med: Sonos\u00ae Era300 | V\u00e6g | 5 kg | Swivel \/ Tilt | Vipbar | Kan drejes | ABS \/ Metal | Sort &#8211; SPMT5900BK!<br \/>\nOpgrader din Sonos\u00ae Era300-lydoplevelse med dette specialdesignede v\u00e6gbeslag fra Nedis. Beslaget kombinerer et stilrent design med h\u00f8j funktionalitet og er fremstillet af en st\u00e6rk sammens\u00e6tning af ABS-plast og metal. Dette sikrer b\u00e5de holdbarhed og stabilitet, s\u00e5 dit lydsystem er optimalt monteret p\u00e5 v\u00e6ggen.Fastg\u00f8r din Sonos\u00ae Era300 pr\u00e6cist med omfattende justeringsmuligheder. Beslaget kan drejes op til 90\u00b0 og vippes fra 0\u00b0 til -18\u00b0, s\u00e5 du let kan placere h\u00f8jttaleren, hvor det passer bedst, og opn\u00e5 optimal lydfordeling i ethvert rum. Just\u00e9r vinklen for den ideelle surroundlydoplevelse.Integreret s\u00f8jle med kabelstyring skjuler og organiserer dine kabler, s\u00e5 du undg\u00e5r kabelrod og opn\u00e5r et p\u00e6nt setup.Beslaget har en b\u00e6reevne p\u00e5 op til 5 kg, hvilket passer perfekt til Sonos\u00ae Era300 og sikrer stabilitet.Nem installation med medf\u00f8lgende monteringsbeslag og dansk vejledning.Det medf\u00f8lgende monteringsudstyr samt vejledning g\u00f8r det hurtigt og let at installere beslaget p\u00e5 v\u00e6ggen. Kombinationen af ABS-plast og metal garanterer en st\u00e6rk og stabil konstruktion, der holder til dagligt brug uden at g\u00e5 p\u00e5 kompromis med det \u00e6stetiske udtryk. \u2013 funktionalitet og stil g\u00e5r h\u00e5nd i h\u00e5nd for den bedste lydoplevelse i dit hjem.<\/p>\n<p>Sammenlign priser p\u00e5 Nedis &#8211; Speaker Mount | Kompatibel med: Sonos\u00ae Era300 | V\u00e6g | 5 kg | Swivel \/ Tilt | Vipbar | Kan drejes | ABS \/ Metal | Sort &#8211; SPMT5900BK og k\u00f8b online til den billigste pris, samt p\u00e5 tilbud!\u00a0\u00a0Tjek den bedste pris, produkt beskrivelse, video, test, anmeldelser osv.<\/p>\n<p><strong>Brand: <\/strong>Nedis<br \/>\n<strong>EAN: <\/strong>5412810451937<br \/>\n<strong>Producentens varenr.:<\/strong> 5412810451937<\/p>\n<p><strong>P.S.<\/strong><br \/>\nTilmeld dig til &#8220;Opret Gratis Prisfald Alarm&#8221;, og bliv underrettet med det samme om prisfald p\u00e5 Nedis &#8211; Speaker Mount | Kompatibel med: Sonos\u00ae Era300 | V\u00e6g | 5 kg | Swivel \/ Tilt | Vipbar | Kan drejes | ABS \/ Metal | Sort &#8211; SPMT5900BK, og f\u00e5 den billigste pris!<\/p>\n<p>&nbsp;<\/p>\n<p>&nbsp;<\/p>\n","protected":false},"excerpt":{"rendered":"<p>K\u00f8b billig Nedis &#8211; Speaker Mount | Kompatibel med: Sonos\u00ae Era300 | V\u00e6g | 5 kg | Swivel \/ Tilt | Vipbar | Kan drejes | ABS \/ Metal | Sort &#8211; SPMT5900BK! Opgrader din Sonos\u00ae Era300-lydoplevelse med dette specialdesignede v\u00e6gbeslag fra Nedis. Beslaget kombinerer et stilrent design med h\u00f8j funktionalitet og er fremstillet af [&hellip;]<\/p>\n","protected":false},"featured_media":0,"template":"","meta":[],"store":[1272516],"product_brand":[1272517],"product_cat":[1272427],"product_tag":[1272678,1275178],"class_list":{"0":"post-447698","1":"product","2":"type-product","3":"status-publish","5":"store-butik24","6":"product_brand-nedis","7":"product_cat-beslag","8":"product_tag-beslag","9":"product_tag-nedis","10":"pa_maerke-nedis","12":"first","13":"instock","14":"product-type-external"},"_links":{"self":[{"href":"https:\/\/www.pricetornado.com\/da\/wp-json\/wp\/v2\/product\/447698","targetHints":{"allow":["GET"]}}],"collection":[{"href":"https:\/\/www.pricetornado.com\/da\/wp-json\/wp\/v2\/product"}],"about":[{"href":"https:\/\/www.pricetornado.com\/da\/wp-json\/wp\/v2\/types\/product"}],"wp:attachment":[{"href":"https:\/\/www.pricetornado.com\/da\/wp-json\/wp\/v2\/media?parent=447698"}],"wp:term":[{"taxonomy":"store","embeddable":true,"href":"https:\/\/www.pricetornado.com\/da\/wp-json\/wp\/v2\/store?post=447698"},{"taxonomy":"product_brand","embeddable":true,"href":"https:\/\/www.pricetornado.com\/da\/wp-json\/wp\/v2\/product_brand?post=447698"},{"taxonomy":"product_cat","embeddable":true,"href":"https:\/\/www.pricetornado.com\/da\/wp-json\/wp\/v2\/product_cat?post=447698"},{"taxonomy":"product_tag","embeddable":true,"href":"https:\/\/www.pricetornado.com\/da\/wp-json\/wp\/v2\/product_tag?post=447698"}],"curies":[{"name":"wp","href":"https:\/\/api.w.org\/{rel}","templated":true}]}}