{"id":447696,"date":"2025-02-24T04:09:24","date_gmt":"2025-02-24T03:09:24","guid":{"rendered":"https:\/\/www.pricetornado.com\/da\/produkt\/nedis-universal-fjernbetjening-forprogrammeret-1-enhed-amazon-prime-disney-button-google-play-knap-netflix-knap-youtube-knap-infraroed-sort-tvrc2310bk\/"},"modified":"2026-04-17T02:30:15","modified_gmt":"2026-04-17T00:30:15","slug":"nedis-universal-fjernbetjening-forprogrammeret-1-enhed-amazon-prime-disney-button-google-play-knap-netflix-knap-youtube-knap-infraroed-sort-tvrc2310bk","status":"publish","type":"product","link":"https:\/\/www.pricetornado.com\/da\/produkt\/nedis-universal-fjernbetjening-forprogrammeret-1-enhed-amazon-prime-disney-button-google-play-knap-netflix-knap-youtube-knap-infraroed-sort-tvrc2310bk\/","title":{"rendered":"Nedis &#8211; Universal fjernbetjening | Forprogrammeret | 1 Enhed | Amazon Prime \/ Disney + Button \/ Google Play-knap \/ Netflix-knap \/ Youtube-knap | Infrar\u00f8d | Sort &#8211; TVRC2310BK"},"content":{"rendered":"<p>K\u00f8b billig Nedis &#8211; Universal fjernbetjening | Forprogrammeret | 1 Enhed | Amazon Prime \/ Disney + Button \/ Google Play-knap \/ Netflix-knap \/ Youtube-knap | Infrar\u00f8d | Sort &#8211; TVRC2310BK!<br \/>\nDenne Nedis universelle programmerbare fjernbetjening er den ideelle l\u00f8sning til at erstatte en mistet eller \u00f8delagt original fjernbetjening til dit tv eller din SAT-modtager. Fjernbetjeningen er forprogrammeret til nyere tv-modeller fra Samsung, LG, Sony, Philips og Panasonic, s\u00e5 du kan tage den i brug med det samme uden besv\u00e6r.Programmeringen er meget let og kan foretages via direkte kodeindtastning, manuel programmering eller automatisk kodes\u00f8gning. Det g\u00f8r det nemt at tilpasse fjernbetjeningen til netop dit tv, uanset m\u00e6rke inden for de kompatible modeller.Fjernbetjeningen har dedikerede knapper til popul\u00e6re streamingtjenester som Netflix, Amazon Prime, Disney+, YouTube og Google Play. Disse knapper kan tilpasses efter dine behov, s\u00e5 du hurtigt f\u00e5r adgang til dine yndlingsapps og -tjenester.Fjernbetjeningen er fremstillet af ABS-gummi og h\u00e5rd ABS-plastik, hvilket giver b\u00e5de god holdbarhed og et behageligt, skridsikkert greb. Den ergonomiske udformning med optimalt placerede knapper sikrer en intuitiv brugeroplevelse, mens de kompakte m\u00e5l (50 x 200 x 28 mm) g\u00f8r den nem at h\u00e5ndtere og opbevare.Med infrar\u00f8d transmissionsfunktion er denne universelle fjernbetjening kompatibel med standard tv-modeller, hvilket sikrer p\u00e5lidelig funktionalitet uden behov for yderligere udstyr eller modtagere.Opgrader din tv-oplevelse med denne alsidige og brugervenlige Nedis universelle fjernbetjening, der kombinerer praktiske funktioner, slidst\u00e6rke materialer og intuitivt design. Se flere innovative produkter fra og find det perfekte tilbeh\u00f8r til dit hjem.<\/p>\n<p>Sammenlign priser p\u00e5 Nedis &#8211; Universal fjernbetjening | Forprogrammeret | 1 Enhed | Amazon Prime \/ Disney + Button \/ Google Play-knap \/ Netflix-knap \/ Youtube-knap | Infrar\u00f8d | Sort &#8211; TVRC2310BK og k\u00f8b online til den billigste pris, samt p\u00e5 tilbud!\u00a0\u00a0Tjek den bedste pris, produkt beskrivelse, video, test, anmeldelser osv.<\/p>\n<p><strong>Brand: <\/strong>Nedis<br \/>\n<strong>EAN: <\/strong>5412810449491<br \/>\n<strong>Producentens varenr.:<\/strong> 5412810449491<\/p>\n<p><strong>P.S.<\/strong><br \/>\nTilmeld dig til &#8220;Opret Gratis Prisfald Alarm&#8221;, og bliv underrettet med det samme om prisfald p\u00e5 Nedis &#8211; Universal fjernbetjening | Forprogrammeret | 1 Enhed | Amazon Prime \/ Disney + Button \/ Google Play-knap \/ Netflix-knap \/ Youtube-knap | Infrar\u00f8d | Sort &#8211; TVRC2310BK, og f\u00e5 den billigste pris!<\/p>\n<p>&nbsp;<\/p>\n<p>&nbsp;<\/p>\n","protected":false},"excerpt":{"rendered":"<p>K\u00f8b billig Nedis &#8211; Universal fjernbetjening | Forprogrammeret | 1 Enhed | Amazon Prime \/ Disney + Button \/ Google Play-knap \/ Netflix-knap \/ Youtube-knap | Infrar\u00f8d | Sort &#8211; TVRC2310BK! Denne Nedis universelle programmerbare fjernbetjening er den ideelle l\u00f8sning til at erstatte en mistet eller \u00f8delagt original fjernbetjening til dit tv eller din SAT-modtager. [&hellip;]<\/p>\n","protected":false},"featured_media":999980000004476960,"template":"","meta":[],"store":[1272516],"product_brand":[1272517],"product_cat":[946935],"product_tag":[1273108,1275178],"class_list":{"0":"post-447696","1":"product","2":"type-product","3":"status-publish","4":"has-post-thumbnail","6":"store-butik24","7":"product_brand-nedis","8":"product_cat-fjernbetjeninger","9":"product_tag-fjernbetjeninger","10":"product_tag-nedis","11":"pa_maerke-nedis","13":"first","14":"instock","15":"product-type-external"},"_links":{"self":[{"href":"https:\/\/www.pricetornado.com\/da\/wp-json\/wp\/v2\/product\/447696","targetHints":{"allow":["GET"]}}],"collection":[{"href":"https:\/\/www.pricetornado.com\/da\/wp-json\/wp\/v2\/product"}],"about":[{"href":"https:\/\/www.pricetornado.com\/da\/wp-json\/wp\/v2\/types\/product"}],"wp:featuredmedia":[{"embeddable":true,"href":"https:\/\/www.pricetornado.com\/da\/wp-json\/"}],"wp:attachment":[{"href":"https:\/\/www.pricetornado.com\/da\/wp-json\/wp\/v2\/media?parent=447696"}],"wp:term":[{"taxonomy":"store","embeddable":true,"href":"https:\/\/www.pricetornado.com\/da\/wp-json\/wp\/v2\/store?post=447696"},{"taxonomy":"product_brand","embeddable":true,"href":"https:\/\/www.pricetornado.com\/da\/wp-json\/wp\/v2\/product_brand?post=447696"},{"taxonomy":"product_cat","embeddable":true,"href":"https:\/\/www.pricetornado.com\/da\/wp-json\/wp\/v2\/product_cat?post=447696"},{"taxonomy":"product_tag","embeddable":true,"href":"https:\/\/www.pricetornado.com\/da\/wp-json\/wp\/v2\/product_tag?post=447696"}],"curies":[{"name":"wp","href":"https:\/\/api.w.org\/{rel}","templated":true}]}}