{"id":447692,"date":"2025-02-23T17:21:42","date_gmt":"2025-02-23T16:21:42","guid":{"rendered":"https:\/\/www.pricetornado.com\/da\/produkt\/nedis-fuld-motion-tv-vaegbeslag-37-80-maksimal-vaegt-35-kg-vipbar-kan-drejes-minimum-vaegafstand-75-mm-maksimal-vaegafstand-330-mm-6-drejepunkter-staal-sort-tvwm355\/"},"modified":"2026-04-17T03:40:31","modified_gmt":"2026-04-17T01:40:31","slug":"nedis-fuld-motion-tv-vaegbeslag-37-80-maksimal-vaegt-35-kg-vipbar-kan-drejes-minimum-vaegafstand-75-mm-maksimal-vaegafstand-330-mm-6-drejepunkter-staal-sort-tvwm355","status":"publish","type":"product","link":"https:\/\/www.pricetornado.com\/da\/produkt\/nedis-fuld-motion-tv-vaegbeslag-37-80-maksimal-vaegt-35-kg-vipbar-kan-drejes-minimum-vaegafstand-75-mm-maksimal-vaegafstand-330-mm-6-drejepunkter-staal-sort-tvwm355\/","title":{"rendered":"Nedis &#8211; Fuld Motion TV V\u00e6gbeslag | 37 &#8211; 80 &quot; | Maksimal v\u00e6gt: 35 kg | Vipbar | Kan drejes | Minimum v\u00e6gafstand: 75 mm | Maksimal v\u00e6gafstand: 330 mm | 6 Drejepunkt(er) | St\u00e5l | Sort &#8211; TVWM3551BK"},"content":{"rendered":"<p>K\u00f8b billig Nedis &#8211; Fuld Motion TV V\u00e6gbeslag | 37 &#8211; 80 &quot; | Maksimal v\u00e6gt: 35 kg | Vipbar | Kan drejes | Minimum v\u00e6gafstand: 75 mm | Maksimal v\u00e6gafstand: 330 mm | 6 Drejepunkt(er) | St\u00e5l | Sort &#8211; TVWM3551BK!<br \/>\nDet fuldt bev\u00e6gelige TV-v\u00e6gbeslag fra Nedis g\u00f8r det muligt at montere dit 37-80&quot; TV t\u00e6t p\u00e5 v\u00e6ggen og fremh\u00e6ver dets slanke og enkle design. Beslagets robuste st\u00e5lkonstruktion sikrer h\u00f8j holdbarhed og stabilitet, s\u00e5 du trygt kan montere selv st\u00f8rre sk\u00e6rme op til 35 kg.Takket v\u00e6re konstruktionen med 6 drejepunkter giver dette v\u00e6gbeslag mulighed for fuld bev\u00e6gelse, rotation og vipning. Dermed kan du altid tilpasse TV\u2019ets placering og vinkel, s\u00e5 du opn\u00e5r den perfekte visningsoplevelse uanset, hvor du sidder i rummet.V\u00e6gbeslaget har en minimum v\u00e6gafstand p\u00e5 75 mm og kan tr\u00e6kkes ud til 330 mm, hvilket giver ekstra fleksibilitet under montering. En indbygget vaterpasindikator hj\u00e6lper dig med at sikre, at TV&apos;et er monteret helt lige fra starten.V\u00e6lg dette solide og fleksible TV-v\u00e6gbeslag fra Nedis og opn\u00e5 maksimal frihed samt optimal komfort i din hjemmeunderholdning. Se flere produkter fra for endnu flere smarte l\u00f8sninger.<\/p>\n<p>Sammenlign priser p\u00e5 Nedis &#8211; Fuld Motion TV V\u00e6gbeslag | 37 &#8211; 80 &quot; | Maksimal v\u00e6gt: 35 kg | Vipbar | Kan drejes | Minimum v\u00e6gafstand: 75 mm | Maksimal v\u00e6gafstand: 330 mm | 6 Drejepunkt(er) | St\u00e5l | Sort &#8211; TVWM3551BK og k\u00f8b online til den billigste pris, samt p\u00e5 tilbud!\u00a0\u00a0Tjek den bedste pris, produkt beskrivelse, video, test, anmeldelser osv.<\/p>\n<p><strong>Brand: <\/strong>Nedis<br \/>\n<strong>EAN: <\/strong>5412810400683<br \/>\n<strong>Producentens varenr.:<\/strong> 5412810400683<\/p>\n<p><strong>P.S.<\/strong><br \/>\nTilmeld dig til &#8220;Opret Gratis Prisfald Alarm&#8221;, og bliv underrettet med det samme om prisfald p\u00e5 Nedis &#8211; Fuld Motion TV V\u00e6gbeslag | 37 &#8211; 80 &quot; | Maksimal v\u00e6gt: 35 kg | Vipbar | Kan drejes | Minimum v\u00e6gafstand: 75 mm | Maksimal v\u00e6gafstand: 330 mm | 6 Drejepunkt(er) | St\u00e5l | Sort &#8211; TVWM3551BK, og f\u00e5 den billigste pris!<\/p>\n<p>&nbsp;<\/p>\n<p>&nbsp;<\/p>\n","protected":false},"excerpt":{"rendered":"<p>K\u00f8b billig Nedis &#8211; Fuld Motion TV V\u00e6gbeslag | 37 &#8211; 80 &quot; | Maksimal v\u00e6gt: 35 kg | Vipbar | Kan drejes | Minimum v\u00e6gafstand: 75 mm | Maksimal v\u00e6gafstand: 330 mm | 6 Drejepunkt(er) | St\u00e5l | Sort &#8211; TVWM3551BK! Det fuldt bev\u00e6gelige TV-v\u00e6gbeslag fra Nedis g\u00f8r det muligt at montere dit 37-80&quot; [&hellip;]<\/p>\n","protected":false},"featured_media":999980000004476920,"template":"","meta":[],"store":[1272516],"product_brand":[1272517],"product_cat":[1272427],"product_tag":[1272678,1275178],"class_list":{"0":"post-447692","1":"product","2":"type-product","3":"status-publish","4":"has-post-thumbnail","6":"store-butik24","7":"product_brand-nedis","8":"product_cat-beslag","9":"product_tag-beslag","10":"product_tag-nedis","11":"pa_maerke-nedis","13":"first","14":"instock","15":"product-type-external"},"_links":{"self":[{"href":"https:\/\/www.pricetornado.com\/da\/wp-json\/wp\/v2\/product\/447692","targetHints":{"allow":["GET"]}}],"collection":[{"href":"https:\/\/www.pricetornado.com\/da\/wp-json\/wp\/v2\/product"}],"about":[{"href":"https:\/\/www.pricetornado.com\/da\/wp-json\/wp\/v2\/types\/product"}],"wp:featuredmedia":[{"embeddable":true,"href":"https:\/\/www.pricetornado.com\/da\/wp-json\/"}],"wp:attachment":[{"href":"https:\/\/www.pricetornado.com\/da\/wp-json\/wp\/v2\/media?parent=447692"}],"wp:term":[{"taxonomy":"store","embeddable":true,"href":"https:\/\/www.pricetornado.com\/da\/wp-json\/wp\/v2\/store?post=447692"},{"taxonomy":"product_brand","embeddable":true,"href":"https:\/\/www.pricetornado.com\/da\/wp-json\/wp\/v2\/product_brand?post=447692"},{"taxonomy":"product_cat","embeddable":true,"href":"https:\/\/www.pricetornado.com\/da\/wp-json\/wp\/v2\/product_cat?post=447692"},{"taxonomy":"product_tag","embeddable":true,"href":"https:\/\/www.pricetornado.com\/da\/wp-json\/wp\/v2\/product_tag?post=447692"}],"curies":[{"name":"wp","href":"https:\/\/api.w.org\/{rel}","templated":true}]}}