{"id":447691,"date":"2025-02-24T20:02:59","date_gmt":"2025-02-24T19:02:59","guid":{"rendered":"https:\/\/www.pricetornado.com\/da\/produkt\/nedis-5g-4g-3g-antenne-5g-indendoers-eller-udendoers-698-5000-mhz-forstaerkning-6-db-2-50-m-hvid-anor5g20wt\/"},"modified":"2026-04-18T03:30:22","modified_gmt":"2026-04-18T01:30:22","slug":"nedis-5g-4g-3g-antenne-5g-indendoers-eller-udendoers-698-5000-mhz-forstaerkning-6-db-2-50-m-hvid-anor5g20wt","status":"publish","type":"product","link":"https:\/\/www.pricetornado.com\/da\/produkt\/nedis-5g-4g-3g-antenne-5g-indendoers-eller-udendoers-698-5000-mhz-forstaerkning-6-db-2-50-m-hvid-anor5g20wt\/","title":{"rendered":"Nedis &#8211; 5G \/ 4G \/ 3G antenne | 5G | Indend\u00f8rs eller udend\u00f8rs | 698-5000 MHz | Forst\u00e6rkning: 6 dB | 2.50 m | Hvid &#8211; ANOR5G20WT"},"content":{"rendered":"<p>K\u00f8b billig Nedis &#8211; 5G \/ 4G \/ 3G antenne | 5G | Indend\u00f8rs eller udend\u00f8rs | 698-5000 MHz | Forst\u00e6rkning: 6 dB | 2.50 m | Hvid &#8211; ANOR5G20WT!<br \/>\nOpn\u00e5 st\u00e6rkere datakommunikation og hurtigere dataoverf\u00f8rsel med denne 5G\/4G\/3G\/GSM-antenne, der underst\u00f8tter et firedobbelt frekvensb\u00e5nd (698-5000 MHz). Antennen sikrer optimal modtagelse til b\u00e5de 5G-, 4G-, 3G- og GSM-enheder og giver dig en mere stabil og p\u00e5lidelig netv\u00e6rksforbindelse.Antennen er fremstillet af beskyttende ABS-materialer, hvilket giver \u00f8get holdbarhed og lang levetid, selv under udfordrende forhold. Den er designet til b\u00e5de indend\u00f8rs og udend\u00f8rs brug, og den vejrbestandige opbygning g\u00f8r den ideel til installation mange steder.Med to 2,5 meter lange LMR200 lavtabskabler f\u00e5r du minimal signalforringelse samt fleksible placeringsmuligheder. SMA male-stik sikrer en sikker og t\u00e6t tilslutning til dine enheder, s\u00e5som 5G CPE, SIM-kortrouter eller mobiltelefonsignalforst\u00e6rker.Juster antennens retning gradvist for at opn\u00e5 maksimal signalstyrke \u2013 brug fx enhedens signalstyrkeindikator eller et kompas. S\u00f8rg altid for en t\u00e6t forbindelse for at minimere signaltab.Antennen passer til en lang r\u00e6kke enheder s\u00e5som 4G LTE- og 5G CPE\u2019er, SIM-kortroutere og mobiltelefonsignalforst\u00e6rkere, hvilket sikrer forbedret signalmodtagelse i alle situationer. hos Butik24, og optimer din netv\u00e6rksoplevelse med gennemtestede og effektive l\u00f8sninger.<\/p>\n<p>Sammenlign priser p\u00e5 Nedis &#8211; 5G \/ 4G \/ 3G antenne | 5G | Indend\u00f8rs eller udend\u00f8rs | 698-5000 MHz | Forst\u00e6rkning: 6 dB | 2.50 m | Hvid &#8211; ANOR5G20WT og k\u00f8b online til den billigste pris, samt p\u00e5 tilbud!\u00a0\u00a0Tjek den bedste pris, produkt beskrivelse, video, test, anmeldelser osv.<\/p>\n<p><strong>Brand: <\/strong>Nedis<br \/>\n<strong>EAN: <\/strong>5412810327935<br \/>\n<strong>Producentens varenr.:<\/strong> 5412810327935<\/p>\n<p><strong>P.S.<\/strong><br \/>\nTilmeld dig til &#8220;Opret Gratis Prisfald Alarm&#8221;, og bliv underrettet med det samme om prisfald p\u00e5 Nedis &#8211; 5G \/ 4G \/ 3G antenne | 5G | Indend\u00f8rs eller udend\u00f8rs | 698-5000 MHz | Forst\u00e6rkning: 6 dB | 2.50 m | Hvid &#8211; ANOR5G20WT, og f\u00e5 den billigste pris!<\/p>\n<p>&nbsp;<\/p>\n<p>&nbsp;<\/p>\n","protected":false},"excerpt":{"rendered":"<p>K\u00f8b billig Nedis &#8211; 5G \/ 4G \/ 3G antenne | 5G | Indend\u00f8rs eller udend\u00f8rs | 698-5000 MHz | Forst\u00e6rkning: 6 dB | 2.50 m | Hvid &#8211; ANOR5G20WT! Opn\u00e5 st\u00e6rkere datakommunikation og hurtigere dataoverf\u00f8rsel med denne 5G\/4G\/3G\/GSM-antenne, der underst\u00f8tter et firedobbelt frekvensb\u00e5nd (698-5000 MHz). Antennen sikrer optimal modtagelse til b\u00e5de 5G-, 4G-, 3G- [&hellip;]<\/p>\n","protected":false},"featured_media":999980000004476910,"template":"","meta":[],"store":[1272516],"product_brand":[1272517],"product_cat":[1272442],"product_tag":[1273444,1275178],"class_list":{"0":"post-447691","1":"product","2":"type-product","3":"status-publish","4":"has-post-thumbnail","6":"store-butik24","7":"product_brand-nedis","8":"product_cat-antenner","9":"product_tag-antenner","10":"product_tag-nedis","11":"pa_maerke-nedis","13":"first","14":"instock","15":"product-type-external"},"_links":{"self":[{"href":"https:\/\/www.pricetornado.com\/da\/wp-json\/wp\/v2\/product\/447691","targetHints":{"allow":["GET"]}}],"collection":[{"href":"https:\/\/www.pricetornado.com\/da\/wp-json\/wp\/v2\/product"}],"about":[{"href":"https:\/\/www.pricetornado.com\/da\/wp-json\/wp\/v2\/types\/product"}],"wp:featuredmedia":[{"embeddable":true,"href":"https:\/\/www.pricetornado.com\/da\/wp-json\/"}],"wp:attachment":[{"href":"https:\/\/www.pricetornado.com\/da\/wp-json\/wp\/v2\/media?parent=447691"}],"wp:term":[{"taxonomy":"store","embeddable":true,"href":"https:\/\/www.pricetornado.com\/da\/wp-json\/wp\/v2\/store?post=447691"},{"taxonomy":"product_brand","embeddable":true,"href":"https:\/\/www.pricetornado.com\/da\/wp-json\/wp\/v2\/product_brand?post=447691"},{"taxonomy":"product_cat","embeddable":true,"href":"https:\/\/www.pricetornado.com\/da\/wp-json\/wp\/v2\/product_cat?post=447691"},{"taxonomy":"product_tag","embeddable":true,"href":"https:\/\/www.pricetornado.com\/da\/wp-json\/wp\/v2\/product_tag?post=447691"}],"curies":[{"name":"wp","href":"https:\/\/api.w.org\/{rel}","templated":true}]}}