{"id":447680,"date":"2025-02-26T06:48:52","date_gmt":"2025-02-26T05:48:52","guid":{"rendered":"https:\/\/www.pricetornado.com\/da\/produkt\/nedis-fuld-motion-tv-vaegbeslag-37-80-maksimal-vaegt-50-kg-vipbar-kan-drejes-minimum-vaegafstand-70-mm-maksimal-vaegafstand-650-mm-3-drejepunkter-staal-sort-tvwm655\/"},"modified":"2026-04-18T01:49:48","modified_gmt":"2026-04-17T23:49:48","slug":"nedis-fuld-motion-tv-vaegbeslag-37-80-maksimal-vaegt-50-kg-vipbar-kan-drejes-minimum-vaegafstand-70-mm-maksimal-vaegafstand-650-mm-3-drejepunkter-staal-sort-tvwm655","status":"publish","type":"product","link":"https:\/\/www.pricetornado.com\/da\/produkt\/nedis-fuld-motion-tv-vaegbeslag-37-80-maksimal-vaegt-50-kg-vipbar-kan-drejes-minimum-vaegafstand-70-mm-maksimal-vaegafstand-650-mm-3-drejepunkter-staal-sort-tvwm655\/","title":{"rendered":"Nedis &#8211; Fuld Motion TV V\u00e6gbeslag | 37 &#8211; 80 &quot; | Maksimal v\u00e6gt: 50 kg | Vipbar | Kan drejes | Minimum v\u00e6gafstand: 70 mm | Maksimal v\u00e6gafstand: 650 mm | 3 Drejepunkt(er) | St\u00e5l | Sort &#8211; TVWM6550BK"},"content":{"rendered":"<p>K\u00f8b billig Nedis &#8211; Fuld Motion TV V\u00e6gbeslag | 37 &#8211; 80 &quot; | Maksimal v\u00e6gt: 50 kg | Vipbar | Kan drejes | Minimum v\u00e6gafstand: 70 mm | Maksimal v\u00e6gafstand: 650 mm | 3 Drejepunkt(er) | St\u00e5l | Sort &#8211; TVWM6550BK!<br \/>\nDette superfleksible Nedis tv-v\u00e6gbeslag er ideelt til de fleste fjernsyn med sk\u00e6rmst\u00f8rrelser fra 37&quot; til 80&quot;. Takket v\u00e6re konstruktionen i st\u00e6rkt st\u00e5l leveres maksimal holdbarhed og stabilitet, hvilket g\u00f8r beslaget i stand til at b\u00e6re op til 50 kg. Det fuld motion-design giver dig frihed til at finde den optimale betragtningsposition, uanset hvordan rummet er indrettet.Tiltbar fra +2\u00b0 til -15\u00b0 for at reducere genskin fra lyskilder.Rotation op til 180\u00b0, s\u00e5 du let kan dreje tv\u2019et mod forskellige dele af rummet.Levelleringsjustering fra +3\u00b0 til -3\u00b0 for pr\u00e6cis placering af sk\u00e6rmen.Justerbar afstand fra v\u00e6ggen p\u00e5 mellem 70 og 650 mm, s\u00e5 du b\u00e5de kan tr\u00e6kke tv\u2019et ud og skubbe det t\u00e6t ind til v\u00e6ggen.Den smarte slide-in VESA-plade g\u00f8r det nemt og hurtigt at montere eller afmontere fjernsynet, mens det indbyggede kabelh\u00e5ndteringssystem hj\u00e6lper med at holde kablerne organiserede og skjult, s\u00e5 din tv-installation altid fremst\u00e5r ryddelig og elegant.Med dette Nedis tv-v\u00e6gbeslag f\u00e5r du en brugervenlig, holdbar og fleksibel l\u00f8sning, som g\u00f8r det let at skabe optimale betragtningsforhold i hjemmet. til din hverdag.<\/p>\n<p>Sammenlign priser p\u00e5 Nedis &#8211; Fuld Motion TV V\u00e6gbeslag | 37 &#8211; 80 &quot; | Maksimal v\u00e6gt: 50 kg | Vipbar | Kan drejes | Minimum v\u00e6gafstand: 70 mm | Maksimal v\u00e6gafstand: 650 mm | 3 Drejepunkt(er) | St\u00e5l | Sort &#8211; TVWM6550BK og k\u00f8b online til den billigste pris, samt p\u00e5 tilbud!\u00a0\u00a0Tjek den bedste pris, produkt beskrivelse, video, test, anmeldelser osv.<\/p>\n<p><strong>Brand: <\/strong>Nedis<br \/>\n<strong>EAN: <\/strong>5412810270996<br \/>\n<strong>Producentens varenr.:<\/strong> 5412810270996<\/p>\n<p><strong>P.S.<\/strong><br \/>\nTilmeld dig til &#8220;Opret Gratis Prisfald Alarm&#8221;, og bliv underrettet med det samme om prisfald p\u00e5 Nedis &#8211; Fuld Motion TV V\u00e6gbeslag | 37 &#8211; 80 &quot; | Maksimal v\u00e6gt: 50 kg | Vipbar | Kan drejes | Minimum v\u00e6gafstand: 70 mm | Maksimal v\u00e6gafstand: 650 mm | 3 Drejepunkt(er) | St\u00e5l | Sort &#8211; TVWM6550BK, og f\u00e5 den billigste pris!<\/p>\n<p>&nbsp;<\/p>\n<p>&nbsp;<\/p>\n","protected":false},"excerpt":{"rendered":"<p>K\u00f8b billig Nedis &#8211; Fuld Motion TV V\u00e6gbeslag | 37 &#8211; 80 &quot; | Maksimal v\u00e6gt: 50 kg | Vipbar | Kan drejes | Minimum v\u00e6gafstand: 70 mm | Maksimal v\u00e6gafstand: 650 mm | 3 Drejepunkt(er) | St\u00e5l | Sort &#8211; TVWM6550BK! Dette superfleksible Nedis tv-v\u00e6gbeslag er ideelt til de fleste fjernsyn med sk\u00e6rmst\u00f8rrelser fra [&hellip;]<\/p>\n","protected":false},"featured_media":999980000004476800,"template":"","meta":[],"store":[1272516],"product_brand":[1272517],"product_cat":[1272427],"product_tag":[1272678,1275178],"class_list":{"0":"post-447680","1":"product","2":"type-product","3":"status-publish","4":"has-post-thumbnail","6":"store-butik24","7":"product_brand-nedis","8":"product_cat-beslag","9":"product_tag-beslag","10":"product_tag-nedis","11":"pa_maerke-nedis","13":"first","14":"instock","15":"product-type-external"},"_links":{"self":[{"href":"https:\/\/www.pricetornado.com\/da\/wp-json\/wp\/v2\/product\/447680","targetHints":{"allow":["GET"]}}],"collection":[{"href":"https:\/\/www.pricetornado.com\/da\/wp-json\/wp\/v2\/product"}],"about":[{"href":"https:\/\/www.pricetornado.com\/da\/wp-json\/wp\/v2\/types\/product"}],"wp:featuredmedia":[{"embeddable":true,"href":"https:\/\/www.pricetornado.com\/da\/wp-json\/"}],"wp:attachment":[{"href":"https:\/\/www.pricetornado.com\/da\/wp-json\/wp\/v2\/media?parent=447680"}],"wp:term":[{"taxonomy":"store","embeddable":true,"href":"https:\/\/www.pricetornado.com\/da\/wp-json\/wp\/v2\/store?post=447680"},{"taxonomy":"product_brand","embeddable":true,"href":"https:\/\/www.pricetornado.com\/da\/wp-json\/wp\/v2\/product_brand?post=447680"},{"taxonomy":"product_cat","embeddable":true,"href":"https:\/\/www.pricetornado.com\/da\/wp-json\/wp\/v2\/product_cat?post=447680"},{"taxonomy":"product_tag","embeddable":true,"href":"https:\/\/www.pricetornado.com\/da\/wp-json\/wp\/v2\/product_tag?post=447680"}],"curies":[{"name":"wp","href":"https:\/\/api.w.org\/{rel}","templated":true}]}}