{"id":447679,"date":"2025-02-22T02:39:27","date_gmt":"2025-02-22T01:39:27","guid":{"rendered":"https:\/\/www.pricetornado.com\/da\/produkt\/nedis-fuld-motion-tv-vaegbeslag-13-27-maksimal-vaegt-15-kg-vipbar-kan-drejes-minimum-vaegafstand-60-mm-maksimal-vaegafstand-350-mm-3-drejepunkter-abs-staal-sort-t\/"},"modified":"2026-04-17T05:40:10","modified_gmt":"2026-04-17T03:40:10","slug":"nedis-fuld-motion-tv-vaegbeslag-13-27-maksimal-vaegt-15-kg-vipbar-kan-drejes-minimum-vaegafstand-60-mm-maksimal-vaegafstand-350-mm-3-drejepunkter-abs-staal-sort-t","status":"publish","type":"product","link":"https:\/\/www.pricetornado.com\/da\/produkt\/nedis-fuld-motion-tv-vaegbeslag-13-27-maksimal-vaegt-15-kg-vipbar-kan-drejes-minimum-vaegafstand-60-mm-maksimal-vaegafstand-350-mm-3-drejepunkter-abs-staal-sort-t\/","title":{"rendered":"Nedis &#8211; Fuld Motion TV V\u00e6gbeslag | 13 &#8211; 27 &quot; | Maksimal v\u00e6gt: 15 kg | Vipbar | Kan drejes | Minimum v\u00e6gafstand: 60 mm | Maksimal v\u00e6gafstand: 350 mm | 3 Drejepunkt(er) | ABS \/ St\u00e5l | Sort &#8211; TVWM1510BK"},"content":{"rendered":"<p>K\u00f8b billig Nedis &#8211; Fuld Motion TV V\u00e6gbeslag | 13 &#8211; 27 &quot; | Maksimal v\u00e6gt: 15 kg | Vipbar | Kan drejes | Minimum v\u00e6gafstand: 60 mm | Maksimal v\u00e6gafstand: 350 mm | 3 Drejepunkt(er) | ABS \/ St\u00e5l | Sort &#8211; TVWM1510BK!<br \/>\nFastg\u00f8r dit TV sikkert med dette fuld motion TV-v\u00e6gbeslag fra Nedis. Beslaget giver dig mulighed for at vippe, dreje og rotere dit fjernsyn, s\u00e5 du altid kan opn\u00e5 den perfekte synsvinkel uanset placering. Fremstillet i slidst\u00e6rkt ABS og st\u00e5l for maksimal holdbarhed og stabilitet, og designet til at b\u00e6re en maksimal sk\u00e6rmv\u00e6gt p\u00e5 15 kg.Beslaget kan monteres med en v\u00e6gafstand fra minimum 60 mm til maksimalt 350 mm, hvilket g\u00f8r det velegnet til forskellige v\u00e6gtyper og rum. Alle n\u00f8dvendige installationsmaterialer samt en letforst\u00e5elig vejledning medf\u00f8lger, s\u00e5 du nemt og hurtigt kan montere beslaget.Fuld bev\u00e6gelighed: vip, drej og roter fjernsynet for optimal komfort.Tre drejepunkter sikrer bl\u00f8de og pr\u00e6cise bev\u00e6gelser.Op til 180 graders rotation g\u00f8r det let at finde den ideelle visningsvinkel.Dette TV-v\u00e6gbeslag fra Nedis kombinerer fleksibilitet, sikkerhed og nem installation \u2013 det ideelle valg til dig, der \u00f8nsker frihed i placeringen af dit TV.<\/p>\n<p>Sammenlign priser p\u00e5 Nedis &#8211; Fuld Motion TV V\u00e6gbeslag | 13 &#8211; 27 &quot; | Maksimal v\u00e6gt: 15 kg | Vipbar | Kan drejes | Minimum v\u00e6gafstand: 60 mm | Maksimal v\u00e6gafstand: 350 mm | 3 Drejepunkt(er) | ABS \/ St\u00e5l | Sort &#8211; TVWM1510BK og k\u00f8b online til den billigste pris, samt p\u00e5 tilbud!\u00a0\u00a0Tjek den bedste pris, produkt beskrivelse, video, test, anmeldelser osv.<\/p>\n<p><strong>Brand: <\/strong>Nedis<br \/>\n<strong>EAN: <\/strong>5412810268658<br \/>\n<strong>Producentens varenr.:<\/strong> 5412810268658<\/p>\n<p><strong>P.S.<\/strong><br \/>\nTilmeld dig til &#8220;Opret Gratis Prisfald Alarm&#8221;, og bliv underrettet med det samme om prisfald p\u00e5 Nedis &#8211; Fuld Motion TV V\u00e6gbeslag | 13 &#8211; 27 &quot; | Maksimal v\u00e6gt: 15 kg | Vipbar | Kan drejes | Minimum v\u00e6gafstand: 60 mm | Maksimal v\u00e6gafstand: 350 mm | 3 Drejepunkt(er) | ABS \/ St\u00e5l | Sort &#8211; TVWM1510BK, og f\u00e5 den billigste pris!<\/p>\n<p>&nbsp;<\/p>\n<p>&nbsp;<\/p>\n","protected":false},"excerpt":{"rendered":"<p>K\u00f8b billig Nedis &#8211; Fuld Motion TV V\u00e6gbeslag | 13 &#8211; 27 &quot; | Maksimal v\u00e6gt: 15 kg | Vipbar | Kan drejes | Minimum v\u00e6gafstand: 60 mm | Maksimal v\u00e6gafstand: 350 mm | 3 Drejepunkt(er) | ABS \/ St\u00e5l | Sort &#8211; TVWM1510BK! Fastg\u00f8r dit TV sikkert med dette fuld motion TV-v\u00e6gbeslag fra Nedis. [&hellip;]<\/p>\n","protected":false},"featured_media":999980000004476790,"template":"","meta":[],"store":[1272516],"product_brand":[1272517],"product_cat":[1272427],"product_tag":[1272678,1275178],"class_list":{"0":"post-447679","1":"product","2":"type-product","3":"status-publish","4":"has-post-thumbnail","6":"store-butik24","7":"product_brand-nedis","8":"product_cat-beslag","9":"product_tag-beslag","10":"product_tag-nedis","11":"pa_maerke-nedis","13":"first","14":"instock","15":"product-type-external"},"_links":{"self":[{"href":"https:\/\/www.pricetornado.com\/da\/wp-json\/wp\/v2\/product\/447679","targetHints":{"allow":["GET"]}}],"collection":[{"href":"https:\/\/www.pricetornado.com\/da\/wp-json\/wp\/v2\/product"}],"about":[{"href":"https:\/\/www.pricetornado.com\/da\/wp-json\/wp\/v2\/types\/product"}],"wp:featuredmedia":[{"embeddable":true,"href":"https:\/\/www.pricetornado.com\/da\/wp-json\/"}],"wp:attachment":[{"href":"https:\/\/www.pricetornado.com\/da\/wp-json\/wp\/v2\/media?parent=447679"}],"wp:term":[{"taxonomy":"store","embeddable":true,"href":"https:\/\/www.pricetornado.com\/da\/wp-json\/wp\/v2\/store?post=447679"},{"taxonomy":"product_brand","embeddable":true,"href":"https:\/\/www.pricetornado.com\/da\/wp-json\/wp\/v2\/product_brand?post=447679"},{"taxonomy":"product_cat","embeddable":true,"href":"https:\/\/www.pricetornado.com\/da\/wp-json\/wp\/v2\/product_cat?post=447679"},{"taxonomy":"product_tag","embeddable":true,"href":"https:\/\/www.pricetornado.com\/da\/wp-json\/wp\/v2\/product_tag?post=447679"}],"curies":[{"name":"wp","href":"https:\/\/api.w.org\/{rel}","templated":true}]}}