{"id":447675,"date":"2025-02-24T18:59:27","date_gmt":"2025-02-24T17:59:27","guid":{"rendered":"https:\/\/www.pricetornado.com\/da\/produkt\/nedis-motion-detektor-alarm-batteri-6x-aa-lr6-85-db-detektoromraade-6-m-vaeg-blaa-hvid-alrmmw20wt\/"},"modified":"2026-04-23T04:50:12","modified_gmt":"2026-04-23T02:50:12","slug":"nedis-motion-detektor-alarm-batteri-6x-aa-lr6-85-db-detektoromraade-6-m-vaeg-blaa-hvid-alrmmw20wt","status":"publish","type":"product","link":"https:\/\/www.pricetornado.com\/da\/produkt\/nedis-motion-detektor-alarm-batteri-6x-aa-lr6-85-db-detektoromraade-6-m-vaeg-blaa-hvid-alrmmw20wt\/","title":{"rendered":"Nedis &#8211; Motion Detektor Alarm | Batteri | 6x AA\/LR6 | 85 dB | Detektoromr\u00e5de: 6 m | V\u00e6g | Bl\u00e5 \/ Hvid &#8211; ALRMMW20WT"},"content":{"rendered":"<p>K\u00f8b billig Nedis &#8211; Motion Detektor Alarm | Batteri | 6x AA\/LR6 | 85 dB | Detektoromr\u00e5de: 6 m | V\u00e6g | Bl\u00e5 \/ Hvid &#8211; ALRMMW20WT!<br \/>\nOplev ekstra tryghed med denne infrar\u00f8de bev\u00e6gelsessensor fra Nedis, der advarer dig med en kraftig sirene, hvis nogen eller noget kommer inden for det overv\u00e5gede omr\u00e5de. Bev\u00e6gelsessensoren kommunikerer tr\u00e5dl\u00f8st med sirenen, hvilket sikrer hurtige og p\u00e5lidelige alarmer uanset rumindretning.Sensoren drives af 6 x AA\/LR6 batterier og kr\u00e6ver ingen tilslutning til str\u00f8mstik. Det lette plastikkabinet g\u00f8r installation og flytning nem, s\u00e5 du hurtigt kan tilpasse sikkerheden der, hvor du har behov. PIR-teknologien registrerer bev\u00e6gelser inden for seks meter, hvilket g\u00f8r den ideel til at d\u00e6kke st\u00f8rre omr\u00e5der b\u00e5de i hjemmet og p\u00e5 arbejdspladsen. Den tr\u00e5dl\u00f8se forbindelse til sirenen fungerer p\u00e5 433 MHz frekvensen og kan opretholdes p\u00e5 op til 80 meters afstand, s\u00e5 sensoren effektivt overv\u00e5ger selv st\u00f8rre arealer.Du kan v\u00e6lge mellem 8 forskellige melodier, s\u00e5 alarmen kan tilpasses til netop dine \u00f8nsker og behov. Sirenen har en lydstyrke p\u00e5 85 dB, hvilket sikrer, at du straks bliver opm\u00e6rksom p\u00e5 enhver alarm. her p\u00e5 Butik24 og skab tryghed i hjemmet eller p\u00e5 arbejdspladsen.<\/p>\n<p>Sammenlign priser p\u00e5 Nedis &#8211; Motion Detektor Alarm | Batteri | 6x AA\/LR6 | 85 dB | Detektoromr\u00e5de: 6 m | V\u00e6g | Bl\u00e5 \/ Hvid &#8211; ALRMMW20WT og k\u00f8b online til den billigste pris, samt p\u00e5 tilbud!\u00a0\u00a0Tjek den bedste pris, produkt beskrivelse, video, test, anmeldelser osv.<\/p>\n<p><strong>Brand: <\/strong>Nedis<br \/>\n<strong>EAN: <\/strong>5412810293513<br \/>\n<strong>Producentens varenr.:<\/strong> 5412810293513<\/p>\n<p><strong>P.S.<\/strong><br \/>\nTilmeld dig til &#8220;Opret Gratis Prisfald Alarm&#8221;, og bliv underrettet med det samme om prisfald p\u00e5 Nedis &#8211; Motion Detektor Alarm | Batteri | 6x AA\/LR6 | 85 dB | Detektoromr\u00e5de: 6 m | V\u00e6g | Bl\u00e5 \/ Hvid &#8211; ALRMMW20WT, og f\u00e5 den billigste pris!<\/p>\n<p>&nbsp;<\/p>\n<p>&nbsp;<\/p>\n","protected":false},"excerpt":{"rendered":"<p>K\u00f8b billig Nedis &#8211; Motion Detektor Alarm | Batteri | 6x AA\/LR6 | 85 dB | Detektoromr\u00e5de: 6 m | V\u00e6g | Bl\u00e5 \/ Hvid &#8211; ALRMMW20WT! Oplev ekstra tryghed med denne infrar\u00f8de bev\u00e6gelsessensor fra Nedis, der advarer dig med en kraftig sirene, hvis nogen eller noget kommer inden for det overv\u00e5gede omr\u00e5de. Bev\u00e6gelsessensoren kommunikerer [&hellip;]<\/p>\n","protected":false},"featured_media":999980000004476750,"template":"","meta":[],"store":[1272516],"product_brand":[1272517],"product_cat":[1272469],"product_tag":[1273060,1275178],"class_list":{"0":"post-447675","1":"product","2":"type-product","3":"status-publish","4":"has-post-thumbnail","6":"store-butik24","7":"product_brand-nedis","8":"product_cat-detektorer","9":"product_tag-detektorer","10":"product_tag-nedis","11":"pa_maerke-nedis","13":"first","14":"instock","15":"product-type-external"},"_links":{"self":[{"href":"https:\/\/www.pricetornado.com\/da\/wp-json\/wp\/v2\/product\/447675","targetHints":{"allow":["GET"]}}],"collection":[{"href":"https:\/\/www.pricetornado.com\/da\/wp-json\/wp\/v2\/product"}],"about":[{"href":"https:\/\/www.pricetornado.com\/da\/wp-json\/wp\/v2\/types\/product"}],"wp:featuredmedia":[{"embeddable":true,"href":"https:\/\/www.pricetornado.com\/da\/wp-json\/"}],"wp:attachment":[{"href":"https:\/\/www.pricetornado.com\/da\/wp-json\/wp\/v2\/media?parent=447675"}],"wp:term":[{"taxonomy":"store","embeddable":true,"href":"https:\/\/www.pricetornado.com\/da\/wp-json\/wp\/v2\/store?post=447675"},{"taxonomy":"product_brand","embeddable":true,"href":"https:\/\/www.pricetornado.com\/da\/wp-json\/wp\/v2\/product_brand?post=447675"},{"taxonomy":"product_cat","embeddable":true,"href":"https:\/\/www.pricetornado.com\/da\/wp-json\/wp\/v2\/product_cat?post=447675"},{"taxonomy":"product_tag","embeddable":true,"href":"https:\/\/www.pricetornado.com\/da\/wp-json\/wp\/v2\/product_tag?post=447675"}],"curies":[{"name":"wp","href":"https:\/\/api.w.org\/{rel}","templated":true}]}}