{"id":447669,"date":"2025-02-26T16:00:59","date_gmt":"2025-02-26T15:00:59","guid":{"rendered":"https:\/\/www.pricetornado.com\/da\/produkt\/alecto-badetermometer-og-rumtermometer-flodhest-bc-11-hippo\/"},"modified":"2026-04-18T02:00:24","modified_gmt":"2026-04-18T00:00:24","slug":"alecto-badetermometer-og-rumtermometer-flodhest-bc-11-hippo","status":"publish","type":"product","link":"https:\/\/www.pricetornado.com\/da\/produkt\/alecto-badetermometer-og-rumtermometer-flodhest-bc-11-hippo\/","title":{"rendered":"Alecto &#8211; Badetermometer og rumtermometer flodhest &#8211; BC-11 HIPPO"},"content":{"rendered":"<p>K\u00f8b billig Alecto &#8211; Badetermometer og rumtermometer flodhest &#8211; BC-11 HIPPO!<br \/>\nAlecto BC-11 HIPPO er et praktisk og sjovt digitalt termometer, der kombinerer badetermometer og rumtermometer i \u00e9t produkt. Det charmerende flodhestedesign i robust plast g\u00f8r det slidst\u00e6rkt og let at have med at g\u00f8re, uanset om det bruges i badevandet eller p\u00e5 b\u00f8rnev\u00e6relset. Termometeret flyder sikkert i badet og m\u00e5ler pr\u00e6cist b\u00e5de vand- og rumtemperaturen, s\u00e5 du altid kan sikre optimale forhold for dit barn.Med et klart LCD-display f\u00e5r du en letl\u00e6selig visning af temperaturen \u2013 b\u00e5de i vand og luft. Termometret giver dig en pr\u00e6cis m\u00e5ling p\u00e5 kun 10 sekunder og har et m\u00e5leomr\u00e5de fra 0 til 50 grader, hvilket g\u00f8r det ideelt til indend\u00f8rs brug.Indbygget temperaturalarm: Giver lyd og advarsel, hvis badevandet er for varmt (\u2265 39\u00b0C) eller for koldt (\u2264 32\u00b0C), s\u00e5 du trygt kan fokusere p\u00e5 dit barns velv\u00e6re.Fuld vandt\u00e6thed: Designet til sikkert brug i vand.Opfylder EN 71 leget\u00f8js-sikkerhedsstandard: Sikrer, at produktet er sikkert at anvende omkring b\u00f8rn.Automatisk dvaletilstand: Slukker automatisk efter \u00e9n time for at spare batteri og give lang levetid \u2013 op til et \u00e5r.Det ergonomiske flodhestedesign g\u00f8r termometret nemt at h\u00e5ndtere og indbydende for b\u00f8rn. Det er b\u00e5de et sikkert og sjovt indslag til badetiden samt en smart detalje p\u00e5 b\u00f8rnev\u00e6relset..<\/p>\n<p>Sammenlign priser p\u00e5 Alecto &#8211; Badetermometer og rumtermometer flodhest &#8211; BC-11 HIPPO og k\u00f8b online til den billigste pris, samt p\u00e5 tilbud!\u00a0\u00a0Tjek den bedste pris, produkt beskrivelse, video, test, anmeldelser osv.<\/p>\n<p><strong>Brand: <\/strong>Alecto<br \/>\n<strong>EAN: <\/strong>8712412574810<br \/>\n<strong>Producentens varenr.:<\/strong> 8712412574810<\/p>\n<p><strong>P.S.<\/strong><br \/>\nTilmeld dig til &#8220;Opret Gratis Prisfald Alarm&#8221;, og bliv underrettet med det samme om prisfald p\u00e5 Alecto &#8211; Badetermometer og rumtermometer flodhest &#8211; BC-11 HIPPO, og f\u00e5 den billigste pris!<\/p>\n<p>&nbsp;<\/p>\n<p>&nbsp;<\/p>\n","protected":false},"excerpt":{"rendered":"<p>K\u00f8b billig Alecto &#8211; Badetermometer og rumtermometer flodhest &#8211; BC-11 HIPPO! Alecto BC-11 HIPPO er et praktisk og sjovt digitalt termometer, der kombinerer badetermometer og rumtermometer i \u00e9t produkt. Det charmerende flodhestedesign i robust plast g\u00f8r det slidst\u00e6rkt og let at have med at g\u00f8re, uanset om det bruges i badevandet eller p\u00e5 b\u00f8rnev\u00e6relset. Termometeret [&hellip;]<\/p>\n","protected":false},"featured_media":999980000004476690,"template":"","meta":[],"store":[1272516],"product_brand":[1272518],"product_cat":[1272421],"product_tag":[1275186,1272687],"class_list":{"0":"post-447669","1":"product","2":"type-product","3":"status-publish","4":"has-post-thumbnail","6":"store-butik24","7":"product_brand-alecto","8":"product_cat-klima","9":"product_tag-alecto","10":"product_tag-klima","11":"pa_maerke-alecto","13":"first","14":"instock","15":"product-type-external"},"_links":{"self":[{"href":"https:\/\/www.pricetornado.com\/da\/wp-json\/wp\/v2\/product\/447669","targetHints":{"allow":["GET"]}}],"collection":[{"href":"https:\/\/www.pricetornado.com\/da\/wp-json\/wp\/v2\/product"}],"about":[{"href":"https:\/\/www.pricetornado.com\/da\/wp-json\/wp\/v2\/types\/product"}],"wp:featuredmedia":[{"embeddable":true,"href":"https:\/\/www.pricetornado.com\/da\/wp-json\/"}],"wp:attachment":[{"href":"https:\/\/www.pricetornado.com\/da\/wp-json\/wp\/v2\/media?parent=447669"}],"wp:term":[{"taxonomy":"store","embeddable":true,"href":"https:\/\/www.pricetornado.com\/da\/wp-json\/wp\/v2\/store?post=447669"},{"taxonomy":"product_brand","embeddable":true,"href":"https:\/\/www.pricetornado.com\/da\/wp-json\/wp\/v2\/product_brand?post=447669"},{"taxonomy":"product_cat","embeddable":true,"href":"https:\/\/www.pricetornado.com\/da\/wp-json\/wp\/v2\/product_cat?post=447669"},{"taxonomy":"product_tag","embeddable":true,"href":"https:\/\/www.pricetornado.com\/da\/wp-json\/wp\/v2\/product_tag?post=447669"}],"curies":[{"name":"wp","href":"https:\/\/api.w.org\/{rel}","templated":true}]}}