{"id":447667,"date":"2025-02-25T08:27:13","date_gmt":"2025-02-25T07:27:13","guid":{"rendered":"https:\/\/www.pricetornado.com\/da\/produkt\/alecto-ws-4700-professionel-vejrstation-med-traadloes-sensor-sort\/"},"modified":"2026-04-17T02:00:37","modified_gmt":"2026-04-17T00:00:37","slug":"alecto-ws-4700-professionel-vejrstation-med-traadloes-sensor-sort","status":"publish","type":"product","link":"https:\/\/www.pricetornado.com\/da\/produkt\/alecto-ws-4700-professionel-vejrstation-med-traadloes-sensor-sort\/","title":{"rendered":"Alecto &#8211; WS-4700 Professionel vejrstation med tr\u00e5dl\u00f8s sensor sort"},"content":{"rendered":"<p>K\u00f8b billig Alecto &#8211; WS-4700 Professionel vejrstation med tr\u00e5dl\u00f8s sensor sort!<br \/>\nAlecto WS-4700 er en vejrstation til professionel brug, der giver dig omfattende og pr\u00e6cise oplysninger om vejret og vejrudsigten. Det klare display viser tid, dato, m\u00e5nefase og en animeret vejrudsigt. Du f\u00e5r adgang til information om komfortindikation, lufttryk eller nedb\u00f8rsm\u00e6ngde, vindretning, vindhastighed, indend\u00f8rs fugtighed, udend\u00f8rs fugtighed, indetemperatur, udetemperatur og vindk\u00f8ling. Med denne vejrstation er du altid opdateret med relevante og detaljerede data.De tr\u00e5dl\u00f8se 868 MHz udend\u00f8rssensorer er monteret p\u00e5 en robust mast, som sikrer stabilitet og lang holdbarhed. Hele vejrstationen er fremstillet i plastik, hvilket g\u00f8r den b\u00e5de let og solid. Produktet er frostsikret, s\u00e5 det fungerer problemfrit selv under kolde vejrforhold.Nedb\u00f8rsdata pr. time, pr. 24 timer, pr. uge og pr. m\u00e5ned for fuldt overblikDisplayenheden kan b\u00e5de placeres p\u00e5 et bord eller monteres p\u00e5 v\u00e6ggen, s\u00e5 du kan v\u00e6lge den l\u00f8sning, der passer bedst i hjemmet eller p\u00e5 arbejdspladsen. Vejrstationen drives af batteri, hvilket g\u00f8r den energivenlig og nem at placere, uden at v\u00e6re afh\u00e6ngig af en konstant str\u00f8mtilslutning.Med Alecto WS-4700 f\u00e5r du en smart, fleksibel og alsidig vejrstation i h\u00f8j kvalitet til en attraktiv pris. Hvis du \u00f8nsker en brugervenlig vejrstation med mange funktioner og pr\u00e6cise m\u00e5linger, er denne model et sikkert valg.<\/p>\n<p>Sammenlign priser p\u00e5 Alecto &#8211; WS-4700 Professionel vejrstation med tr\u00e5dl\u00f8s sensor sort og k\u00f8b online til den billigste pris, samt p\u00e5 tilbud!\u00a0\u00a0Tjek den bedste pris, produkt beskrivelse, video, test, anmeldelser osv.<\/p>\n<p><strong>Brand: <\/strong>Alecto<br \/>\n<strong>EAN: <\/strong>8712412571116<br \/>\n<strong>Producentens varenr.:<\/strong> 8712412571116<\/p>\n<p><strong>P.S.<\/strong><br \/>\nTilmeld dig til &#8220;Opret Gratis Prisfald Alarm&#8221;, og bliv underrettet med det samme om prisfald p\u00e5 Alecto &#8211; WS-4700 Professionel vejrstation med tr\u00e5dl\u00f8s sensor sort, og f\u00e5 den billigste pris!<\/p>\n<p>&nbsp;<\/p>\n<p>&nbsp;<\/p>\n","protected":false},"excerpt":{"rendered":"<p>K\u00f8b billig Alecto &#8211; WS-4700 Professionel vejrstation med tr\u00e5dl\u00f8s sensor sort! Alecto WS-4700 er en vejrstation til professionel brug, der giver dig omfattende og pr\u00e6cise oplysninger om vejret og vejrudsigten. Det klare display viser tid, dato, m\u00e5nefase og en animeret vejrudsigt. Du f\u00e5r adgang til information om komfortindikation, lufttryk eller nedb\u00f8rsm\u00e6ngde, vindretning, vindhastighed, indend\u00f8rs fugtighed, [&hellip;]<\/p>\n","protected":false},"featured_media":999980000004476670,"template":"","meta":[],"store":[1272516],"product_brand":[1272518],"product_cat":[1272421],"product_tag":[1275186,1272687],"class_list":{"0":"post-447667","1":"product","2":"type-product","3":"status-publish","4":"has-post-thumbnail","6":"store-butik24","7":"product_brand-alecto","8":"product_cat-klima","9":"product_tag-alecto","10":"product_tag-klima","11":"pa_maerke-alecto","13":"first","14":"instock","15":"product-type-external"},"_links":{"self":[{"href":"https:\/\/www.pricetornado.com\/da\/wp-json\/wp\/v2\/product\/447667","targetHints":{"allow":["GET"]}}],"collection":[{"href":"https:\/\/www.pricetornado.com\/da\/wp-json\/wp\/v2\/product"}],"about":[{"href":"https:\/\/www.pricetornado.com\/da\/wp-json\/wp\/v2\/types\/product"}],"wp:featuredmedia":[{"embeddable":true,"href":"https:\/\/www.pricetornado.com\/da\/wp-json\/"}],"wp:attachment":[{"href":"https:\/\/www.pricetornado.com\/da\/wp-json\/wp\/v2\/media?parent=447667"}],"wp:term":[{"taxonomy":"store","embeddable":true,"href":"https:\/\/www.pricetornado.com\/da\/wp-json\/wp\/v2\/store?post=447667"},{"taxonomy":"product_brand","embeddable":true,"href":"https:\/\/www.pricetornado.com\/da\/wp-json\/wp\/v2\/product_brand?post=447667"},{"taxonomy":"product_cat","embeddable":true,"href":"https:\/\/www.pricetornado.com\/da\/wp-json\/wp\/v2\/product_cat?post=447667"},{"taxonomy":"product_tag","embeddable":true,"href":"https:\/\/www.pricetornado.com\/da\/wp-json\/wp\/v2\/product_tag?post=447667"}],"curies":[{"name":"wp","href":"https:\/\/api.w.org\/{rel}","templated":true}]}}