{"id":447666,"date":"2025-02-26T15:02:28","date_gmt":"2025-02-26T14:02:28","guid":{"rendered":"https:\/\/www.pricetornado.com\/da\/produkt\/nedis-broedrister-4-broedskiver-2-lange-slots-niveau-7-optoeningsfunktion-aluminium-soelv-kabt400al\/"},"modified":"2026-04-19T01:50:15","modified_gmt":"2026-04-18T23:50:15","slug":"nedis-broedrister-4-broedskiver-2-lange-slots-niveau-7-optoeningsfunktion-aluminium-soelv-kabt400al","status":"publish","type":"product","link":"https:\/\/www.pricetornado.com\/da\/produkt\/nedis-broedrister-4-broedskiver-2-lange-slots-niveau-7-optoeningsfunktion-aluminium-soelv-kabt400al\/","title":{"rendered":"Nedis &#8211; Br\u00f8drister | 4 Br\u00f8dskiver | 2 Lange Slots | Niveau: 7 | Opt\u00f8ningsfunktion | Aluminium \/ S\u00f8lv &#8211; KABT400AL"},"content":{"rendered":"<p>K\u00f8b billig Nedis &#8211; Br\u00f8drister | 4 Br\u00f8dskiver | 2 Lange Slots | Niveau: 7 | Opt\u00f8ningsfunktion | Aluminium \/ S\u00f8lv &#8211; KABT400AL!<br \/>\nDenne stilfulde Nedis br\u00f8drister kombinerer et holdbart design med robuste materialer som aluminium og ABS-plast, hvilket sikrer effektiv varmefordeling og h\u00f8j langtidsholdbarhed. Med to ekstra lange slots p\u00e5 hver 23 cm kan du riste op til 4 skiver almindeligt toastbr\u00f8d (10 x 10 cm) eller 2 lange skiver br\u00f8d som f.eks. surdejsbr\u00f8d p\u00e5 samme tid. Skridsikre f\u00f8dder giver stabilitet under brug.V\u00e6lg mellem 7 justerbare bruningstrin, s\u00e5 du altid f\u00e5r toast pr\u00e6cis, som du foretr\u00e6kker det \u2013 fra let ristet til gyldenbrun. Br\u00f8dristeren byder p\u00e5 en r\u00e6kke praktiske funktioner:Med en effekt p\u00e5 1450 watt opvarmes br\u00f8dristeren hurtigt og rister effektivt, samtidig med at den passer til danske elinstallationer. Materialet i aluminium sikrer holdbarhed, mens ABS-plasten bidrager til isolering og nem h\u00e5ndtering. Den aftagelige krummebakke opsamler br\u00f8dkrummer, s\u00e5 reng\u00f8ringen foreg\u00e5r hurtigt og nemt.V\u00e6lg en p\u00e5lidelig br\u00f8drister med ekstra lange slots fra Nedis, der er perfekt til b\u00e5de hverdagsmorgener og hyggelige brunchstunder. Find ogs\u00e5 flere produkter fra hos Butik24.<\/p>\n<p>Sammenlign priser p\u00e5 Nedis &#8211; Br\u00f8drister | 4 Br\u00f8dskiver | 2 Lange Slots | Niveau: 7 | Opt\u00f8ningsfunktion | Aluminium \/ S\u00f8lv &#8211; KABT400AL og k\u00f8b online til den billigste pris, samt p\u00e5 tilbud!\u00a0\u00a0Tjek den bedste pris, produkt beskrivelse, video, test, anmeldelser osv.<\/p>\n<p><strong>Brand: <\/strong>Nedis<br \/>\n<strong>EAN: <\/strong>5412810448708<br \/>\n<strong>Producentens varenr.:<\/strong> 5412810448708<\/p>\n<p><strong>P.S.<\/strong><br \/>\nTilmeld dig til &#8220;Opret Gratis Prisfald Alarm&#8221;, og bliv underrettet med det samme om prisfald p\u00e5 Nedis &#8211; Br\u00f8drister | 4 Br\u00f8dskiver | 2 Lange Slots | Niveau: 7 | Opt\u00f8ningsfunktion | Aluminium \/ S\u00f8lv &#8211; KABT400AL, og f\u00e5 den billigste pris!<\/p>\n<p>&nbsp;<\/p>\n<p>&nbsp;<\/p>\n","protected":false},"excerpt":{"rendered":"<p>K\u00f8b billig Nedis &#8211; Br\u00f8drister | 4 Br\u00f8dskiver | 2 Lange Slots | Niveau: 7 | Opt\u00f8ningsfunktion | Aluminium \/ S\u00f8lv &#8211; KABT400AL! Denne stilfulde Nedis br\u00f8drister kombinerer et holdbart design med robuste materialer som aluminium og ABS-plast, hvilket sikrer effektiv varmefordeling og h\u00f8j langtidsholdbarhed. Med to ekstra lange slots p\u00e5 hver 23 cm kan [&hellip;]<\/p>\n","protected":false},"featured_media":999980000004476660,"template":"","meta":[],"store":[1272516],"product_brand":[1272517],"product_cat":[1272480],"product_tag":[1274958,1275178],"class_list":{"0":"post-447666","1":"product","2":"type-product","3":"status-publish","4":"has-post-thumbnail","6":"store-butik24","7":"product_brand-nedis","8":"product_cat-grills-og-broedristere","9":"product_tag-grills-og-broedristere","10":"product_tag-nedis","11":"pa_maerke-nedis","13":"first","14":"instock","15":"product-type-external"},"_links":{"self":[{"href":"https:\/\/www.pricetornado.com\/da\/wp-json\/wp\/v2\/product\/447666","targetHints":{"allow":["GET"]}}],"collection":[{"href":"https:\/\/www.pricetornado.com\/da\/wp-json\/wp\/v2\/product"}],"about":[{"href":"https:\/\/www.pricetornado.com\/da\/wp-json\/wp\/v2\/types\/product"}],"wp:featuredmedia":[{"embeddable":true,"href":"https:\/\/www.pricetornado.com\/da\/wp-json\/"}],"wp:attachment":[{"href":"https:\/\/www.pricetornado.com\/da\/wp-json\/wp\/v2\/media?parent=447666"}],"wp:term":[{"taxonomy":"store","embeddable":true,"href":"https:\/\/www.pricetornado.com\/da\/wp-json\/wp\/v2\/store?post=447666"},{"taxonomy":"product_brand","embeddable":true,"href":"https:\/\/www.pricetornado.com\/da\/wp-json\/wp\/v2\/product_brand?post=447666"},{"taxonomy":"product_cat","embeddable":true,"href":"https:\/\/www.pricetornado.com\/da\/wp-json\/wp\/v2\/product_cat?post=447666"},{"taxonomy":"product_tag","embeddable":true,"href":"https:\/\/www.pricetornado.com\/da\/wp-json\/wp\/v2\/product_tag?post=447666"}],"curies":[{"name":"wp","href":"https:\/\/api.w.org\/{rel}","templated":true}]}}