{"id":447665,"date":"2025-02-23T16:58:20","date_gmt":"2025-02-23T15:58:20","guid":{"rendered":"https:\/\/www.pricetornado.com\/da\/produkt\/nedis-smartlife-elkedel-wi-fi-1-7-l-rustfrit-staal-708090100-c-temperaturindikator-drejelig-360-grader-skjult-varmeelement-strix-controller-android-ios\/"},"modified":"2026-03-18T01:16:27","modified_gmt":"2026-03-18T00:16:27","slug":"nedis-smartlife-elkedel-wi-fi-1-7-l-rustfrit-staal-708090100-c-temperaturindikator-drejelig-360-grader-skjult-varmeelement-strix-controller-android-ios","status":"publish","type":"product","link":"https:\/\/www.pricetornado.com\/da\/produkt\/nedis-smartlife-elkedel-wi-fi-1-7-l-rustfrit-staal-708090100-c-temperaturindikator-drejelig-360-grader-skjult-varmeelement-strix-controller-android-ios\/","title":{"rendered":"Nedis &#8211; SmartLife Elkedel | Wi-Fi | 1.7 l | Rustfrit st\u00e5l | 70,80,90,100 \u00b0C | Temperaturindikator | Drejelig 360 grader | Skjult varmeelement | Strix\u00ae-controller | Android\u2122 \/ IOS &#8211; KAWK8000WIFI"},"content":{"rendered":"<p>K\u00f8b billig Nedis &#8211; SmartLife Elkedel | Wi-Fi | 1.7 l | Rustfrit st\u00e5l | 70,80,90,100 \u00b0C | Temperaturindikator | Drejelig 360 grader | Skjult varmeelement | Strix\u00ae-controller | Android\u2122 \/ IOS &#8211; KAWK8000WIFI!<br \/>\nOplev en kombination af stil, funktionalitet og innovation med Nedis Smart Wi-Fi-kedel. Denne elegante elkedel er fremstillet af holdbart rustfrit st\u00e5l og har en rummelig kapacitet p\u00e5 1,7 liter, hvilket g\u00f8r den ideel til b\u00e5de daglig brug og sm\u00e5 sammenkomster. Det moderne design passer perfekt ind i ethvert k\u00f8kken og giver dig maksimal brugervenlighed og smart teknologi i \u00e9n l\u00f8sning.Elkedlen er udstyret med et skjult 2200 W varmeelement, som sikrer hurtig og effektiv opvarmning samt nem reng\u00f8ring. Det aftagelige filter minimerer kalkopbygning, s\u00e5 du f\u00e5r renere vand og forl\u00e6nger elkedlens levetid. L\u00e5get er fjederbelastet med en stor \u00e5bning, hvilket g\u00f8r b\u00e5de p\u00e5fyldning og reng\u00f8ring let og bekvemt. Den letl\u00e6selige vandstandsindikator giver dig altid pr\u00e6cis information om m\u00e6ngden af vand i kedlen.Med den tr\u00e5dl\u00f8se 360\u00b0 piruette-base kan elkedlen l\u00f8ftes og stilles tilbage fra alle retninger, hvilket \u00f8ger fleksibiliteten i din daglige brug. Sikkerhed er prioriteret med den integrerede Strix-controller, som lever op til internationale sikkerhedsstandarder, og boil-dry beskyttelse, der forhindrer skader, hvis kedlen er tom under opvarmning.Du kan nemt v\u00e6lge mellem dedikerede temperaturindstillinger p\u00e5 70, 80, 90 eller 100 \u00b0C via knapper p\u00e5 basen, s\u00e5 dine drikkevarer tilberedes optimalt efter dine \u00f8nsker. Den manuelle hold varm-funktion sikrer, at din te eller kaffe forbliver ved den \u00f8nskede temperatur i l\u00e6ngere tid.Med Wi-Fi-forbindelse f\u00e5r du fuld kontrol over elkedlens funktioner via SmartLife-appen p\u00e5 Android\u2122 og iOS. Her kan du blandt andet:Elkedlen er kompatibel med Amazon Alexa og Google Home, s\u00e5 du nemt kan styre den med stemmekommandoer og g\u00f8re din te- og kaffetid endnu mere problemfri.Med robuste materialer, avancerede sikkerhedsfunktioner og innovative smarte muligheder, er Nedis Smart Wi-Fi-kedel det perfekte valg til dig, der \u00f8nsker komfort, pr\u00e6cision og moderne teknologi i k\u00f8kkenet. Forbedr din te- og kaffeoplevelse, og opdag hele udvalget af produkter hos Butik24 i dag.<\/p>\n<p>Sammenlign priser p\u00e5 Nedis &#8211; SmartLife Elkedel | Wi-Fi | 1.7 l | Rustfrit st\u00e5l | 70,80,90,100 \u00b0C | Temperaturindikator | Drejelig 360 grader | Skjult varmeelement | Strix\u00ae-controller | Android\u2122 \/ IOS &#8211; KAWK8000WIFI og k\u00f8b online til den billigste pris, samt p\u00e5 tilbud!\u00a0\u00a0Tjek den bedste pris, produkt beskrivelse, video, test, anmeldelser osv.<\/p>\n<p><strong>Brand: <\/strong>Nedis<br \/>\n<strong>EAN: <\/strong>5412810448210<br \/>\n<strong>Producentens varenr.:<\/strong> 5412810448210<\/p>\n<p><strong>P.S.<\/strong><br \/>\nTilmeld dig til &#8220;Opret Gratis Prisfald Alarm&#8221;, og bliv underrettet med det samme om prisfald p\u00e5 Nedis &#8211; SmartLife Elkedel | Wi-Fi | 1.7 l | Rustfrit st\u00e5l | 70,80,90,100 \u00b0C | Temperaturindikator | Drejelig 360 grader | Skjult varmeelement | Strix\u00ae-controller | Android\u2122 \/ IOS &#8211; KAWK8000WIFI, og f\u00e5 den billigste pris!<\/p>\n<p>&nbsp;<\/p>\n<p>&nbsp;<\/p>\n","protected":false},"excerpt":{"rendered":"<p>K\u00f8b billig Nedis &#8211; SmartLife Elkedel | Wi-Fi | 1.7 l | Rustfrit st\u00e5l | 70,80,90,100 \u00b0C | Temperaturindikator | Drejelig 360 grader | Skjult varmeelement | Strix\u00ae-controller | Android\u2122 \/ IOS &#8211; KAWK8000WIFI! Oplev en kombination af stil, funktionalitet og innovation med Nedis Smart Wi-Fi-kedel. Denne elegante elkedel er fremstillet af holdbart rustfrit st\u00e5l [&hellip;]<\/p>\n","protected":false},"featured_media":0,"template":"","meta":[],"store":[1272516],"product_brand":[1272517],"product_cat":[1272453],"product_tag":[1272769,1275178],"class_list":{"0":"post-447665","1":"product","2":"type-product","3":"status-publish","5":"store-butik24","6":"product_brand-nedis","7":"product_cat-kaffe-og-te","8":"product_tag-kaffe-og-te","9":"product_tag-nedis","10":"pa_maerke-nedis","12":"first","13":"instock","14":"product-type-external"},"_links":{"self":[{"href":"https:\/\/www.pricetornado.com\/da\/wp-json\/wp\/v2\/product\/447665","targetHints":{"allow":["GET"]}}],"collection":[{"href":"https:\/\/www.pricetornado.com\/da\/wp-json\/wp\/v2\/product"}],"about":[{"href":"https:\/\/www.pricetornado.com\/da\/wp-json\/wp\/v2\/types\/product"}],"wp:attachment":[{"href":"https:\/\/www.pricetornado.com\/da\/wp-json\/wp\/v2\/media?parent=447665"}],"wp:term":[{"taxonomy":"store","embeddable":true,"href":"https:\/\/www.pricetornado.com\/da\/wp-json\/wp\/v2\/store?post=447665"},{"taxonomy":"product_brand","embeddable":true,"href":"https:\/\/www.pricetornado.com\/da\/wp-json\/wp\/v2\/product_brand?post=447665"},{"taxonomy":"product_cat","embeddable":true,"href":"https:\/\/www.pricetornado.com\/da\/wp-json\/wp\/v2\/product_cat?post=447665"},{"taxonomy":"product_tag","embeddable":true,"href":"https:\/\/www.pricetornado.com\/da\/wp-json\/wp\/v2\/product_tag?post=447665"}],"curies":[{"name":"wp","href":"https:\/\/api.w.org\/{rel}","templated":true}]}}