{"id":447664,"date":"2025-02-22T18:20:24","date_gmt":"2025-02-22T17:20:24","guid":{"rendered":"https:\/\/www.pricetornado.com\/da\/produkt\/nedis-smartlife-infraroedt-varmepanel-700-w-1-heat-indstilling-justerbar-termostat-fjernbetjening-ip44-hvid-htip700wtw\/"},"modified":"2026-04-17T08:19:55","modified_gmt":"2026-04-17T06:19:55","slug":"nedis-smartlife-infraroedt-varmepanel-700-w-1-heat-indstilling-justerbar-termostat-fjernbetjening-ip44-hvid-htip700wtw","status":"publish","type":"product","link":"https:\/\/www.pricetornado.com\/da\/produkt\/nedis-smartlife-infraroedt-varmepanel-700-w-1-heat-indstilling-justerbar-termostat-fjernbetjening-ip44-hvid-htip700wtw\/","title":{"rendered":"Nedis &#8211; SmartLife Infrar\u00f8dt varmepanel | 700 W | 1 Heat Indstilling | Justerbar termostat | Fjernbetjening | IP44 | Hvid &#8211; HTIP700WTW"},"content":{"rendered":"<p>K\u00f8b billig Nedis &#8211; SmartLife Infrar\u00f8dt varmepanel | 700 W | 1 Heat Indstilling | Justerbar termostat | Fjernbetjening | IP44 | Hvid &#8211; HTIP700WTW!<br \/>\nDenne Nedis Smart Wi-Fi infrar\u00f8de panelvarmer er en ideel l\u00f8sning til energieffektiv opvarmning af rum op til 18 m\u00b2. Opvarmningen sker med avanceret kulstofkrystalteknologi, der leverer en st\u00f8jsvag og lugtfri varmeoplevelse \u2013 perfekt til b\u00e5de stue, hobbyrum og velisolerede rum, hvor man \u00f8nsker et behageligt indeklima uden forstyrrelser.Varmeren har fuld Wi-Fi-integration, s\u00e5 du nemt kan fjernstyre, programmere og overv\u00e5ge apparatet via Nedis SmartLife-appen til Android og iOS. Du kan s\u00e6tte personlige tidsplaner, justere temperaturen digitalt og f\u00f8lge dit energiforbrug direkte fra din smartphone. En fysisk fjernbetjening medf\u00f8lger ogs\u00e5, s\u00e5 du let kan betjene panelvarmeren uden at bruge telefonen.Den justerbare, digitale termostat g\u00f8r det let at opretholde en stabil og komfortabel rumtemperatur. Den infrar\u00f8de teknologi opvarmer effektivt objekter i rummet \u2013 som v\u00e6gge, loft, gulv, m\u00f8bler og personer \u2013 i stedet for luft, hvilket minimerer energispild og sikrer et mere j\u00e6vnt og varigt varmeudbytte sammenlignet med traditionelle l\u00f8sninger.Med en robust konstruktion i metal og plast er denne panelvarmer b\u00e5de slidst\u00e6rk og varmebestandig. Takket v\u00e6re IP44-beskyttelsesklassificeringen er apparatet sikkert at benytte i badev\u00e6relser og andre fugtige rum, da den t\u00e5ler vandspr\u00f8jt og st\u00f8v. Overophedningsbeskyttelse er indbygget for ekstra tryghed.Varmeren kan monteres vandret eller lodret p\u00e5 v\u00e6ggen for at spare gulvplads, eller bruges fritst\u00e5ende med de medf\u00f8lgende f\u00f8dder \u2013 s\u00e5 du altid kan tilpasse placeringen efter behov.Nedis Smart Wi-Fi infrar\u00f8d panelvarmer er perfekt til dig, der \u00f8nsker en moderne, st\u00f8jsvag og fleksibel varmekilde med smart-funktioner og nem betjening. Bem\u00e6rk, at produktet er udviklet til velisolerede rum eller til lejlighedsvis opvarmning for optimal effektivitet. Sikr dig maksimal komfort og styring med denne innovative varmeovn fra Nedis.<\/p>\n<p>Sammenlign priser p\u00e5 Nedis &#8211; SmartLife Infrar\u00f8dt varmepanel | 700 W | 1 Heat Indstilling | Justerbar termostat | Fjernbetjening | IP44 | Hvid &#8211; HTIP700WTW og k\u00f8b online til den billigste pris, samt p\u00e5 tilbud!\u00a0\u00a0Tjek den bedste pris, produkt beskrivelse, video, test, anmeldelser osv.<\/p>\n<p><strong>Brand: <\/strong>Nedis<br \/>\n<strong>EAN: <\/strong>5412810444311<br \/>\n<strong>Producentens varenr.:<\/strong> 5412810444311<\/p>\n<p><strong>P.S.<\/strong><br \/>\nTilmeld dig til &#8220;Opret Gratis Prisfald Alarm&#8221;, og bliv underrettet med det samme om prisfald p\u00e5 Nedis &#8211; SmartLife Infrar\u00f8dt varmepanel | 700 W | 1 Heat Indstilling | Justerbar termostat | Fjernbetjening | IP44 | Hvid &#8211; HTIP700WTW, og f\u00e5 den billigste pris!<\/p>\n<p>&nbsp;<\/p>\n<p>&nbsp;<\/p>\n","protected":false},"excerpt":{"rendered":"<p>K\u00f8b billig Nedis &#8211; SmartLife Infrar\u00f8dt varmepanel | 700 W | 1 Heat Indstilling | Justerbar termostat | Fjernbetjening | IP44 | Hvid &#8211; HTIP700WTW! Denne Nedis Smart Wi-Fi infrar\u00f8de panelvarmer er en ideel l\u00f8sning til energieffektiv opvarmning af rum op til 18 m\u00b2. Opvarmningen sker med avanceret kulstofkrystalteknologi, der leverer en st\u00f8jsvag og lugtfri [&hellip;]<\/p>\n","protected":false},"featured_media":999980000004476640,"template":"","meta":[],"store":[1272516],"product_brand":[1272517],"product_cat":[1272421],"product_tag":[1272687,1275178],"class_list":{"0":"post-447664","1":"product","2":"type-product","3":"status-publish","4":"has-post-thumbnail","6":"store-butik24","7":"product_brand-nedis","8":"product_cat-klima","9":"product_tag-klima","10":"product_tag-nedis","11":"pa_maerke-nedis","13":"first","14":"instock","15":"product-type-external"},"_links":{"self":[{"href":"https:\/\/www.pricetornado.com\/da\/wp-json\/wp\/v2\/product\/447664","targetHints":{"allow":["GET"]}}],"collection":[{"href":"https:\/\/www.pricetornado.com\/da\/wp-json\/wp\/v2\/product"}],"about":[{"href":"https:\/\/www.pricetornado.com\/da\/wp-json\/wp\/v2\/types\/product"}],"wp:featuredmedia":[{"embeddable":true,"href":"https:\/\/www.pricetornado.com\/da\/wp-json\/"}],"wp:attachment":[{"href":"https:\/\/www.pricetornado.com\/da\/wp-json\/wp\/v2\/media?parent=447664"}],"wp:term":[{"taxonomy":"store","embeddable":true,"href":"https:\/\/www.pricetornado.com\/da\/wp-json\/wp\/v2\/store?post=447664"},{"taxonomy":"product_brand","embeddable":true,"href":"https:\/\/www.pricetornado.com\/da\/wp-json\/wp\/v2\/product_brand?post=447664"},{"taxonomy":"product_cat","embeddable":true,"href":"https:\/\/www.pricetornado.com\/da\/wp-json\/wp\/v2\/product_cat?post=447664"},{"taxonomy":"product_tag","embeddable":true,"href":"https:\/\/www.pricetornado.com\/da\/wp-json\/wp\/v2\/product_tag?post=447664"}],"curies":[{"name":"wp","href":"https:\/\/api.w.org\/{rel}","templated":true}]}}