{"id":447663,"date":"2025-02-22T06:32:19","date_gmt":"2025-02-22T05:32:19","guid":{"rendered":"https:\/\/www.pricetornado.com\/da\/produkt\/nedis-smartlife-infraroedt-varmepanel-350-w-1-heat-indstilling-justerbar-termostat-fjernbetjening-ip44-hvid-htip350wtw\/"},"modified":"2026-04-17T10:40:14","modified_gmt":"2026-04-17T08:40:14","slug":"nedis-smartlife-infraroedt-varmepanel-350-w-1-heat-indstilling-justerbar-termostat-fjernbetjening-ip44-hvid-htip350wtw","status":"publish","type":"product","link":"https:\/\/www.pricetornado.com\/da\/produkt\/nedis-smartlife-infraroedt-varmepanel-350-w-1-heat-indstilling-justerbar-termostat-fjernbetjening-ip44-hvid-htip350wtw\/","title":{"rendered":"Nedis &#8211; SmartLife Infrar\u00f8dt varmepanel | 350 W | 1 Heat Indstilling | Justerbar termostat | Fjernbetjening | IP44 | Hvid &#8211; HTIP350WTW"},"content":{"rendered":"<p>K\u00f8b billig Nedis &#8211; SmartLife Infrar\u00f8dt varmepanel | 350 W | 1 Heat Indstilling | Justerbar termostat | Fjernbetjening | IP44 | Hvid &#8211; HTIP350WTW!<br \/>\nNedis SmartLife infrar\u00f8de panelvarmer er den ideelle l\u00f8sning til effektiv opvarmning af rum op til 9 m\u00b2, perfekt til stuen, hobbyrummet eller badev\u00e6relset. Panelvarmeren benytter banebrydende kulstofkrystalopvarmningsteknologi, som sikrer st\u00f8jfri og lugtfri varme, samtidig med at energieffektiviteten er i top og elregningen holdes nede. Den infrar\u00f8de varme opvarmer ikke luften, men alle objekter i rummet \u2013 s\u00e5som v\u00e6gge, gulve, loft, m\u00f8bler og personer \u2013 hvilket skaber en behagelig og stabil temperatur.Takket v\u00e6re indbygget Wi-Fi, kan du styre og programmere varmelegemet via Nedis SmartLife-appen p\u00e5 b\u00e5de Android- og iOS-enheder. Appen g\u00f8r det let at konfigurere ugentlige tidsplaner, justere temperaturen, overv\u00e5ge energiforbrug og skr\u00e6ddersy varmeperioderne til din daglige rutine. Fjernbetjening medf\u00f8lger (inkl. CR2025-batteri), og et overskueligt LCD-display er diskret placeret p\u00e5 bagsiden af varmeapparatet for nem kontrol.Panelvarmeren er lavet af holdbart metal og plast, hvilket giver b\u00e5de soliditet og nem h\u00e5ndtering. Med IP44-beskyttelse er enheden sikker at anvende i badev\u00e6relser og andre fugtige milj\u00f8er. Overophedningsbeskyttelsen s\u00f8rger for automatisk frakobling ved for h\u00f8j temperatur, hvilket \u00f8ger sikkerheden markant. Den kan monteres b\u00e5de vandret og lodret p\u00e5 v\u00e6ggen for at spare gulvplads eller anvendes fritst\u00e5ende med de medf\u00f8lgende f\u00f8dder. Den 1,8 meter lange str\u00f8mkabel sikrer nem placering overalt.Du kan nemt integrere panelvarmeren med Google Assistant eller Amazon Alexa for h\u00e5ndfri styring via stemmekommandoer \u2013 tilf\u00f8j et ekstra lag af komfort og smart teknologi til dit hjem.Bem\u00e6rk: Dette produkt er udviklet til velisolerede rum eller midlertidig opvarmning. Sikr dig, at dit opholdsrum lever op til de anbefalede isoleringskrav for optimal ydeevne.<\/p>\n<p>Sammenlign priser p\u00e5 Nedis &#8211; SmartLife Infrar\u00f8dt varmepanel | 350 W | 1 Heat Indstilling | Justerbar termostat | Fjernbetjening | IP44 | Hvid &#8211; HTIP350WTW og k\u00f8b online til den billigste pris, samt p\u00e5 tilbud!\u00a0\u00a0Tjek den bedste pris, produkt beskrivelse, video, test, anmeldelser osv.<\/p>\n<p><strong>Brand: <\/strong>Nedis<br \/>\n<strong>EAN: <\/strong>5412810444304<br \/>\n<strong>Producentens varenr.:<\/strong> 5412810444304<\/p>\n<p><strong>P.S.<\/strong><br \/>\nTilmeld dig til &#8220;Opret Gratis Prisfald Alarm&#8221;, og bliv underrettet med det samme om prisfald p\u00e5 Nedis &#8211; SmartLife Infrar\u00f8dt varmepanel | 350 W | 1 Heat Indstilling | Justerbar termostat | Fjernbetjening | IP44 | Hvid &#8211; HTIP350WTW, og f\u00e5 den billigste pris!<\/p>\n<p>&nbsp;<\/p>\n<p>&nbsp;<\/p>\n","protected":false},"excerpt":{"rendered":"<p>K\u00f8b billig Nedis &#8211; SmartLife Infrar\u00f8dt varmepanel | 350 W | 1 Heat Indstilling | Justerbar termostat | Fjernbetjening | IP44 | Hvid &#8211; HTIP350WTW! Nedis SmartLife infrar\u00f8de panelvarmer er den ideelle l\u00f8sning til effektiv opvarmning af rum op til 9 m\u00b2, perfekt til stuen, hobbyrummet eller badev\u00e6relset. Panelvarmeren benytter banebrydende kulstofkrystalopvarmningsteknologi, som sikrer st\u00f8jfri [&hellip;]<\/p>\n","protected":false},"featured_media":999980000004476630,"template":"","meta":[],"store":[1272516],"product_brand":[1272517],"product_cat":[1272421],"product_tag":[1272687,1275178],"class_list":{"0":"post-447663","1":"product","2":"type-product","3":"status-publish","4":"has-post-thumbnail","6":"store-butik24","7":"product_brand-nedis","8":"product_cat-klima","9":"product_tag-klima","10":"product_tag-nedis","11":"pa_maerke-nedis","13":"first","14":"instock","15":"product-type-external"},"_links":{"self":[{"href":"https:\/\/www.pricetornado.com\/da\/wp-json\/wp\/v2\/product\/447663","targetHints":{"allow":["GET"]}}],"collection":[{"href":"https:\/\/www.pricetornado.com\/da\/wp-json\/wp\/v2\/product"}],"about":[{"href":"https:\/\/www.pricetornado.com\/da\/wp-json\/wp\/v2\/types\/product"}],"wp:featuredmedia":[{"embeddable":true,"href":"https:\/\/www.pricetornado.com\/da\/wp-json\/"}],"wp:attachment":[{"href":"https:\/\/www.pricetornado.com\/da\/wp-json\/wp\/v2\/media?parent=447663"}],"wp:term":[{"taxonomy":"store","embeddable":true,"href":"https:\/\/www.pricetornado.com\/da\/wp-json\/wp\/v2\/store?post=447663"},{"taxonomy":"product_brand","embeddable":true,"href":"https:\/\/www.pricetornado.com\/da\/wp-json\/wp\/v2\/product_brand?post=447663"},{"taxonomy":"product_cat","embeddable":true,"href":"https:\/\/www.pricetornado.com\/da\/wp-json\/wp\/v2\/product_cat?post=447663"},{"taxonomy":"product_tag","embeddable":true,"href":"https:\/\/www.pricetornado.com\/da\/wp-json\/wp\/v2\/product_tag?post=447663"}],"curies":[{"name":"wp","href":"https:\/\/api.w.org\/{rel}","templated":true}]}}