{"id":447656,"date":"2025-02-21T00:28:33","date_gmt":"2025-02-20T23:28:33","guid":{"rendered":"https:\/\/www.pricetornado.com\/da\/produkt\/nedis-tablet-holder-til-bil-maksimal-skaermstoerrelseskompatibilitet-12-vindue-og-nakkestoette-i-bil-justerbar-tcmt300bk\/"},"modified":"2026-04-19T02:20:13","modified_gmt":"2026-04-19T00:20:13","slug":"nedis-tablet-holder-til-bil-maksimal-skaermstoerrelseskompatibilitet-12-vindue-og-nakkestoette-i-bil-justerbar-tcmt300bk","status":"publish","type":"product","link":"https:\/\/www.pricetornado.com\/da\/produkt\/nedis-tablet-holder-til-bil-maksimal-skaermstoerrelseskompatibilitet-12-vindue-og-nakkestoette-i-bil-justerbar-tcmt300bk\/","title":{"rendered":"Nedis &#8211; Tablet Holder til Bil | Maksimal sk\u00e6rmst\u00f8rrelseskompatibilitet: 12 &quot; | Vindue og Nakkest\u00f8tte i Bil | Just\u00e9rbar &#8211; TCMT300BK"},"content":{"rendered":"<p>K\u00f8b billig Nedis &#8211; Tablet Holder til Bil | Maksimal sk\u00e6rmst\u00f8rrelseskompatibilitet: 12 &quot; | Vindue og Nakkest\u00f8tte i Bil | Just\u00e9rbar &#8211; TCMT300BK!<br \/>\nDette tabletholders\u00e6t fra Nedis giver dig to sikre og stabile l\u00f8sninger til at fastg\u00f8re din tablet i bilen. Du kan v\u00e6lge mellem en kraftig sugekop til forruden eller et nakkest\u00f8ttebeslag, der nemt fastg\u00f8res med et enkelt skruesystem \u2013 helt uden brug af v\u00e6rkt\u00f8j. Begge metoder sikrer, at din tablet holdes sikkert p\u00e5 plads under k\u00f8rslen, og passer til de fleste tablets op til 12 tommer.Tabletholderen er fremstillet af let plast og udstyret med gummielementer, inklusive anti-slip puder, der beskytter din enhed mod b\u00e5de glid og ridser. Det justerbare greb sikrer en stabil fastg\u00f8relse uden at beskadige tabletten og passer til forskellige enhedsst\u00f8rrelser.Det indbyggede kugleled giver mulighed for fuld 360\u00b0 rotation, s\u00e5 du nemt kan v\u00e6lge mellem liggende og st\u00e5ende visning \u2013 ideelt til b\u00e5de navigation og underholdning p\u00e5 farten.Nakkest\u00f8ttebeslaget monteres let med en simpel skrue, mens sugekoppen til forruden kan justeres og flyttes uden brug af ekstra v\u00e6rkt\u00f8j. Dette sikrer, at installationen altid er hurtig og brugervenlig., og g\u00f8r det nemt at bruge din tablet til b\u00e5de underholdning og navigation, mens du er p\u00e5 vej.<\/p>\n<p>Sammenlign priser p\u00e5 Nedis &#8211; Tablet Holder til Bil | Maksimal sk\u00e6rmst\u00f8rrelseskompatibilitet: 12 &quot; | Vindue og Nakkest\u00f8tte i Bil | Just\u00e9rbar &#8211; TCMT300BK og k\u00f8b online til den billigste pris, samt p\u00e5 tilbud!\u00a0\u00a0Tjek den bedste pris, produkt beskrivelse, video, test, anmeldelser osv.<\/p>\n<p><strong>Brand: <\/strong>Nedis<br \/>\n<strong>EAN: <\/strong>5412810287482<br \/>\n<strong>Producentens varenr.:<\/strong> 5412810287482<\/p>\n<p><strong>P.S.<\/strong><br \/>\nTilmeld dig til &#8220;Opret Gratis Prisfald Alarm&#8221;, og bliv underrettet med det samme om prisfald p\u00e5 Nedis &#8211; Tablet Holder til Bil | Maksimal sk\u00e6rmst\u00f8rrelseskompatibilitet: 12 &quot; | Vindue og Nakkest\u00f8tte i Bil | Just\u00e9rbar &#8211; TCMT300BK, og f\u00e5 den billigste pris!<\/p>\n<p>&nbsp;<\/p>\n<p>&nbsp;<\/p>\n","protected":false},"excerpt":{"rendered":"<p>K\u00f8b billig Nedis &#8211; Tablet Holder til Bil | Maksimal sk\u00e6rmst\u00f8rrelseskompatibilitet: 12 &quot; | Vindue og Nakkest\u00f8tte i Bil | Just\u00e9rbar &#8211; TCMT300BK! Dette tabletholders\u00e6t fra Nedis giver dig to sikre og stabile l\u00f8sninger til at fastg\u00f8re din tablet i bilen. Du kan v\u00e6lge mellem en kraftig sugekop til forruden eller et nakkest\u00f8ttebeslag, der nemt [&hellip;]<\/p>\n","protected":false},"featured_media":999980000004476560,"template":"","meta":[],"store":[1272516],"product_brand":[1272517],"product_cat":[1272470],"product_tag":[1275178,1272841],"class_list":{"0":"post-447656","1":"product","2":"type-product","3":"status-publish","4":"has-post-thumbnail","6":"store-butik24","7":"product_brand-nedis","8":"product_cat-telefon-og-tablet","9":"product_tag-nedis","10":"product_tag-telefon-og-tablet","11":"pa_maerke-nedis","13":"first","14":"instock","15":"product-type-external"},"_links":{"self":[{"href":"https:\/\/www.pricetornado.com\/da\/wp-json\/wp\/v2\/product\/447656","targetHints":{"allow":["GET"]}}],"collection":[{"href":"https:\/\/www.pricetornado.com\/da\/wp-json\/wp\/v2\/product"}],"about":[{"href":"https:\/\/www.pricetornado.com\/da\/wp-json\/wp\/v2\/types\/product"}],"wp:featuredmedia":[{"embeddable":true,"href":"https:\/\/www.pricetornado.com\/da\/wp-json\/"}],"wp:attachment":[{"href":"https:\/\/www.pricetornado.com\/da\/wp-json\/wp\/v2\/media?parent=447656"}],"wp:term":[{"taxonomy":"store","embeddable":true,"href":"https:\/\/www.pricetornado.com\/da\/wp-json\/wp\/v2\/store?post=447656"},{"taxonomy":"product_brand","embeddable":true,"href":"https:\/\/www.pricetornado.com\/da\/wp-json\/wp\/v2\/product_brand?post=447656"},{"taxonomy":"product_cat","embeddable":true,"href":"https:\/\/www.pricetornado.com\/da\/wp-json\/wp\/v2\/product_cat?post=447656"},{"taxonomy":"product_tag","embeddable":true,"href":"https:\/\/www.pricetornado.com\/da\/wp-json\/wp\/v2\/product_tag?post=447656"}],"curies":[{"name":"wp","href":"https:\/\/api.w.org\/{rel}","templated":true}]}}