{"id":447654,"date":"2025-02-26T02:02:32","date_gmt":"2025-02-26T01:02:32","guid":{"rendered":"https:\/\/www.pricetornado.com\/da\/produkt\/nedis-hukommelseskort-microsdhc-32-gb-skrivehastighed-90-mb-s-laes-hastighed-45-mb-s-uhs-i-sd-adapter-inkluderet-mmsd32100bk\/"},"modified":"2026-04-20T03:10:35","modified_gmt":"2026-04-20T01:10:35","slug":"nedis-hukommelseskort-microsdhc-32-gb-skrivehastighed-90-mb-s-laes-hastighed-45-mb-s-uhs-i-sd-adapter-inkluderet-mmsd32100bk","status":"publish","type":"product","link":"https:\/\/www.pricetornado.com\/da\/produkt\/nedis-hukommelseskort-microsdhc-32-gb-skrivehastighed-90-mb-s-laes-hastighed-45-mb-s-uhs-i-sd-adapter-inkluderet-mmsd32100bk\/","title":{"rendered":"Nedis &#8211; Hukommelseskort | microSDHC | 32 GB | Skrivehastighed: 90 MB\/s | L\u00e6s hastighed: 45 MB\/s | UHS-I | SD adapter inkluderet &#8211; MMSD32100BK"},"content":{"rendered":"<p>K\u00f8b billig Nedis &#8211; Hukommelseskort | microSDHC | 32 GB | Skrivehastighed: 90 MB\/s | L\u00e6s hastighed: 45 MB\/s | UHS-I | SD adapter inkluderet &#8211; MMSD32100BK!<br \/>\nDette microSDHC-hukommelseskort fra Nedis er den ideelle l\u00f8sning til ekstra lagring af dine fotos, videoer og andre data i h\u00f8j kvalitet. Med 32 GB lagerplads har du rigelig kapacitet til at gemme minder og filer, uanset om det drejer sig om digitale kameraer, action-kameraer, videokameraer, digitale fotorammer, TV&apos;er, lydudstyr til biler, tablets, b\u00e6rbare computere og meget mere. Kortet er kompatibelt med en lang r\u00e6kke enheder, hvilket g\u00f8r det yderst alsidigt i brug.Hukommelseskortet underst\u00f8tter UHS-I-hastighedsklassen, hvilket giver en optimal balance mellem ydeevne og kompatibilitet p\u00e5 tv\u00e6rs af mange enheder. Med en skrivehastighed p\u00e5 op til 90 MB\/s og en l\u00e6sehastighed p\u00e5 45 MB\/s kan du hurtigt overf\u00f8re og f\u00e5 adgang til dine fotos og videoer i h\u00f8j opl\u00f8sning, hvilket is\u00e6r er fordelagtigt ved hurtig fototagning og videooptagelse.Kortet leveres med en SD-adapter, s\u00e5 du nemt kan bruge microSD-kortet i enheder med standard SD-kortslots. Det lette og kompakte design g\u00f8r det nemt at have hukommelseskortet med dig overalt, hvilket sikrer maksimal fleksibilitet i brugen.V\u00e6lg dette Nedis microSDHC-hukommelseskort for p\u00e5lidelig og fleksibel lagring til dine digitale enheder. Se ogs\u00e5 vores udvalg af produkter for flere smarte l\u00f8sninger til din hverdag.<\/p>\n<p>Sammenlign priser p\u00e5 Nedis &#8211; Hukommelseskort | microSDHC | 32 GB | Skrivehastighed: 90 MB\/s | L\u00e6s hastighed: 45 MB\/s | UHS-I | SD adapter inkluderet &#8211; MMSD32100BK og k\u00f8b online til den billigste pris, samt p\u00e5 tilbud!\u00a0\u00a0Tjek den bedste pris, produkt beskrivelse, video, test, anmeldelser osv.<\/p>\n<p><strong>Brand: <\/strong>Nedis<br \/>\n<strong>EAN: <\/strong>5412810266371<br \/>\n<strong>Producentens varenr.:<\/strong> 5412810266371<\/p>\n<p><strong>P.S.<\/strong><br \/>\nTilmeld dig til &#8220;Opret Gratis Prisfald Alarm&#8221;, og bliv underrettet med det samme om prisfald p\u00e5 Nedis &#8211; Hukommelseskort | microSDHC | 32 GB | Skrivehastighed: 90 MB\/s | L\u00e6s hastighed: 45 MB\/s | UHS-I | SD adapter inkluderet &#8211; MMSD32100BK, og f\u00e5 den billigste pris!<\/p>\n<p>&nbsp;<\/p>\n<p>&nbsp;<\/p>\n","protected":false},"excerpt":{"rendered":"<p>K\u00f8b billig Nedis &#8211; Hukommelseskort | microSDHC | 32 GB | Skrivehastighed: 90 MB\/s | L\u00e6s hastighed: 45 MB\/s | UHS-I | SD adapter inkluderet &#8211; MMSD32100BK! Dette microSDHC-hukommelseskort fra Nedis er den ideelle l\u00f8sning til ekstra lagring af dine fotos, videoer og andre data i h\u00f8j kvalitet. Med 32 GB lagerplads har du rigelig [&hellip;]<\/p>\n","protected":false},"featured_media":999980000004476540,"template":"","meta":[],"store":[1272516],"product_brand":[1272517],"product_cat":[1272445],"product_tag":[1272848,1275178],"class_list":{"0":"post-447654","1":"product","2":"type-product","3":"status-publish","4":"has-post-thumbnail","6":"store-butik24","7":"product_brand-nedis","8":"product_cat-hukommelse-og-opbevaring","9":"product_tag-hukommelse-og-opbevaring","10":"product_tag-nedis","11":"pa_maerke-nedis","13":"first","14":"instock","15":"product-type-external"},"_links":{"self":[{"href":"https:\/\/www.pricetornado.com\/da\/wp-json\/wp\/v2\/product\/447654","targetHints":{"allow":["GET"]}}],"collection":[{"href":"https:\/\/www.pricetornado.com\/da\/wp-json\/wp\/v2\/product"}],"about":[{"href":"https:\/\/www.pricetornado.com\/da\/wp-json\/wp\/v2\/types\/product"}],"wp:featuredmedia":[{"embeddable":true,"href":"https:\/\/www.pricetornado.com\/da\/wp-json\/"}],"wp:attachment":[{"href":"https:\/\/www.pricetornado.com\/da\/wp-json\/wp\/v2\/media?parent=447654"}],"wp:term":[{"taxonomy":"store","embeddable":true,"href":"https:\/\/www.pricetornado.com\/da\/wp-json\/wp\/v2\/store?post=447654"},{"taxonomy":"product_brand","embeddable":true,"href":"https:\/\/www.pricetornado.com\/da\/wp-json\/wp\/v2\/product_brand?post=447654"},{"taxonomy":"product_cat","embeddable":true,"href":"https:\/\/www.pricetornado.com\/da\/wp-json\/wp\/v2\/product_cat?post=447654"},{"taxonomy":"product_tag","embeddable":true,"href":"https:\/\/www.pricetornado.com\/da\/wp-json\/wp\/v2\/product_tag?post=447654"}],"curies":[{"name":"wp","href":"https:\/\/api.w.org\/{rel}","templated":true}]}}