{"id":447633,"date":"2025-02-20T14:36:57","date_gmt":"2025-02-20T13:36:57","guid":{"rendered":"https:\/\/www.pricetornado.com\/da\/produkt\/philips-taa1105wt-00-in-ear-sportshovedtelefoner-med-mikrofon\/"},"modified":"2026-04-17T10:10:31","modified_gmt":"2026-04-17T08:10:31","slug":"philips-taa1105wt-00-in-ear-sportshovedtelefoner-med-mikrofon","status":"publish","type":"product","link":"https:\/\/www.pricetornado.com\/da\/produkt\/philips-taa1105wt-00-in-ear-sportshovedtelefoner-med-mikrofon\/","title":{"rendered":"Philips TAA1105WT\/00 In-ear sportshovedtelefoner med mikrofon"},"content":{"rendered":"<p>K\u00f8b billig Philips TAA1105WT\/00 In-ear sportshovedtelefoner med mikrofon!<br \/>\nPhilips sportshovedtelefoner in-ear er udviklet til dig, der \u00f8nsker p\u00e5lidelige og komfortable hovedtelefoner til tr\u00e6ning og aktive dage. Det fleksible og formede \u00f8rekrogsdesign sikrer, at \u00f8repuderne bliver siddende sikkert under alle bev\u00e6gelser, s\u00e5 du kan bev\u00e6ge dig frit \u2013 fra parken til gaden.Denne model er IPX2-certificeret og beskytter derfor mod let sved og fugtighed under tr\u00e6ning eller udend\u00f8rs aktiviteter. Kablet p\u00e5 1,2 meter har en bl\u00f8d gummiankring t\u00e6t p\u00e5 \u00f8retelefonerne, hvilket styrker forbindelsen og minimerer risikoen for kabelbrud. Kabeldesignet er desuden tangle-resistant, s\u00e5 det er let at have med i lommen uden sammenfiltring.Nyd klar lyd med 15 mm neodymium-drivere og basporte, som leverer en energigivende bas og fyldig lydoplevelse \u2013 ideelt til b\u00e5de musik og podcasts i tr\u00e6ningen.Med den indbyggede inline-fjernbetjening og mikrofon kan du styre musikafspilning og besvare opkald direkte, s\u00e5 telefonen kan forblive sikkert i lommen under workout eller p\u00e5 farten.V\u00e6lg Philips in-ear sportshovedtelefoner, og f\u00e5 komfort, holdbarhed og kvalitetslyd med p\u00e5 alle dine aktiviteter. Se flere produkter fra i vores webshop.<\/p>\n<p>Sammenlign priser p\u00e5 Philips TAA1105WT\/00 In-ear sportshovedtelefoner med mikrofon og k\u00f8b online til den billigste pris, samt p\u00e5 tilbud!\u00a0\u00a0Tjek den bedste pris, produkt beskrivelse, video, test, anmeldelser osv.<\/p>\n<p><strong>Brand: <\/strong>Philips<br \/>\n<strong>EAN: <\/strong>4895229110458<br \/>\n<strong>Producentens varenr.:<\/strong> 4895229110458<\/p>\n<p><strong>P.S.<\/strong><br \/>\nTilmeld dig til &#8220;Opret Gratis Prisfald Alarm&#8221;, og bliv underrettet med det samme om prisfald p\u00e5 Philips TAA1105WT\/00 In-ear sportshovedtelefoner med mikrofon, og f\u00e5 den billigste pris!<\/p>\n<p>&nbsp;<\/p>\n<p>&nbsp;<\/p>\n","protected":false},"excerpt":{"rendered":"<p>K\u00f8b billig Philips TAA1105WT\/00 In-ear sportshovedtelefoner med mikrofon! Philips sportshovedtelefoner in-ear er udviklet til dig, der \u00f8nsker p\u00e5lidelige og komfortable hovedtelefoner til tr\u00e6ning og aktive dage. Det fleksible og formede \u00f8rekrogsdesign sikrer, at \u00f8repuderne bliver siddende sikkert under alle bev\u00e6gelser, s\u00e5 du kan bev\u00e6ge dig frit \u2013 fra parken til gaden.Denne model er IPX2-certificeret og [&hellip;]<\/p>\n","protected":false},"featured_media":999980000004476330,"template":"","meta":[],"store":[1272516],"product_brand":[1272519],"product_cat":[1272434],"product_tag":[1272843,1275180],"class_list":{"0":"post-447633","1":"product","2":"type-product","3":"status-publish","4":"has-post-thumbnail","6":"store-butik24","7":"product_brand-philips","8":"product_cat-hovedtelefoner","9":"product_tag-hovedtelefoner","10":"product_tag-philips","11":"pa_maerke-philips","13":"first","14":"instock","15":"product-type-external"},"_links":{"self":[{"href":"https:\/\/www.pricetornado.com\/da\/wp-json\/wp\/v2\/product\/447633","targetHints":{"allow":["GET"]}}],"collection":[{"href":"https:\/\/www.pricetornado.com\/da\/wp-json\/wp\/v2\/product"}],"about":[{"href":"https:\/\/www.pricetornado.com\/da\/wp-json\/wp\/v2\/types\/product"}],"wp:featuredmedia":[{"embeddable":true,"href":"https:\/\/www.pricetornado.com\/da\/wp-json\/"}],"wp:attachment":[{"href":"https:\/\/www.pricetornado.com\/da\/wp-json\/wp\/v2\/media?parent=447633"}],"wp:term":[{"taxonomy":"store","embeddable":true,"href":"https:\/\/www.pricetornado.com\/da\/wp-json\/wp\/v2\/store?post=447633"},{"taxonomy":"product_brand","embeddable":true,"href":"https:\/\/www.pricetornado.com\/da\/wp-json\/wp\/v2\/product_brand?post=447633"},{"taxonomy":"product_cat","embeddable":true,"href":"https:\/\/www.pricetornado.com\/da\/wp-json\/wp\/v2\/product_cat?post=447633"},{"taxonomy":"product_tag","embeddable":true,"href":"https:\/\/www.pricetornado.com\/da\/wp-json\/wp\/v2\/product_tag?post=447633"}],"curies":[{"name":"wp","href":"https:\/\/api.w.org\/{rel}","templated":true}]}}