{"id":447625,"date":"2025-02-20T13:34:44","date_gmt":"2025-02-20T12:34:44","guid":{"rendered":"https:\/\/www.pricetornado.com\/da\/produkt\/nedis-bordventilator-stroemforsyning-diameter-400-mm-45-w-svingning-3-hastighed-hvid-fntb10cwt40\/"},"modified":"2026-04-18T02:40:07","modified_gmt":"2026-04-18T00:40:07","slug":"nedis-bordventilator-stroemforsyning-diameter-400-mm-45-w-svingning-3-hastighed-hvid-fntb10cwt40","status":"publish","type":"product","link":"https:\/\/www.pricetornado.com\/da\/produkt\/nedis-bordventilator-stroemforsyning-diameter-400-mm-45-w-svingning-3-hastighed-hvid-fntb10cwt40\/","title":{"rendered":"Nedis &#8211; Bordventilator | Str\u00f8mforsyning | Diameter: 400 mm | 45 W | Svingning | 3-Hastighed | Hvid &#8211; FNTB10CWT40"},"content":{"rendered":"<p>K\u00f8b billig Nedis &#8211; Bordventilator | Str\u00f8mforsyning | Diameter: 400 mm | 45 W | Svingning | 3-Hastighed | Hvid &#8211; FNTB10CWT40!<br \/>\nDenne hvide bordventilator fra Nedis kombinerer holdbart metal og let plast, hvilket sikrer b\u00e5de robusthed og nem flytning. Et integreret h\u00e5ndtag g\u00f8r det hurtigt og bekvemt at placere ventilatoren, hvor du \u00f8nsker det.Ventilatoren er udstyret med en 3-trins motor, s\u00e5 du kan v\u00e6lge mellem lav, middel eller h\u00f8j hastighed for at tilpasse luftstr\u00f8mmen efter behov. Drejeknappen p\u00e5 toppen styrer svingfunktionen, som effektivt fordeler den friske brise ud i rummet.Med et justerbart vippehoved kan du nemt \u00e6ndre luftstr\u00f8mmens retning, s\u00e5 du f\u00e5r optimal komfort. Det analoge kontrolpanel g\u00f8r det let at betjene ventilatoren uden besv\u00e6r..<\/p>\n<p>Sammenlign priser p\u00e5 Nedis &#8211; Bordventilator | Str\u00f8mforsyning | Diameter: 400 mm | 45 W | Svingning | 3-Hastighed | Hvid &#8211; FNTB10CWT40 og k\u00f8b online til den billigste pris, samt p\u00e5 tilbud!\u00a0\u00a0Tjek den bedste pris, produkt beskrivelse, video, test, anmeldelser osv.<\/p>\n<p><strong>Brand: <\/strong>Nedis<br \/>\n<strong>EAN: <\/strong>5412810291182<br \/>\n<strong>Producentens varenr.:<\/strong> 5412810291182<\/p>\n<p><strong>P.S.<\/strong><br \/>\nTilmeld dig til &#8220;Opret Gratis Prisfald Alarm&#8221;, og bliv underrettet med det samme om prisfald p\u00e5 Nedis &#8211; Bordventilator | Str\u00f8mforsyning | Diameter: 400 mm | 45 W | Svingning | 3-Hastighed | Hvid &#8211; FNTB10CWT40, og f\u00e5 den billigste pris!<\/p>\n<p>&nbsp;<\/p>\n<p>&nbsp;<\/p>\n","protected":false},"excerpt":{"rendered":"<p>K\u00f8b billig Nedis &#8211; Bordventilator | Str\u00f8mforsyning | Diameter: 400 mm | 45 W | Svingning | 3-Hastighed | Hvid &#8211; FNTB10CWT40! Denne hvide bordventilator fra Nedis kombinerer holdbart metal og let plast, hvilket sikrer b\u00e5de robusthed og nem flytning. Et integreret h\u00e5ndtag g\u00f8r det hurtigt og bekvemt at placere ventilatoren, hvor du \u00f8nsker det.Ventilatoren [&hellip;]<\/p>\n","protected":false},"featured_media":999980000004476250,"template":"","meta":[],"store":[1272516],"product_brand":[1272517],"product_cat":[1272421],"product_tag":[1272687,1275178],"class_list":{"0":"post-447625","1":"product","2":"type-product","3":"status-publish","4":"has-post-thumbnail","6":"store-butik24","7":"product_brand-nedis","8":"product_cat-klima","9":"product_tag-klima","10":"product_tag-nedis","11":"pa_maerke-nedis","13":"first","14":"instock","15":"product-type-external"},"_links":{"self":[{"href":"https:\/\/www.pricetornado.com\/da\/wp-json\/wp\/v2\/product\/447625","targetHints":{"allow":["GET"]}}],"collection":[{"href":"https:\/\/www.pricetornado.com\/da\/wp-json\/wp\/v2\/product"}],"about":[{"href":"https:\/\/www.pricetornado.com\/da\/wp-json\/wp\/v2\/types\/product"}],"wp:featuredmedia":[{"embeddable":true,"href":"https:\/\/www.pricetornado.com\/da\/wp-json\/"}],"wp:attachment":[{"href":"https:\/\/www.pricetornado.com\/da\/wp-json\/wp\/v2\/media?parent=447625"}],"wp:term":[{"taxonomy":"store","embeddable":true,"href":"https:\/\/www.pricetornado.com\/da\/wp-json\/wp\/v2\/store?post=447625"},{"taxonomy":"product_brand","embeddable":true,"href":"https:\/\/www.pricetornado.com\/da\/wp-json\/wp\/v2\/product_brand?post=447625"},{"taxonomy":"product_cat","embeddable":true,"href":"https:\/\/www.pricetornado.com\/da\/wp-json\/wp\/v2\/product_cat?post=447625"},{"taxonomy":"product_tag","embeddable":true,"href":"https:\/\/www.pricetornado.com\/da\/wp-json\/wp\/v2\/product_tag?post=447625"}],"curies":[{"name":"wp","href":"https:\/\/api.w.org\/{rel}","templated":true}]}}