{"id":447622,"date":"2025-02-23T20:33:44","date_gmt":"2025-02-23T19:33:44","guid":{"rendered":"https:\/\/www.pricetornado.com\/da\/produkt\/philips-tab6305-10-soundbar-hoejttaler\/"},"modified":"2026-04-17T08:09:59","modified_gmt":"2026-04-17T06:09:59","slug":"philips-tab6305-10-soundbar-hoejttaler","status":"publish","type":"product","link":"https:\/\/www.pricetornado.com\/da\/produkt\/philips-tab6305-10-soundbar-hoejttaler\/","title":{"rendered":"Philips TAB6305\/10 Soundbar-h\u00f8jttaler"},"content":{"rendered":"<p>K\u00f8b billig Philips TAB6305\/10 Soundbar-h\u00f8jttaler!<br \/>\nOplev kraftfuld lyd i et elegant design med Philips TAB6305\/10 soundbar. Med dens ultra slanke profil p\u00e5 kun 35 mm i h\u00f8jden passer den diskret under n\u00e6sten ethvert TV, ogs\u00e5 modeller med lavt stativ. En robust metalfront sikrer b\u00e5de holdbarhed og klar lyd, mens den tr\u00e5dl\u00f8se subwoofer tilf\u00f8jer dyb og fyldig bas. Subwooferen er kompakt med m\u00e5l p\u00e5 120 x 402 x 300 mm, hvilket g\u00f8r den nem at placere og skjule i stuen. Hele soundbarsystemet er fremstillet med fokus p\u00e5 kvalitet og holdbarhed.Fyldig lydoplevelse med Dolby Audio og 2.1 kanalerMed 2.1-kanals ops\u00e6tning f\u00e5r du st\u00f8rre lyddybde og levende lyd, der bringer dine yndlingsfilm, TV-programmer og musik til live. Dolby Audio sikrer krystalklar dialog og en mere omsluttende lydoplevelse \u2013 s\u00e5 du altid er midt i begivenhederne.B\u00e5de soundbar og subwoofer har lavt standby-str\u00f8mforbrug p\u00e5 under 0,5 W og fungerer sikkert ved temperaturer mellem 0\u00b0C og 45\u00b0C, hvilket sikrer en energieffektiv og driftsikker oplevelse i hjemmet. og find det perfekte match til dit TV-setup.<\/p>\n<p>Sammenlign priser p\u00e5 Philips TAB6305\/10 Soundbar-h\u00f8jttaler og k\u00f8b online til den billigste pris, samt p\u00e5 tilbud!\u00a0\u00a0Tjek den bedste pris, produkt beskrivelse, video, test, anmeldelser osv.<\/p>\n<p><strong>Brand: <\/strong>Philips<br \/>\n<strong>EAN: <\/strong>4895229108592<br \/>\n<strong>Producentens varenr.:<\/strong> 4895229108592<\/p>\n<p><strong>P.S.<\/strong><br \/>\nTilmeld dig til &#8220;Opret Gratis Prisfald Alarm&#8221;, og bliv underrettet med det samme om prisfald p\u00e5 Philips TAB6305\/10 Soundbar-h\u00f8jttaler, og f\u00e5 den billigste pris!<\/p>\n<p>&nbsp;<\/p>\n<p>&nbsp;<\/p>\n","protected":false},"excerpt":{"rendered":"<p>K\u00f8b billig Philips TAB6305\/10 Soundbar-h\u00f8jttaler! Oplev kraftfuld lyd i et elegant design med Philips TAB6305\/10 soundbar. Med dens ultra slanke profil p\u00e5 kun 35 mm i h\u00f8jden passer den diskret under n\u00e6sten ethvert TV, ogs\u00e5 modeller med lavt stativ. En robust metalfront sikrer b\u00e5de holdbarhed og klar lyd, mens den tr\u00e5dl\u00f8se subwoofer tilf\u00f8jer dyb og [&hellip;]<\/p>\n","protected":false},"featured_media":999980000004476220,"template":"","meta":[],"store":[1272516],"product_brand":[1272519],"product_cat":[1272536],"product_tag":[1273224,1275180],"class_list":{"0":"post-447622","1":"product","2":"type-product","3":"status-publish","4":"has-post-thumbnail","6":"store-butik24","7":"product_brand-philips","8":"product_cat-hjemmebiograf","9":"product_tag-hjemmebiograf","10":"product_tag-philips","11":"pa_maerke-philips","13":"first","14":"instock","15":"product-type-external"},"_links":{"self":[{"href":"https:\/\/www.pricetornado.com\/da\/wp-json\/wp\/v2\/product\/447622","targetHints":{"allow":["GET"]}}],"collection":[{"href":"https:\/\/www.pricetornado.com\/da\/wp-json\/wp\/v2\/product"}],"about":[{"href":"https:\/\/www.pricetornado.com\/da\/wp-json\/wp\/v2\/types\/product"}],"wp:featuredmedia":[{"embeddable":true,"href":"https:\/\/www.pricetornado.com\/da\/wp-json\/"}],"wp:attachment":[{"href":"https:\/\/www.pricetornado.com\/da\/wp-json\/wp\/v2\/media?parent=447622"}],"wp:term":[{"taxonomy":"store","embeddable":true,"href":"https:\/\/www.pricetornado.com\/da\/wp-json\/wp\/v2\/store?post=447622"},{"taxonomy":"product_brand","embeddable":true,"href":"https:\/\/www.pricetornado.com\/da\/wp-json\/wp\/v2\/product_brand?post=447622"},{"taxonomy":"product_cat","embeddable":true,"href":"https:\/\/www.pricetornado.com\/da\/wp-json\/wp\/v2\/product_cat?post=447622"},{"taxonomy":"product_tag","embeddable":true,"href":"https:\/\/www.pricetornado.com\/da\/wp-json\/wp\/v2\/product_tag?post=447622"}],"curies":[{"name":"wp","href":"https:\/\/api.w.org\/{rel}","templated":true}]}}