{"id":447619,"date":"2025-02-20T16:54:51","date_gmt":"2025-02-20T15:54:51","guid":{"rendered":"https:\/\/www.pricetornado.com\/da\/produkt\/philips-avent-scy670-01-natural-response-sutteflaske-med-airfree-udluftningsventil-125ml-flow-2-sut-0-maaneder\/"},"modified":"2026-04-18T22:00:02","modified_gmt":"2026-04-18T20:00:02","slug":"philips-avent-scy670-01-natural-response-sutteflaske-med-airfree-udluftningsventil-125ml-flow-2-sut-0-maaneder","status":"publish","type":"product","link":"https:\/\/www.pricetornado.com\/da\/produkt\/philips-avent-scy670-01-natural-response-sutteflaske-med-airfree-udluftningsventil-125ml-flow-2-sut-0-maaneder\/","title":{"rendered":"Philips Avent SCY670\/01 Natural Response sutteflaske med AirFree udluftningsventil 125ml Flow 2 sut +0 m\u00e5neder"},"content":{"rendered":"<p>K\u00f8b billig Philips Avent SCY670\/01 Natural Response sutteflaske med AirFree udluftningsventil 125ml Flow 2 sut +0 m\u00e5neder!<br \/>\nPhilips Avent Natural Response sutteflaske er udviklet til at give en behagelig og naturlig madningsoplevelse, der minder om amningen. Den brede, bl\u00f8de og fleksible sut efterligner brystets form og f\u00f8lelse, hvilket underst\u00f8tter babyens naturlige sutte-, synke- og \u00e5nderytme og g\u00f8r det lettere at kombinere amning og flaskemadning.Den indbyggede AirFree-udluftningsventil er specielt designet til at holde sutten fyldt med m\u00e6lk \u2013 ogs\u00e5 n\u00e5r flasken holdes vandret. Dette g\u00f8r, at dit barn sluger mindre luft, hvilket kan mindske risikoen for kolik, luft i maven og refluks samt give mere komfort under m\u00e5ltidet.Flasken har en ergonomisk form, som g\u00f8r den nem at holde \u2013 ogs\u00e5 for sm\u00e5 h\u00e6nder. Den kan h\u00e5ndteres fra flere vinkler, hvilket sikrer fleksibel og komfortabel madning for b\u00e5de for\u00e6lder og barn.Philips Avent sutteflasken best\u00e5r af f\u00e5 dele og har en bred \u00e5bning, hvilket g\u00f8r den let at samle, skille ad og reng\u00f8re grundigt. Flasken er fremstillet af polypropylen (PP), mens sutten er af bl\u00f8d silikone \u2013 begge dele er BPA-fri for at sikre maksimal tryghed for dit barn.Med Philips Avent Natural Response sutteflaske f\u00e5r du en sikker, komfortabel og praktisk l\u00f8sning, der g\u00f8r det nemmere at fodre din baby \u2013 uanset om du ammer, flaskemader, eller kombinerer begge dele.<\/p>\n<p>Sammenlign priser p\u00e5 Philips Avent SCY670\/01 Natural Response sutteflaske med AirFree udluftningsventil 125ml Flow 2 sut +0 m\u00e5neder og k\u00f8b online til den billigste pris, samt p\u00e5 tilbud!\u00a0\u00a0Tjek den bedste pris, produkt beskrivelse, video, test, anmeldelser osv.<\/p>\n<p><strong>Brand: <\/strong>Philips<br \/>\n<strong>EAN: <\/strong>8710103990345<br \/>\n<strong>Producentens varenr.:<\/strong> 8710103990345<\/p>\n<p><strong>P.S.<\/strong><br \/>\nTilmeld dig til &#8220;Opret Gratis Prisfald Alarm&#8221;, og bliv underrettet med det samme om prisfald p\u00e5 Philips Avent SCY670\/01 Natural Response sutteflaske med AirFree udluftningsventil 125ml Flow 2 sut +0 m\u00e5neder, og f\u00e5 den billigste pris!<\/p>\n<p>&nbsp;<\/p>\n<p>&nbsp;<\/p>\n","protected":false},"excerpt":{"rendered":"<p>K\u00f8b billig Philips Avent SCY670\/01 Natural Response sutteflaske med AirFree udluftningsventil 125ml Flow 2 sut +0 m\u00e5neder! Philips Avent Natural Response sutteflaske er udviklet til at give en behagelig og naturlig madningsoplevelse, der minder om amningen. Den brede, bl\u00f8de og fleksible sut efterligner brystets form og f\u00f8lelse, hvilket underst\u00f8tter babyens naturlige sutte-, synke- og \u00e5nderytme [&hellip;]<\/p>\n","protected":false},"featured_media":999980000004476190,"template":"","meta":[],"store":[1272516],"product_brand":[1272519],"product_cat":[1272414,1272413],"product_tag":[1272709,1272706,1275180],"class_list":{"0":"post-447619","1":"product","2":"type-product","3":"status-publish","4":"has-post-thumbnail","6":"store-butik24","7":"product_brand-philips","8":"product_cat-baby-personlig-pleje","9":"product_cat-personlig-pleje","10":"product_tag-baby","11":"product_tag-personlig-pleje","12":"product_tag-philips","13":"pa_maerke-philips","15":"first","16":"instock","17":"sale","18":"product-type-external"},"_links":{"self":[{"href":"https:\/\/www.pricetornado.com\/da\/wp-json\/wp\/v2\/product\/447619","targetHints":{"allow":["GET"]}}],"collection":[{"href":"https:\/\/www.pricetornado.com\/da\/wp-json\/wp\/v2\/product"}],"about":[{"href":"https:\/\/www.pricetornado.com\/da\/wp-json\/wp\/v2\/types\/product"}],"wp:featuredmedia":[{"embeddable":true,"href":"https:\/\/www.pricetornado.com\/da\/wp-json\/"}],"wp:attachment":[{"href":"https:\/\/www.pricetornado.com\/da\/wp-json\/wp\/v2\/media?parent=447619"}],"wp:term":[{"taxonomy":"store","embeddable":true,"href":"https:\/\/www.pricetornado.com\/da\/wp-json\/wp\/v2\/store?post=447619"},{"taxonomy":"product_brand","embeddable":true,"href":"https:\/\/www.pricetornado.com\/da\/wp-json\/wp\/v2\/product_brand?post=447619"},{"taxonomy":"product_cat","embeddable":true,"href":"https:\/\/www.pricetornado.com\/da\/wp-json\/wp\/v2\/product_cat?post=447619"},{"taxonomy":"product_tag","embeddable":true,"href":"https:\/\/www.pricetornado.com\/da\/wp-json\/wp\/v2\/product_tag?post=447619"}],"curies":[{"name":"wp","href":"https:\/\/api.w.org\/{rel}","templated":true}]}}