{"id":447618,"date":"2025-02-20T13:03:07","date_gmt":"2025-02-20T12:03:07","guid":{"rendered":"https:\/\/www.pricetornado.com\/da\/produkt\/philips-tah3209bk-00-traadloese-on-ear-hovedtelefoner-sort\/"},"modified":"2026-04-17T09:40:05","modified_gmt":"2026-04-17T07:40:05","slug":"philips-tah3209bk-00-traadloese-on-ear-hovedtelefoner-sort","status":"publish","type":"product","link":"https:\/\/www.pricetornado.com\/da\/produkt\/philips-tah3209bk-00-traadloese-on-ear-hovedtelefoner-sort\/","title":{"rendered":"Philips TAH3209BK\/00 Tr\u00e5dl\u00f8se on-ear hovedtelefoner &#8211; Sort"},"content":{"rendered":"<p>K\u00f8b billig Philips TAH3209BK\/00 Tr\u00e5dl\u00f8se on-ear hovedtelefoner &#8211; Sort!<br \/>\nOplev hverdagslyd p\u00e5 ny med de lette, sammenfoldelige tr\u00e5dl\u00f8se on-ear hovedtelefoner fra Philips. De elegante hovedtelefoner kombinerer et moderne design med h\u00f8j komfort takket v\u00e6re \u00f8rekopper i memory foam bekl\u00e6dt med syntetisk l\u00e6der samt en bl\u00f8d, polstret hovedb\u00f8jle. Det foldbare og kompakte design g\u00f8r dem nemme at have med dig, uanset hvor du er.Nyd en varm og naturlig lydsignatur leveret af kraftfulde 32 mm neodym-drivere. Med dynamisk basforst\u00e6rkning \u2013 der kan tilpasses i Philips Headphones-appen \u2013 f\u00e5r du dybere bas selv ved lav lydstyrke. \u00d8nsker du optimal oplevelse til videoindhold, kan du aktivere en lavforsinkelsesindstilling, der sikrer perfekt synkronisering mellem lyd og billede.Bluetooth 5.3 med multipoint-forbindelse sikrer stabil og fleksibel tilslutning til flere enheder samtidigt.Op til 25 timers tr\u00e5dl\u00f8s afspilning p\u00e5 \u00e9n opladning via USB-C, og kun 15 minutters hurtigopladning giver op til 1 times ekstra spilletid.Ergonomisk vinklet pasform og foldbart design for nem transport og komfort i l\u00e6ngere tid.Multifunktionsknap p\u00e5 h\u00f8jre \u00f8rekop for nem betjening af musik og opkald.Passiv st\u00f8jisolering fra den t\u00e6tsluttende on-ear pasform reducerer effektivt baggrundsst\u00f8j uden brug af elektronik.Med Philips Headphones-appen kan du nemt tilpasse din lytteoplevelse og aktivere dynamisk bas. Hovedtelefonerne leverer klare samtaler til dine opkald, s\u00e5 dine omgivelser altid kan h\u00f8re dig tydeligt. For at vedligeholde batteriets levetid anbefales det at genoplade hovedtelefonerne fuldt ud mindst hver tredje m\u00e5ned, hvis de ikke er i brug. i vores sortiment.<\/p>\n<p>Sammenlign priser p\u00e5 Philips TAH3209BK\/00 Tr\u00e5dl\u00f8se on-ear hovedtelefoner &#8211; Sort og k\u00f8b online til den billigste pris, samt p\u00e5 tilbud!\u00a0\u00a0Tjek den bedste pris, produkt beskrivelse, video, test, anmeldelser osv.<\/p>\n<p><strong>Brand: <\/strong>Philips<br \/>\n<strong>EAN: <\/strong>4895229139718<br \/>\n<strong>Producentens varenr.:<\/strong> 4895229139718<\/p>\n<p><strong>P.S.<\/strong><br \/>\nTilmeld dig til &#8220;Opret Gratis Prisfald Alarm&#8221;, og bliv underrettet med det samme om prisfald p\u00e5 Philips TAH3209BK\/00 Tr\u00e5dl\u00f8se on-ear hovedtelefoner &#8211; Sort, og f\u00e5 den billigste pris!<\/p>\n<p>&nbsp;<\/p>\n<p>&nbsp;<\/p>\n","protected":false},"excerpt":{"rendered":"<p>K\u00f8b billig Philips TAH3209BK\/00 Tr\u00e5dl\u00f8se on-ear hovedtelefoner &#8211; Sort! Oplev hverdagslyd p\u00e5 ny med de lette, sammenfoldelige tr\u00e5dl\u00f8se on-ear hovedtelefoner fra Philips. De elegante hovedtelefoner kombinerer et moderne design med h\u00f8j komfort takket v\u00e6re \u00f8rekopper i memory foam bekl\u00e6dt med syntetisk l\u00e6der samt en bl\u00f8d, polstret hovedb\u00f8jle. Det foldbare og kompakte design g\u00f8r dem nemme [&hellip;]<\/p>\n","protected":false},"featured_media":999980000004476180,"template":"","meta":[],"store":[1272516],"product_brand":[1272519],"product_cat":[1272472],"product_tag":[1272746,1275180],"class_list":{"0":"post-447618","1":"product","2":"type-product","3":"status-publish","4":"has-post-thumbnail","6":"store-butik24","7":"product_brand-philips","8":"product_cat-lyd","9":"product_tag-lyd","10":"product_tag-philips","11":"pa_maerke-philips","13":"first","14":"instock","15":"product-type-external"},"_links":{"self":[{"href":"https:\/\/www.pricetornado.com\/da\/wp-json\/wp\/v2\/product\/447618","targetHints":{"allow":["GET"]}}],"collection":[{"href":"https:\/\/www.pricetornado.com\/da\/wp-json\/wp\/v2\/product"}],"about":[{"href":"https:\/\/www.pricetornado.com\/da\/wp-json\/wp\/v2\/types\/product"}],"wp:featuredmedia":[{"embeddable":true,"href":"https:\/\/www.pricetornado.com\/da\/wp-json\/"}],"wp:attachment":[{"href":"https:\/\/www.pricetornado.com\/da\/wp-json\/wp\/v2\/media?parent=447618"}],"wp:term":[{"taxonomy":"store","embeddable":true,"href":"https:\/\/www.pricetornado.com\/da\/wp-json\/wp\/v2\/store?post=447618"},{"taxonomy":"product_brand","embeddable":true,"href":"https:\/\/www.pricetornado.com\/da\/wp-json\/wp\/v2\/product_brand?post=447618"},{"taxonomy":"product_cat","embeddable":true,"href":"https:\/\/www.pricetornado.com\/da\/wp-json\/wp\/v2\/product_cat?post=447618"},{"taxonomy":"product_tag","embeddable":true,"href":"https:\/\/www.pricetornado.com\/da\/wp-json\/wp\/v2\/product_tag?post=447618"}],"curies":[{"name":"wp","href":"https:\/\/api.w.org\/{rel}","templated":true}]}}