{"id":447616,"date":"2025-02-20T06:42:41","date_gmt":"2025-02-20T05:42:41","guid":{"rendered":"https:\/\/www.pricetornado.com\/da\/produkt\/philips-32phs5507-12-32-led-tv-demo\/"},"modified":"2026-04-17T05:40:12","modified_gmt":"2026-04-17T03:40:12","slug":"philips-32phs5507-12-32-led-tv-demo","status":"publish","type":"product","link":"https:\/\/www.pricetornado.com\/da\/produkt\/philips-32phs5507-12-32-led-tv-demo\/","title":{"rendered":"Philips 32PHS5507\/12 32&quot; LED TV *DEMO*"},"content":{"rendered":"<p>K\u00f8b billig Philips 32PHS5507\/12 32&quot; LED TV *DEMO*!<br \/>\nDenne demovare er returneret til os pga. g\u00e6ldende fortrydelsesret. Varen er testet og fungerer, men original emballage har v\u00e6ret \u00e5bent. Der er samme reklamations- og fortrydelsesret p\u00e5 demovarer som ved k\u00f8b af nye varer. Det er ikke muligt at bestille flere end det antal vi har p\u00e5 lager.Philips 32PHS5507\/12 er et let og kompakt LED-tv med en 32&quot; sk\u00e6rm (80 cm), der er ideelt til mindre rum som k\u00f8kken, kontor eller sovev\u00e6relse. Det minimalistiske design med en slank ramme og slanke f\u00f8dder g\u00f8r, at tv\u2019et b\u00e5de ser stilrent ud og er nemt at flytte fra rum til rum. Perfekt til dig, der \u00f8nsker underholdning overalt i hjemmet.F\u00e5 gl\u00e6de af klare og livagtige billeder med Philips Pixel Plus HD-teknologi, som forbedrer billedskarphed, farvem\u00e6tning og bev\u00e6gelsesskarphed \u2013 uanset hvilken kilde du anvender. Micro Dimming optimerer kontrasten ved dynamisk at justere baggrundsbelysningen, hvilket giver mere dybde og detaljer i billedet.Oplev fremragende lydkvalitet med Clear Sound og Incredible Surround, der leverer en behagelig stereolyd med en samlet effekt p\u00e5 10W. Med Eco Mode kan du samtidig minimere str\u00f8mforbruget, hvilket g\u00f8r tv\u2019et til et energieffektivt valg.Philips 32PHS5507\/12 underst\u00f8tter DVB-T\/T2\/T2-HD\/C\/S\/S2 digitale tunerstandarder, s\u00e5 du f\u00e5r stabil modtagelse af et bredt udvalg af kanaler. Den lette og robuste konstruktion bidrager til lang holdbarhed og g\u00f8r det nemt at placere tv\u2019et, hvor det passer dig. og find det rette tv til dine behov.<\/p>\n<p>Sammenlign priser p\u00e5 Philips 32PHS5507\/12 32&quot; LED TV *DEMO* og k\u00f8b online til den billigste pris, samt p\u00e5 tilbud!\u00a0\u00a0Tjek den bedste pris, produkt beskrivelse, video, test, anmeldelser osv.<\/p>\n<p><strong>Brand: <\/strong>Philips<br \/>\n<strong>EAN: <\/strong>8718863033814<br \/>\n<strong>Producentens varenr.:<\/strong> 8718863033814<\/p>\n<p><strong>P.S.<\/strong><br \/>\nTilmeld dig til &#8220;Opret Gratis Prisfald Alarm&#8221;, og bliv underrettet med det samme om prisfald p\u00e5 Philips 32PHS5507\/12 32&quot; LED TV *DEMO*, og f\u00e5 den billigste pris!<\/p>\n<p>&nbsp;<\/p>\n<p>&nbsp;<\/p>\n","protected":false},"excerpt":{"rendered":"<p>K\u00f8b billig Philips 32PHS5507\/12 32&quot; LED TV *DEMO*! Denne demovare er returneret til os pga. g\u00e6ldende fortrydelsesret. Varen er testet og fungerer, men original emballage har v\u00e6ret \u00e5bent. Der er samme reklamations- og fortrydelsesret p\u00e5 demovarer som ved k\u00f8b af nye varer. Det er ikke muligt at bestille flere end det antal vi har p\u00e5 [&hellip;]<\/p>\n","protected":false},"featured_media":999980000004476160,"template":"","meta":[],"store":[1272516],"product_brand":[1272519],"product_cat":[1272476],"product_tag":[1275180,1273217],"class_list":{"0":"post-447616","1":"product","2":"type-product","3":"status-publish","4":"has-post-thumbnail","6":"store-butik24","7":"product_brand-philips","8":"product_cat-tv","9":"product_tag-philips","10":"product_tag-tv","11":"pa_maerke-philips","13":"first","14":"instock","15":"product-type-external"},"_links":{"self":[{"href":"https:\/\/www.pricetornado.com\/da\/wp-json\/wp\/v2\/product\/447616","targetHints":{"allow":["GET"]}}],"collection":[{"href":"https:\/\/www.pricetornado.com\/da\/wp-json\/wp\/v2\/product"}],"about":[{"href":"https:\/\/www.pricetornado.com\/da\/wp-json\/wp\/v2\/types\/product"}],"wp:featuredmedia":[{"embeddable":true,"href":"https:\/\/www.pricetornado.com\/da\/wp-json\/"}],"wp:attachment":[{"href":"https:\/\/www.pricetornado.com\/da\/wp-json\/wp\/v2\/media?parent=447616"}],"wp:term":[{"taxonomy":"store","embeddable":true,"href":"https:\/\/www.pricetornado.com\/da\/wp-json\/wp\/v2\/store?post=447616"},{"taxonomy":"product_brand","embeddable":true,"href":"https:\/\/www.pricetornado.com\/da\/wp-json\/wp\/v2\/product_brand?post=447616"},{"taxonomy":"product_cat","embeddable":true,"href":"https:\/\/www.pricetornado.com\/da\/wp-json\/wp\/v2\/product_cat?post=447616"},{"taxonomy":"product_tag","embeddable":true,"href":"https:\/\/www.pricetornado.com\/da\/wp-json\/wp\/v2\/product_tag?post=447616"}],"curies":[{"name":"wp","href":"https:\/\/api.w.org\/{rel}","templated":true}]}}