{"id":447615,"date":"2025-02-26T02:41:27","date_gmt":"2025-02-26T01:41:27","guid":{"rendered":"https:\/\/www.pricetornado.com\/da\/produkt\/philips-hx3601-01-eltandboerste-sonicare-for-kids\/"},"modified":"2026-04-21T03:00:17","modified_gmt":"2026-04-21T01:00:17","slug":"philips-hx3601-01-eltandboerste-sonicare-for-kids","status":"publish","type":"product","link":"https:\/\/www.pricetornado.com\/da\/produkt\/philips-hx3601-01-eltandboerste-sonicare-for-kids\/","title":{"rendered":"Philips HX3601\/01 Eltandb\u00f8rste Sonicare for kids"},"content":{"rendered":"<p>K\u00f8b billig Philips HX3601\/01 Eltandb\u00f8rste Sonicare for kids!<br \/>\nPhilips Sonicare for kids eltandb\u00f8rste hj\u00e6lper b\u00f8rn med at forebygge huller og g\u00f8r det nemt og sjovt at opbygge sunde b\u00f8rstevaner for livet. Den soniske teknologi sikrer en grundig og sk\u00e5nsom reng\u00f8ring, som beskytter b\u00e5de voksende t\u00e6nder og tandk\u00f8d.Den kompakte, ergonomiske eltandb\u00f8rste er designet til b\u00f8rns h\u00e6nder og har et b\u00f8rstehovede med bl\u00f8de, gummibelagte kanter, som minimerer irritation af tandk\u00f8det. Med de medf\u00f8lgende genanvendelige klisterm\u00e6rker med k\u00e6ledyrstema kan b\u00f8rn s\u00e6tte deres personlige pr\u00e6g p\u00e5 tandb\u00f8rsten, hvilket g\u00f8r tandb\u00f8rstningen mere motiverende og sjov.Den gratis Sonicare til b\u00f8rn-app tilbyder interaktiv coaching, der tr\u00e6ner og motiverer b\u00f8rn til at b\u00f8rste bedre og opretholde gode vaner.KidPacer lyder hvert 30. sekund og guider b\u00f8rn til at skifte b\u00f8rsteomr\u00e5de, s\u00e5 hele munden bliver d\u00e6kketEltandb\u00f8rsten er udstyret med et USB-C genopladeligt lithium-ion batteri, hvilket g\u00f8r opladningen b\u00e5de praktisk og energibesparende. Det ergonomiske design og den slidst\u00e6rke konstruktion sikrer nem betjening og lang holdbarhed, s\u00e5 b\u00f8rnene selv kan klare tandb\u00f8rstningen.Philips Sonicare for kids g\u00f8r den daglige tandpleje tryg, sjov og effektiv \u2013 og hj\u00e6lper b\u00f8rn med at etablere gode tandb\u00f8rstevaner fra en tidlig alder. Se flere b\u00f8rnevenlige l\u00f8sninger og produkter fra Philips i vores -kollektion.<\/p>\n<p>Sammenlign priser p\u00e5 Philips HX3601\/01 Eltandb\u00f8rste Sonicare for kids og k\u00f8b online til den billigste pris, samt p\u00e5 tilbud!\u00a0\u00a0Tjek den bedste pris, produkt beskrivelse, video, test, anmeldelser osv.<\/p>\n<p><strong>Brand: <\/strong>Philips<br \/>\n<strong>EAN: <\/strong>8720689006934<br \/>\n<strong>Producentens varenr.:<\/strong> 8720689006934<\/p>\n<p><strong>P.S.<\/strong><br \/>\nTilmeld dig til &#8220;Opret Gratis Prisfald Alarm&#8221;, og bliv underrettet med det samme om prisfald p\u00e5 Philips HX3601\/01 Eltandb\u00f8rste Sonicare for kids, og f\u00e5 den billigste pris!<\/p>\n<p>&nbsp;<\/p>\n<p>&nbsp;<\/p>\n","protected":false},"excerpt":{"rendered":"<p>K\u00f8b billig Philips HX3601\/01 Eltandb\u00f8rste Sonicare for kids! Philips Sonicare for kids eltandb\u00f8rste hj\u00e6lper b\u00f8rn med at forebygge huller og g\u00f8r det nemt og sjovt at opbygge sunde b\u00f8rstevaner for livet. Den soniske teknologi sikrer en grundig og sk\u00e5nsom reng\u00f8ring, som beskytter b\u00e5de voksende t\u00e6nder og tandk\u00f8d.Den kompakte, ergonomiske eltandb\u00f8rste er designet til b\u00f8rns h\u00e6nder [&hellip;]<\/p>\n","protected":false},"featured_media":999980000004476150,"template":"","meta":[],"store":[1272516],"product_brand":[1272519],"product_cat":[1272446],"product_tag":[1275180,1272715],"class_list":{"0":"post-447615","1":"product","2":"type-product","3":"status-publish","4":"has-post-thumbnail","6":"store-butik24","7":"product_brand-philips","8":"product_cat-tandpleje-2","9":"product_tag-philips","10":"product_tag-tandpleje","11":"pa_maerke-philips","13":"first","14":"instock","15":"product-type-external"},"_links":{"self":[{"href":"https:\/\/www.pricetornado.com\/da\/wp-json\/wp\/v2\/product\/447615","targetHints":{"allow":["GET"]}}],"collection":[{"href":"https:\/\/www.pricetornado.com\/da\/wp-json\/wp\/v2\/product"}],"about":[{"href":"https:\/\/www.pricetornado.com\/da\/wp-json\/wp\/v2\/types\/product"}],"wp:featuredmedia":[{"embeddable":true,"href":"https:\/\/www.pricetornado.com\/da\/wp-json\/"}],"wp:attachment":[{"href":"https:\/\/www.pricetornado.com\/da\/wp-json\/wp\/v2\/media?parent=447615"}],"wp:term":[{"taxonomy":"store","embeddable":true,"href":"https:\/\/www.pricetornado.com\/da\/wp-json\/wp\/v2\/store?post=447615"},{"taxonomy":"product_brand","embeddable":true,"href":"https:\/\/www.pricetornado.com\/da\/wp-json\/wp\/v2\/product_brand?post=447615"},{"taxonomy":"product_cat","embeddable":true,"href":"https:\/\/www.pricetornado.com\/da\/wp-json\/wp\/v2\/product_cat?post=447615"},{"taxonomy":"product_tag","embeddable":true,"href":"https:\/\/www.pricetornado.com\/da\/wp-json\/wp\/v2\/product_tag?post=447615"}],"curies":[{"name":"wp","href":"https:\/\/api.w.org\/{rel}","templated":true}]}}