{"id":447614,"date":"2025-02-25T20:34:06","date_gmt":"2025-02-25T19:34:06","guid":{"rendered":"https:\/\/www.pricetornado.com\/da\/produkt\/nedis-bilantennekonnektor-lige-han-kobber-50-ohm-slaa-til-metal-soelv-10-stk-konvolut-caco004me\/"},"modified":"2026-04-17T03:40:16","modified_gmt":"2026-04-17T01:40:16","slug":"nedis-bilantennekonnektor-lige-han-kobber-50-ohm-slaa-til-metal-soelv-10-stk-konvolut-caco004me","status":"publish","type":"product","link":"https:\/\/www.pricetornado.com\/da\/produkt\/nedis-bilantennekonnektor-lige-han-kobber-50-ohm-slaa-til-metal-soelv-10-stk-konvolut-caco004me\/","title":{"rendered":"Nedis &#8211; Bilantennekonnektor | Lige | Han | Kobber | 50 Ohm | Sl\u00e5 til | Metal | S\u00f8lv | 10 stk. | Konvolut &#8211; CACO004ME"},"content":{"rendered":"<p>K\u00f8b billig Nedis &#8211; Bilantennekonnektor | Lige | Han | Kobber | 50 Ohm | Sl\u00e5 til | Metal | S\u00f8lv | 10 stk. | Konvolut &#8211; CACO004ME!<br \/>\nDenne adapter fra Nedis forbinder nemt bilantennens hanstik til et koaksialstik p\u00e5 10,5 mm og sikrer optimal signaloverf\u00f8rsel i bilens antennesystem. Den lige konstruktion g\u00f8r installationen enkel og kompatibel med de fleste standard bilantennekontakter.Adapteren er fremstillet af metal med et s\u00f8lvfarvet kabinet for \u00f8get holdbarhed. Kontakterne har kobberbel\u00e6gning, som sikrer p\u00e5lidelig elektrisk ledningsevne samt modstandsdygtighed mod korrosion \u2013 ideelt til langvarig brug i bilen.Pakket i bulk med 10 stk. \u2013 perfekt til flere installationer eller udskiftningMed sin solide opbygning og kobberbelagte kontakter er denne bilantenne-adapter fra Nedis et oplagt valg, hvis du \u00f8nsker en nem og vedvarende l\u00f8sning til tilslutning af din bilantenne til koaksialsystemet. hos Butik24 og opgrader dit biludstyr med kvalitetsl\u00f8sninger.<\/p>\n<p>Sammenlign priser p\u00e5 Nedis &#8211; Bilantennekonnektor | Lige | Han | Kobber | 50 Ohm | Sl\u00e5 til | Metal | S\u00f8lv | 10 stk. | Konvolut &#8211; CACO004ME og k\u00f8b online til den billigste pris, samt p\u00e5 tilbud!\u00a0\u00a0Tjek den bedste pris, produkt beskrivelse, video, test, anmeldelser osv.<\/p>\n<p><strong>Brand: <\/strong>Nedis<br \/>\n<strong>EAN: <\/strong>5412810299874<br \/>\n<strong>Producentens varenr.:<\/strong> 5412810299874<\/p>\n<p><strong>P.S.<\/strong><br \/>\nTilmeld dig til &#8220;Opret Gratis Prisfald Alarm&#8221;, og bliv underrettet med det samme om prisfald p\u00e5 Nedis &#8211; Bilantennekonnektor | Lige | Han | Kobber | 50 Ohm | Sl\u00e5 til | Metal | S\u00f8lv | 10 stk. | Konvolut &#8211; CACO004ME, og f\u00e5 den billigste pris!<\/p>\n<p>&nbsp;<\/p>\n<p>&nbsp;<\/p>\n","protected":false},"excerpt":{"rendered":"<p>K\u00f8b billig Nedis &#8211; Bilantennekonnektor | Lige | Han | Kobber | 50 Ohm | Sl\u00e5 til | Metal | S\u00f8lv | 10 stk. | Konvolut &#8211; CACO004ME! Denne adapter fra Nedis forbinder nemt bilantennens hanstik til et koaksialstik p\u00e5 10,5 mm og sikrer optimal signaloverf\u00f8rsel i bilens antennesystem. Den lige konstruktion g\u00f8r installationen enkel [&hellip;]<\/p>\n","protected":false},"featured_media":999980000004476140,"template":"","meta":[],"store":[1272516],"product_brand":[1272517],"product_cat":[1272507],"product_tag":[1275178,1272947],"class_list":{"0":"post-447614","1":"product","2":"type-product","3":"status-publish","4":"has-post-thumbnail","6":"store-butik24","7":"product_brand-nedis","8":"product_cat-reservedele","9":"product_tag-nedis","10":"product_tag-reservedele","11":"pa_maerke-nedis","13":"first","14":"instock","15":"product-type-external"},"_links":{"self":[{"href":"https:\/\/www.pricetornado.com\/da\/wp-json\/wp\/v2\/product\/447614","targetHints":{"allow":["GET"]}}],"collection":[{"href":"https:\/\/www.pricetornado.com\/da\/wp-json\/wp\/v2\/product"}],"about":[{"href":"https:\/\/www.pricetornado.com\/da\/wp-json\/wp\/v2\/types\/product"}],"wp:featuredmedia":[{"embeddable":true,"href":"https:\/\/www.pricetornado.com\/da\/wp-json\/"}],"wp:attachment":[{"href":"https:\/\/www.pricetornado.com\/da\/wp-json\/wp\/v2\/media?parent=447614"}],"wp:term":[{"taxonomy":"store","embeddable":true,"href":"https:\/\/www.pricetornado.com\/da\/wp-json\/wp\/v2\/store?post=447614"},{"taxonomy":"product_brand","embeddable":true,"href":"https:\/\/www.pricetornado.com\/da\/wp-json\/wp\/v2\/product_brand?post=447614"},{"taxonomy":"product_cat","embeddable":true,"href":"https:\/\/www.pricetornado.com\/da\/wp-json\/wp\/v2\/product_cat?post=447614"},{"taxonomy":"product_tag","embeddable":true,"href":"https:\/\/www.pricetornado.com\/da\/wp-json\/wp\/v2\/product_tag?post=447614"}],"curies":[{"name":"wp","href":"https:\/\/api.w.org\/{rel}","templated":true}]}}