{"id":447613,"date":"2025-02-27T14:14:43","date_gmt":"2025-02-27T13:14:43","guid":{"rendered":"https:\/\/www.pricetornado.com\/da\/produkt\/nedis-kawp100bk-vaffelplade-19-cm-1000-w-sort\/"},"modified":"2026-04-17T06:09:55","modified_gmt":"2026-04-17T04:09:55","slug":"nedis-kawp100bk-vaffelplade-19-cm-1000-w-sort","status":"publish","type":"product","link":"https:\/\/www.pricetornado.com\/da\/produkt\/nedis-kawp100bk-vaffelplade-19-cm-1000-w-sort\/","title":{"rendered":"Nedis KAWP100BK Vaffelplade 19 cm 1000 W &#8211; Sort"},"content":{"rendered":"<p>K\u00f8b billig Nedis KAWP100BK Vaffelplade 19 cm 1000 W &#8211; Sort!<br \/>\nSkab l\u00e6kre, hjerteformede vafler, som b\u00e5de b\u00f8rn og voksne elsker, med dette brugervenlige vaffeljern fra Nedis. Med en pladediameter p\u00e5 19 cm laver du perfekte vafler til enhver lejlighed, og det flotte hjerteformede m\u00f8nster giver et ekstra pift ved servering.Pladerne er fremstillet i st\u00f8bt aluminium og har en holdbar slip-let-bel\u00e6gning, der forhindrer vaflerne i at h\u00e6nge fast. Dette sikrer nem madlavning og minimal reng\u00f8ring \u2013 s\u00e5 du f\u00e5r mere tid til nydelse og mindre besv\u00e6r bagefter.Disse funktioner g\u00f8r vaffeljernet let og sikkert at betjene, selv for yngre brugere.Vaffeljernet er udstyret med tydelige indikatorlys, der viser, n\u00e5r str\u00f8mmen er t\u00e6ndt, og n\u00e5r vaflerne er klar til servering. Den justerbare temperaturregulering g\u00f8r det nemt at opn\u00e5 pr\u00e6cis den spr\u00f8dhed, du \u00f8nsker.Med dette hjerteformede vaffeljern fra Nedis f\u00e5r du b\u00e5de p\u00e5lidelig ydeevne, solid sikkerhed og nem reng\u00f8ring i \u00e9t produkt \u2013 perfekt til b\u00e5de hverdag og fest.<\/p>\n<p>Sammenlign priser p\u00e5 Nedis KAWP100BK Vaffelplade 19 cm 1000 W &#8211; Sort og k\u00f8b online til den billigste pris, samt p\u00e5 tilbud!\u00a0\u00a0Tjek den bedste pris, produkt beskrivelse, video, test, anmeldelser osv.<\/p>\n<p><strong>Brand: <\/strong>Nedis<br \/>\n<strong>EAN: <\/strong>5412810319114<br \/>\n<strong>Producentens varenr.:<\/strong> 5412810319114<\/p>\n<p><strong>P.S.<\/strong><br \/>\nTilmeld dig til &#8220;Opret Gratis Prisfald Alarm&#8221;, og bliv underrettet med det samme om prisfald p\u00e5 Nedis KAWP100BK Vaffelplade 19 cm 1000 W &#8211; Sort, og f\u00e5 den billigste pris!<\/p>\n<p>&nbsp;<\/p>\n<p>&nbsp;<\/p>\n","protected":false},"excerpt":{"rendered":"<p>K\u00f8b billig Nedis KAWP100BK Vaffelplade 19 cm 1000 W &#8211; Sort! Skab l\u00e6kre, hjerteformede vafler, som b\u00e5de b\u00f8rn og voksne elsker, med dette brugervenlige vaffeljern fra Nedis. Med en pladediameter p\u00e5 19 cm laver du perfekte vafler til enhver lejlighed, og det flotte hjerteformede m\u00f8nster giver et ekstra pift ved servering.Pladerne er fremstillet i st\u00f8bt [&hellip;]<\/p>\n","protected":false},"featured_media":999980000004476130,"template":"","meta":[],"store":[1272516],"product_brand":[1272517],"product_cat":[831418],"product_tag":[1272683,1275178],"class_list":{"0":"post-447613","1":"product","2":"type-product","3":"status-publish","4":"has-post-thumbnail","6":"store-butik24","7":"product_brand-nedis","8":"product_cat-koekkenudstyr","9":"product_tag-koekkenudstyr","10":"product_tag-nedis","11":"pa_maerke-nedis","13":"first","14":"instock","15":"product-type-external"},"_links":{"self":[{"href":"https:\/\/www.pricetornado.com\/da\/wp-json\/wp\/v2\/product\/447613","targetHints":{"allow":["GET"]}}],"collection":[{"href":"https:\/\/www.pricetornado.com\/da\/wp-json\/wp\/v2\/product"}],"about":[{"href":"https:\/\/www.pricetornado.com\/da\/wp-json\/wp\/v2\/types\/product"}],"wp:featuredmedia":[{"embeddable":true,"href":"https:\/\/www.pricetornado.com\/da\/wp-json\/"}],"wp:attachment":[{"href":"https:\/\/www.pricetornado.com\/da\/wp-json\/wp\/v2\/media?parent=447613"}],"wp:term":[{"taxonomy":"store","embeddable":true,"href":"https:\/\/www.pricetornado.com\/da\/wp-json\/wp\/v2\/store?post=447613"},{"taxonomy":"product_brand","embeddable":true,"href":"https:\/\/www.pricetornado.com\/da\/wp-json\/wp\/v2\/product_brand?post=447613"},{"taxonomy":"product_cat","embeddable":true,"href":"https:\/\/www.pricetornado.com\/da\/wp-json\/wp\/v2\/product_cat?post=447613"},{"taxonomy":"product_tag","embeddable":true,"href":"https:\/\/www.pricetornado.com\/da\/wp-json\/wp\/v2\/product_tag?post=447613"}],"curies":[{"name":"wp","href":"https:\/\/api.w.org\/{rel}","templated":true}]}}